{"id":12366,"date":"2026-04-03T09:54:40","date_gmt":"2026-04-03T09:54:40","guid":{"rendered":"https:\/\/engitech.az\/?post_type=product&#038;p=12366"},"modified":"2026-04-03T09:54:40","modified_gmt":"2026-04-03T09:54:40","slug":"ds-3e2552-h","status":"publish","type":"product","link":"https:\/\/engitech.az\/en\/product\/ds-3e2552-h\/","title":{"rendered":"DS-3E2552-H"},"content":{"rendered":"<p><strong data-start=\"0\" data-end=\"13\" data-is-only-node=\"\">\u2022 M\u0259hsul:<\/strong> Hikvision DS\u20113E2552\u2011H<br data-start=\"35\" data-end=\"38\" \/><strong data-start=\"38\" data-end=\"55\">\u2022 Kateqoriya:<\/strong> Managed Gigabit switch<br data-start=\"78\" data-end=\"81\" \/><strong data-start=\"81\" data-end=\"95\">\u2022 Portlar:<\/strong> 48\u00d7 Gigabit RJ45<br data-start=\"112\" data-end=\"115\" \/><strong data-start=\"115\" data-end=\"133\">\u2022 Funksiyalar:<\/strong> VLAN, QoS, STP\/RSTP, SNMP<br data-start=\"159\" data-end=\"162\" \/><strong data-start=\"162\" data-end=\"182\">\u2022 T\u0259hl\u00fck\u0259sizlik:<\/strong> 6\u202fkV surge protection<br data-start=\"204\" data-end=\"207\" \/><strong data-start=\"207\" data-end=\"221\">\u2022 Qurulu\u015f:<\/strong> Metal korpus, rack montaj<br data-start=\"247\" data-end=\"250\" \/><strong data-start=\"250\" data-end=\"265\">\u2022 \u0130stifad\u0259:<\/strong> Orta v\u0259 b\u00f6y\u00fck \u015f\u0259b\u0259k\u0259l\u0259r \u00fc\u00e7\u00fcn stabil v\u0259 s\u00fcr\u0259tli switch<\/p>","protected":false},"excerpt":{"rendered":"<p>\u2022 M\u0259hsul: Hikvision DS\u20113E2552\u2011H\u2022 Kateqoriya: Managed Gigabit switch\u2022 Portlar: 48\u00d7  [&#8230;]<\/p>","protected":false},"featured_media":12367,"comment_status":"open","ping_status":"closed","template":"","meta":[],"product_brand":[],"product_cat":[167],"product_tag":[],"class_list":{"0":"post-12366","1":"product","2":"type-product","3":"status-publish","4":"has-post-thumbnail","6":"product_cat-hikvision","7":"pa_mehsul-tipi-networking","9":"first","10":"instock","11":"sold-individually","12":"shipping-taxable","13":"purchasable","14":"product-type-simple"},"_links":{"self":[{"href":"https:\/\/engitech.az\/en\/wp-json\/wp\/v2\/product\/12366","targetHints":{"allow":["GET"]}}],"collection":[{"href":"https:\/\/engitech.az\/en\/wp-json\/wp\/v2\/product"}],"about":[{"href":"https:\/\/engitech.az\/en\/wp-json\/wp\/v2\/types\/product"}],"replies":[{"embeddable":true,"href":"https:\/\/engitech.az\/en\/wp-json\/wp\/v2\/comments?post=12366"}],"wp:featuredmedia":[{"embeddable":true,"href":"https:\/\/engitech.az\/en\/wp-json\/wp\/v2\/media\/12367"}],"wp:attachment":[{"href":"https:\/\/engitech.az\/en\/wp-json\/wp\/v2\/media?parent=12366"}],"wp:term":[{"taxonomy":"product_brand","embeddable":true,"href":"https:\/\/engitech.az\/en\/wp-json\/wp\/v2\/product_brand?post=12366"},{"taxonomy":"product_cat","embeddable":true,"href":"https:\/\/engitech.az\/en\/wp-json\/wp\/v2\/product_cat?post=12366"},{"taxonomy":"product_tag","embeddable":true,"href":"https:\/\/engitech.az\/en\/wp-json\/wp\/v2\/product_tag?post=12366"}],"curies":[{"name":"wp","href":"https:\/\/api.w.org\/{rel}","templated":true}]}}