{"id":12406,"date":"2026-04-10T06:21:04","date_gmt":"2026-04-10T06:21:04","guid":{"rendered":"https:\/\/engitech.az\/?post_type=product&#038;p=12406"},"modified":"2026-04-10T06:22:49","modified_gmt":"2026-04-10T06:22:49","slug":"acrobat-pro","status":"publish","type":"product","link":"https:\/\/engitech.az\/en\/product\/acrobat-pro\/","title":{"rendered":"Acrobat Pro"},"content":{"rendered":"<p data-start=\"0\" data-end=\"92\"><strong data-start=\"0\" data-end=\"13\" data-is-only-node=\"\">\u2022 M\u0259hsul:<\/strong> Adobe Acrobat Pro<br data-start=\"31\" data-end=\"34\" \/><strong data-start=\"34\" data-end=\"51\">\u2022 Kateqoriya:<\/strong> PDF proqram\u0131<br data-start=\"64\" data-end=\"67\" \/><strong data-start=\"67\" data-end=\"77\">\u2022 Tip:<\/strong> Abun\u0259 \u0259sasl\u0131<br data-start=\"90\" data-end=\"93\" \/><strong data-start=\"93\" data-end=\"111\">\u2022 Funksiyalar:<\/strong> PDF yaratma, redakt\u0259, konvertasiya, e-imza<br data-start=\"154\" data-end=\"157\" \/><strong data-start=\"157\" data-end=\"177\">\u2022 T\u0259hl\u00fck\u0259sizlik:<\/strong> Parol v\u0259 s\u0259n\u0259d qoruma<br data-start=\"199\" data-end=\"202\" \/><strong data-start=\"202\" data-end=\"218\">\u2022 Platforma:<\/strong> Windows, macOS, mobil<br data-start=\"240\" data-end=\"243\" \/><strong data-start=\"243\" data-end=\"258\">\u2022 \u0130stifad\u0259:<\/strong> Ofis v\u0259 s\u0259n\u0259d idar\u0259etm\u0259si \u00fc\u00e7\u00fcn ideal<\/p>","protected":false},"excerpt":{"rendered":"<p>\u2022 M\u0259hsul: Adobe Acrobat Pro\u2022 Kateqoriya: PDF proqram\u0131\u2022 Tip: Abun\u0259  [&#8230;]<\/p>","protected":false},"featured_media":12407,"comment_status":"open","ping_status":"closed","template":"","meta":[],"product_brand":[],"product_cat":[183],"product_tag":[],"class_list":{"0":"post-12406","1":"product","2":"type-product","3":"status-publish","4":"has-post-thumbnail","6":"product_cat-adobe","7":"pa_mehsul-tipi-creativity-and-design","9":"first","10":"instock","11":"sold-individually","12":"shipping-taxable","13":"purchasable","14":"product-type-simple"},"_links":{"self":[{"href":"https:\/\/engitech.az\/en\/wp-json\/wp\/v2\/product\/12406","targetHints":{"allow":["GET"]}}],"collection":[{"href":"https:\/\/engitech.az\/en\/wp-json\/wp\/v2\/product"}],"about":[{"href":"https:\/\/engitech.az\/en\/wp-json\/wp\/v2\/types\/product"}],"replies":[{"embeddable":true,"href":"https:\/\/engitech.az\/en\/wp-json\/wp\/v2\/comments?post=12406"}],"wp:featuredmedia":[{"embeddable":true,"href":"https:\/\/engitech.az\/en\/wp-json\/wp\/v2\/media\/12407"}],"wp:attachment":[{"href":"https:\/\/engitech.az\/en\/wp-json\/wp\/v2\/media?parent=12406"}],"wp:term":[{"taxonomy":"product_brand","embeddable":true,"href":"https:\/\/engitech.az\/en\/wp-json\/wp\/v2\/product_brand?post=12406"},{"taxonomy":"product_cat","embeddable":true,"href":"https:\/\/engitech.az\/en\/wp-json\/wp\/v2\/product_cat?post=12406"},{"taxonomy":"product_tag","embeddable":true,"href":"https:\/\/engitech.az\/en\/wp-json\/wp\/v2\/product_tag?post=12406"}],"curies":[{"name":"wp","href":"https:\/\/api.w.org\/{rel}","templated":true}]}}