{"id":12409,"date":"2026-04-10T06:26:42","date_gmt":"2026-04-10T06:26:42","guid":{"rendered":"https:\/\/engitech.az\/?post_type=product&#038;p=12409"},"modified":"2026-04-10T06:26:42","modified_gmt":"2026-04-10T06:26:42","slug":"photoshop","status":"publish","type":"product","link":"https:\/\/engitech.az\/en\/product\/photoshop\/","title":{"rendered":"Photoshop"},"content":{"rendered":"<p><strong data-start=\"0\" data-end=\"13\" data-is-only-node=\"\">\u2022 M\u0259hsul:<\/strong> Adobe Photoshop<br data-start=\"29\" data-end=\"32\" \/><strong data-start=\"32\" data-end=\"49\">\u2022 Kateqoriya:<\/strong> Foto v\u0259 dizayn proqram\u0131<br data-start=\"73\" data-end=\"76\" \/><strong data-start=\"76\" data-end=\"86\">\u2022 Tip:<\/strong> Abun\u0259 \u0259sasl\u0131<br data-start=\"99\" data-end=\"102\" \/><strong data-start=\"102\" data-end=\"120\">\u2022 Funksiyalar:<\/strong> Foto redakt\u0259, retu\u015f, dizayn<br data-start=\"148\" data-end=\"151\" \/><strong data-start=\"151\" data-end=\"160\">\u2022 AI:<\/strong> Generative Fill<br data-start=\"176\" data-end=\"179\" \/><strong data-start=\"179\" data-end=\"195\">\u2022 Platforma:<\/strong> Windows, macOS, mobil<br data-start=\"217\" data-end=\"220\" \/><strong data-start=\"220\" data-end=\"235\">\u2022 \u0130stifad\u0259:<\/strong> Dizayn v\u0259 foto i\u015fl\u0259ri \u00fc\u00e7\u00fcn ideal<\/p>","protected":false},"excerpt":{"rendered":"<p>\u2022 M\u0259hsul: Adobe Photoshop\u2022 Kateqoriya: Foto v\u0259 dizayn proqram\u0131\u2022 Tip:  [&#8230;]<\/p>","protected":false},"featured_media":12410,"comment_status":"open","ping_status":"closed","template":"","meta":[],"product_brand":[],"product_cat":[183],"product_tag":[],"class_list":{"0":"post-12409","1":"product","2":"type-product","3":"status-publish","4":"has-post-thumbnail","6":"product_cat-adobe","7":"pa_mehsul-tipi-creativity-and-design","9":"first","10":"instock","11":"sold-individually","12":"shipping-taxable","13":"purchasable","14":"product-type-simple"},"_links":{"self":[{"href":"https:\/\/engitech.az\/en\/wp-json\/wp\/v2\/product\/12409","targetHints":{"allow":["GET"]}}],"collection":[{"href":"https:\/\/engitech.az\/en\/wp-json\/wp\/v2\/product"}],"about":[{"href":"https:\/\/engitech.az\/en\/wp-json\/wp\/v2\/types\/product"}],"replies":[{"embeddable":true,"href":"https:\/\/engitech.az\/en\/wp-json\/wp\/v2\/comments?post=12409"}],"wp:featuredmedia":[{"embeddable":true,"href":"https:\/\/engitech.az\/en\/wp-json\/wp\/v2\/media\/12410"}],"wp:attachment":[{"href":"https:\/\/engitech.az\/en\/wp-json\/wp\/v2\/media?parent=12409"}],"wp:term":[{"taxonomy":"product_brand","embeddable":true,"href":"https:\/\/engitech.az\/en\/wp-json\/wp\/v2\/product_brand?post=12409"},{"taxonomy":"product_cat","embeddable":true,"href":"https:\/\/engitech.az\/en\/wp-json\/wp\/v2\/product_cat?post=12409"},{"taxonomy":"product_tag","embeddable":true,"href":"https:\/\/engitech.az\/en\/wp-json\/wp\/v2\/product_tag?post=12409"}],"curies":[{"name":"wp","href":"https:\/\/api.w.org\/{rel}","templated":true}]}}