{"id":12411,"date":"2026-04-10T06:29:01","date_gmt":"2026-04-10T06:29:01","guid":{"rendered":"https:\/\/engitech.az\/?post_type=product&#038;p=12411"},"modified":"2026-04-10T06:29:02","modified_gmt":"2026-04-10T06:29:02","slug":"premiere","status":"publish","type":"product","link":"https:\/\/engitech.az\/en\/product\/premiere\/","title":{"rendered":"Premiere"},"content":{"rendered":"<section class=\"text-token-text-primary w-full focus:outline-none [--shadow-height:45px] has-data-writing-block:pointer-events-none has-data-writing-block:-mt-(--shadow-height) has-data-writing-block:pt-(--shadow-height) [&amp;:has([data-writing-block])&gt;*]:pointer-events-auto scroll-mt-(--header-height)\" dir=\"auto\" data-turn-id=\"566c9523-36a5-41da-8fa8-dc7fff201e12\" data-testid=\"conversation-turn-81\" data-scroll-anchor=\"false\" data-turn=\"user\"><\/section>\n<section class=\"text-token-text-primary w-full focus:outline-none [--shadow-height:45px] has-data-writing-block:pointer-events-none has-data-writing-block:-mt-(--shadow-height) has-data-writing-block:pt-(--shadow-height) [&amp;:has([data-writing-block])&gt;*]:pointer-events-auto scroll-mt-[calc(var(--header-height)+min(200px,max(70px,20svh)))]\" dir=\"auto\" data-turn-id=\"request-WEB:a4ab4bfb-4761-4741-8f8a-e50a6cacb0e0-40\" data-testid=\"conversation-turn-82\" data-scroll-anchor=\"true\" data-turn=\"assistant\">\n<div class=\"text-base my-auto mx-auto pb-10 [--thread-content-margin:var(--thread-content-margin-xs,calc(var(--spacing)*4))] @w-sm\/main:[--thread-content-margin:var(--thread-content-margin-sm,calc(var(--spacing)*6))] @w-lg\/main:[--thread-content-margin:var(--thread-content-margin-lg,calc(var(--spacing)*16))] px-(--thread-content-margin)\">\n<div class=\"[--thread-content-max-width:40rem] @w-lg\/main:[--thread-content-max-width:48rem] mx-auto max-w-(--thread-content-max-width) flex-1 group\/turn-messages focus-visible:outline-hidden relative flex w-full min-w-0 flex-col agent-turn\">\n<div class=\"flex max-w-full flex-col gap-4 grow\">\n<div class=\"min-h-8 text-message relative flex w-full flex-col items-end gap-2 text-start break-words whitespace-normal outline-none keyboard-focused:focus-ring [.text-message+&amp;]:mt-1\" dir=\"auto\" tabindex=\"0\" data-message-author-role=\"assistant\" data-message-id=\"6ffb4421-6500-4771-974c-384397d39dc0\" data-message-model-slug=\"gpt-5-3\" data-turn-start-message=\"true\">\n<div class=\"flex w-full flex-col gap-1 empty:hidden\">\n<div class=\"markdown prose dark:prose-invert w-full wrap-break-word dark markdown-new-styling\">\n<p data-start=\"0\" data-end=\"294\" data-is-last-node=\"\" data-is-only-node=\"\"><strong data-start=\"0\" data-end=\"13\" data-is-only-node=\"\">\u2022 M\u0259hsul:<\/strong> Adobe Premiere Pro<br data-start=\"32\" data-end=\"35\" \/><strong data-start=\"35\" data-end=\"52\">\u2022 Kateqoriya:<\/strong> Video montaj proqram\u0131<br data-start=\"74\" data-end=\"77\" \/><strong data-start=\"77\" data-end=\"87\">\u2022 Tip:<\/strong> Abun\u0259 \u0259sasl\u0131<br data-start=\"100\" data-end=\"103\" \/><strong data-start=\"103\" data-end=\"121\">\u2022 Funksiyalar:<\/strong> Video montaj, effektl\u0259r, r\u0259ng t\u0259nziml\u0259m\u0259<br data-start=\"162\" data-end=\"165\" \/><strong data-start=\"165\" data-end=\"174\">\u2022 AI:<\/strong> Avtomatik montaj v\u0259 AI al\u0259tl\u0259ri<br data-start=\"206\" data-end=\"209\" \/><strong data-start=\"209\" data-end=\"225\">\u2022 Platforma:<\/strong> Windows, macOS<br data-start=\"240\" data-end=\"243\" \/><strong data-start=\"243\" data-end=\"258\">\u2022 \u0130stifad\u0259:<\/strong> Video v\u0259 film montaj\u0131 \u00fc\u00e7\u00fcn ideal<\/p>\n<\/div>\n<\/div>\n<\/div>\n<\/div>\n<\/div>\n<\/div>\n<\/section>","protected":false},"excerpt":{"rendered":"<p>\u2022 M\u0259hsul: Adobe Premiere Pro\u2022 Kateqoriya: Video montaj proqram\u0131\u2022 Tip:  [&#8230;]<\/p>","protected":false},"featured_media":12412,"comment_status":"open","ping_status":"closed","template":"","meta":[],"product_brand":[],"product_cat":[183],"product_tag":[],"class_list":{"0":"post-12411","1":"product","2":"type-product","3":"status-publish","4":"has-post-thumbnail","6":"product_cat-adobe","7":"pa_mehsul-tipi-creativity-and-design","9":"first","10":"instock","11":"sold-individually","12":"shipping-taxable","13":"purchasable","14":"product-type-simple"},"_links":{"self":[{"href":"https:\/\/engitech.az\/en\/wp-json\/wp\/v2\/product\/12411","targetHints":{"allow":["GET"]}}],"collection":[{"href":"https:\/\/engitech.az\/en\/wp-json\/wp\/v2\/product"}],"about":[{"href":"https:\/\/engitech.az\/en\/wp-json\/wp\/v2\/types\/product"}],"replies":[{"embeddable":true,"href":"https:\/\/engitech.az\/en\/wp-json\/wp\/v2\/comments?post=12411"}],"wp:featuredmedia":[{"embeddable":true,"href":"https:\/\/engitech.az\/en\/wp-json\/wp\/v2\/media\/12412"}],"wp:attachment":[{"href":"https:\/\/engitech.az\/en\/wp-json\/wp\/v2\/media?parent=12411"}],"wp:term":[{"taxonomy":"product_brand","embeddable":true,"href":"https:\/\/engitech.az\/en\/wp-json\/wp\/v2\/product_brand?post=12411"},{"taxonomy":"product_cat","embeddable":true,"href":"https:\/\/engitech.az\/en\/wp-json\/wp\/v2\/product_cat?post=12411"},{"taxonomy":"product_tag","embeddable":true,"href":"https:\/\/engitech.az\/en\/wp-json\/wp\/v2\/product_tag?post=12411"}],"curies":[{"name":"wp","href":"https:\/\/api.w.org\/{rel}","templated":true}]}}