{"id":12413,"date":"2026-04-10T06:30:27","date_gmt":"2026-04-10T06:30:27","guid":{"rendered":"https:\/\/engitech.az\/?post_type=product&#038;p=12413"},"modified":"2026-04-10T06:30:27","modified_gmt":"2026-04-10T06:30:27","slug":"illustrator","status":"publish","type":"product","link":"https:\/\/engitech.az\/en\/product\/illustrator\/","title":{"rendered":"Illustrator"},"content":{"rendered":"<p><strong data-start=\"0\" data-end=\"13\" data-is-only-node=\"\">\u2022 M\u0259hsul:<\/strong> Adobe Illustrator<br data-start=\"31\" data-end=\"34\" \/><strong data-start=\"34\" data-end=\"51\">\u2022 Kateqoriya:<\/strong> Vektor dizayn proqram\u0131<br data-start=\"74\" data-end=\"77\" \/><strong data-start=\"77\" data-end=\"87\">\u2022 Tip:<\/strong> Abun\u0259 \u0259sasl\u0131<br data-start=\"100\" data-end=\"103\" \/><strong data-start=\"103\" data-end=\"121\">\u2022 Funksiyalar:<\/strong> Logo, ikon v\u0259 qrafik dizayn<br data-start=\"149\" data-end=\"152\" \/><strong data-start=\"152\" data-end=\"168\">\u2022 Formatlar:<\/strong> AI, SVG, EPS<br data-start=\"181\" data-end=\"184\" \/><strong data-start=\"184\" data-end=\"200\">\u2022 Platforma:<\/strong> Windows, macOS<br data-start=\"215\" data-end=\"218\" \/><strong data-start=\"218\" data-end=\"233\">\u2022 \u0130stifad\u0259:<\/strong> Pe\u015f\u0259kar dizayn i\u015fl\u0259ri \u00fc\u00e7\u00fcn ideal<\/p>","protected":false},"excerpt":{"rendered":"<p>\u2022 M\u0259hsul: Adobe Illustrator\u2022 Kateqoriya: Vektor dizayn proqram\u0131\u2022 Tip: Abun\u0259  [&#8230;]<\/p>","protected":false},"featured_media":12414,"comment_status":"open","ping_status":"closed","template":"","meta":[],"product_brand":[],"product_cat":[183],"product_tag":[],"class_list":{"0":"post-12413","1":"product","2":"type-product","3":"status-publish","4":"has-post-thumbnail","6":"product_cat-adobe","7":"pa_mehsul-tipi-creativity-and-design","9":"first","10":"instock","11":"sold-individually","12":"shipping-taxable","13":"purchasable","14":"product-type-simple"},"_links":{"self":[{"href":"https:\/\/engitech.az\/en\/wp-json\/wp\/v2\/product\/12413","targetHints":{"allow":["GET"]}}],"collection":[{"href":"https:\/\/engitech.az\/en\/wp-json\/wp\/v2\/product"}],"about":[{"href":"https:\/\/engitech.az\/en\/wp-json\/wp\/v2\/types\/product"}],"replies":[{"embeddable":true,"href":"https:\/\/engitech.az\/en\/wp-json\/wp\/v2\/comments?post=12413"}],"wp:featuredmedia":[{"embeddable":true,"href":"https:\/\/engitech.az\/en\/wp-json\/wp\/v2\/media\/12414"}],"wp:attachment":[{"href":"https:\/\/engitech.az\/en\/wp-json\/wp\/v2\/media?parent=12413"}],"wp:term":[{"taxonomy":"product_brand","embeddable":true,"href":"https:\/\/engitech.az\/en\/wp-json\/wp\/v2\/product_brand?post=12413"},{"taxonomy":"product_cat","embeddable":true,"href":"https:\/\/engitech.az\/en\/wp-json\/wp\/v2\/product_cat?post=12413"},{"taxonomy":"product_tag","embeddable":true,"href":"https:\/\/engitech.az\/en\/wp-json\/wp\/v2\/product_tag?post=12413"}],"curies":[{"name":"wp","href":"https:\/\/api.w.org\/{rel}","templated":true}]}}