{"id":12415,"date":"2026-04-10T07:09:46","date_gmt":"2026-04-10T07:09:46","guid":{"rendered":"https:\/\/engitech.az\/?post_type=product&#038;p=12415"},"modified":"2026-04-10T07:09:46","modified_gmt":"2026-04-10T07:09:46","slug":"adobe-stock","status":"publish","type":"product","link":"https:\/\/engitech.az\/en\/product\/adobe-stock\/","title":{"rendered":"Adobe Stock"},"content":{"rendered":"<p><strong data-start=\"0\" data-end=\"13\" data-is-only-node=\"\">\u2022 M\u0259hsul:<\/strong> Adobe Stock<br data-start=\"25\" data-end=\"28\" \/><strong data-start=\"28\" data-end=\"45\">\u2022 Kateqoriya:<\/strong> Stock foto, video v\u0259 qrafik platformas\u0131<br data-start=\"85\" data-end=\"88\" \/><strong data-start=\"88\" data-end=\"98\">\u2022 Tip:<\/strong> Abun\u0259 \u0259sasl\u0131<br data-start=\"111\" data-end=\"114\" \/><strong data-start=\"114\" data-end=\"127\">\u2022 M\u0259zmun:<\/strong> Foto, video, ill\u00fcstrasiya, vektor v\u0259 \u015fablonlar<br data-start=\"174\" data-end=\"177\" \/><strong data-start=\"177\" data-end=\"195\">\u2022 \u0130nteqrasiya:<\/strong> Photoshop, Illustrator, Premiere Pro il\u0259 i\u015fl\u0259yir<br data-start=\"244\" data-end=\"247\" \/><strong data-start=\"247\" data-end=\"263\">\u2022 Lisenziya:<\/strong> Royalty-free (icaz\u0259li istifad\u0259)<br data-start=\"295\" data-end=\"298\" \/><strong data-start=\"298\" data-end=\"314\">\u2022 Platforma:<\/strong> Web v\u0259 Adobe proqramlar\u0131<br data-start=\"339\" data-end=\"342\" \/><strong data-start=\"342\" data-end=\"357\">\u2022 \u0130stifad\u0259:<\/strong> Dizayn, reklam v\u0259 media layih\u0259l\u0259ri \u00fc\u00e7\u00fcn haz\u0131r materiallar<\/p>","protected":false},"excerpt":{"rendered":"<p>\u2022 M\u0259hsul: Adobe Stock\u2022 Kateqoriya: Stock foto, video v\u0259 qrafik  [&#8230;]<\/p>","protected":false},"featured_media":12416,"comment_status":"open","ping_status":"closed","template":"","meta":[],"product_brand":[],"product_cat":[183],"product_tag":[],"class_list":{"0":"post-12415","1":"product","2":"type-product","3":"status-publish","4":"has-post-thumbnail","6":"product_cat-adobe","7":"pa_mehsul-tipi-creativity-and-design","9":"first","10":"instock","11":"sold-individually","12":"shipping-taxable","13":"purchasable","14":"product-type-simple"},"_links":{"self":[{"href":"https:\/\/engitech.az\/en\/wp-json\/wp\/v2\/product\/12415","targetHints":{"allow":["GET"]}}],"collection":[{"href":"https:\/\/engitech.az\/en\/wp-json\/wp\/v2\/product"}],"about":[{"href":"https:\/\/engitech.az\/en\/wp-json\/wp\/v2\/types\/product"}],"replies":[{"embeddable":true,"href":"https:\/\/engitech.az\/en\/wp-json\/wp\/v2\/comments?post=12415"}],"wp:featuredmedia":[{"embeddable":true,"href":"https:\/\/engitech.az\/en\/wp-json\/wp\/v2\/media\/12416"}],"wp:attachment":[{"href":"https:\/\/engitech.az\/en\/wp-json\/wp\/v2\/media?parent=12415"}],"wp:term":[{"taxonomy":"product_brand","embeddable":true,"href":"https:\/\/engitech.az\/en\/wp-json\/wp\/v2\/product_brand?post=12415"},{"taxonomy":"product_cat","embeddable":true,"href":"https:\/\/engitech.az\/en\/wp-json\/wp\/v2\/product_cat?post=12415"},{"taxonomy":"product_tag","embeddable":true,"href":"https:\/\/engitech.az\/en\/wp-json\/wp\/v2\/product_tag?post=12415"}],"curies":[{"name":"wp","href":"https:\/\/api.w.org\/{rel}","templated":true}]}}