{"id":12421,"date":"2026-04-10T07:21:04","date_gmt":"2026-04-10T07:21:04","guid":{"rendered":"https:\/\/engitech.az\/?post_type=product&#038;p=12421"},"modified":"2026-04-10T07:21:04","modified_gmt":"2026-04-10T07:21:04","slug":"after-effects","status":"publish","type":"product","link":"https:\/\/engitech.az\/en\/product\/after-effects\/","title":{"rendered":"After Effects"},"content":{"rendered":"<p><strong data-start=\"0\" data-end=\"13\" data-is-only-node=\"\">\u2022 M\u0259hsul:<\/strong> Adobe After Effects<br data-start=\"33\" data-end=\"36\" \/><strong data-start=\"36\" data-end=\"53\">\u2022 Kateqoriya:<\/strong> Motion graphics v\u0259 VFX proqram\u0131<br data-start=\"85\" data-end=\"88\" \/><strong data-start=\"88\" data-end=\"98\">\u2022 Tip:<\/strong> Abun\u0259 \u0259sasl\u0131<br data-start=\"111\" data-end=\"114\" \/><strong data-start=\"114\" data-end=\"132\">\u2022 Funksiyalar:<\/strong> Animasiya, vizual effektl\u0259r, titr montaj<br data-start=\"173\" data-end=\"176\" \/><strong data-start=\"176\" data-end=\"194\">\u2022 \u0130nteqrasiya:<\/strong> Premiere Pro, Photoshop<br data-start=\"218\" data-end=\"221\" \/><strong data-start=\"221\" data-end=\"237\">\u2022 Platforma:<\/strong> Windows, macOS<br data-start=\"252\" data-end=\"255\" \/><strong data-start=\"255\" data-end=\"270\">\u2022 \u0130stifad\u0259:<\/strong> Film, reklam v\u0259 motion design \u00fc\u00e7\u00fcn ideal<\/p>","protected":false},"excerpt":{"rendered":"<p>\u2022 M\u0259hsul: Adobe After Effects\u2022 Kateqoriya: Motion graphics v\u0259 VFX  [&#8230;]<\/p>","protected":false},"featured_media":12422,"comment_status":"open","ping_status":"closed","template":"","meta":[],"product_brand":[],"product_cat":[183],"product_tag":[],"class_list":{"0":"post-12421","1":"product","2":"type-product","3":"status-publish","4":"has-post-thumbnail","6":"product_cat-adobe","7":"pa_mehsul-tipi-creativity-and-design","9":"first","10":"instock","11":"sold-individually","12":"shipping-taxable","13":"purchasable","14":"product-type-simple"},"_links":{"self":[{"href":"https:\/\/engitech.az\/en\/wp-json\/wp\/v2\/product\/12421","targetHints":{"allow":["GET"]}}],"collection":[{"href":"https:\/\/engitech.az\/en\/wp-json\/wp\/v2\/product"}],"about":[{"href":"https:\/\/engitech.az\/en\/wp-json\/wp\/v2\/types\/product"}],"replies":[{"embeddable":true,"href":"https:\/\/engitech.az\/en\/wp-json\/wp\/v2\/comments?post=12421"}],"wp:featuredmedia":[{"embeddable":true,"href":"https:\/\/engitech.az\/en\/wp-json\/wp\/v2\/media\/12422"}],"wp:attachment":[{"href":"https:\/\/engitech.az\/en\/wp-json\/wp\/v2\/media?parent=12421"}],"wp:term":[{"taxonomy":"product_brand","embeddable":true,"href":"https:\/\/engitech.az\/en\/wp-json\/wp\/v2\/product_brand?post=12421"},{"taxonomy":"product_cat","embeddable":true,"href":"https:\/\/engitech.az\/en\/wp-json\/wp\/v2\/product_cat?post=12421"},{"taxonomy":"product_tag","embeddable":true,"href":"https:\/\/engitech.az\/en\/wp-json\/wp\/v2\/product_tag?post=12421"}],"curies":[{"name":"wp","href":"https:\/\/api.w.org\/{rel}","templated":true}]}}