{"id":12423,"date":"2026-04-10T07:34:57","date_gmt":"2026-04-10T07:34:57","guid":{"rendered":"https:\/\/engitech.az\/?post_type=product&#038;p=12423"},"modified":"2026-04-10T07:34:57","modified_gmt":"2026-04-10T07:34:57","slug":"lightroom","status":"publish","type":"product","link":"https:\/\/engitech.az\/en\/product\/lightroom\/","title":{"rendered":"Lightroom"},"content":{"rendered":"<section class=\"text-token-text-primary w-full focus:outline-none [--shadow-height:45px] has-data-writing-block:pointer-events-none has-data-writing-block:-mt-(--shadow-height) has-data-writing-block:pt-(--shadow-height) [&amp;:has([data-writing-block])&gt;*]:pointer-events-auto scroll-mt-(--header-height)\" dir=\"auto\" data-turn-id=\"7834e0f1-f605-45dd-ac3a-771d2c4a7630\" data-testid=\"conversation-turn-95\" data-scroll-anchor=\"false\" data-turn=\"user\"><\/section>\n<section class=\"text-token-text-primary w-full focus:outline-none [--shadow-height:45px] has-data-writing-block:pointer-events-none has-data-writing-block:-mt-(--shadow-height) has-data-writing-block:pt-(--shadow-height) [&amp;:has([data-writing-block])&gt;*]:pointer-events-auto scroll-mt-[calc(var(--header-height)+min(200px,max(70px,20svh)))]\" dir=\"auto\" data-turn-id=\"request-WEB:a4ab4bfb-4761-4741-8f8a-e50a6cacb0e0-47\" data-testid=\"conversation-turn-96\" data-scroll-anchor=\"true\" data-turn=\"assistant\">\n<div class=\"text-base my-auto mx-auto pb-10 [--thread-content-margin:var(--thread-content-margin-xs,calc(var(--spacing)*4))] @w-sm\/main:[--thread-content-margin:var(--thread-content-margin-sm,calc(var(--spacing)*6))] @w-lg\/main:[--thread-content-margin:var(--thread-content-margin-lg,calc(var(--spacing)*16))] px-(--thread-content-margin)\">\n<div class=\"[--thread-content-max-width:40rem] @w-lg\/main:[--thread-content-max-width:48rem] mx-auto max-w-(--thread-content-max-width) flex-1 group\/turn-messages focus-visible:outline-hidden relative flex w-full min-w-0 flex-col agent-turn\">\n<div class=\"flex max-w-full flex-col gap-4 grow\">\n<div class=\"min-h-8 text-message relative flex w-full flex-col items-end gap-2 text-start break-words whitespace-normal outline-none keyboard-focused:focus-ring [.text-message+&amp;]:mt-1\" dir=\"auto\" tabindex=\"0\" data-message-author-role=\"assistant\" data-message-id=\"94816416-7ba3-4b1e-9e5d-0cd35358cf25\" data-message-model-slug=\"gpt-5-3-mini\" data-turn-start-message=\"true\">\n<div class=\"flex w-full flex-col gap-1 empty:hidden\">\n<div class=\"markdown prose dark:prose-invert w-full wrap-break-word dark markdown-new-styling\">\n<p data-start=\"0\" data-end=\"333\" data-is-last-node=\"\" data-is-only-node=\"\"><strong data-start=\"0\" data-end=\"13\" data-is-only-node=\"\">\u2022 M\u0259hsul:<\/strong> Adobe Lightroom<br data-start=\"29\" data-end=\"32\" \/><strong data-start=\"32\" data-end=\"49\">\u2022 Kateqoriya:<\/strong> Foto redakt\u0259 v\u0259 idar\u0259etm\u0259 proqram\u0131<br data-start=\"84\" data-end=\"87\" \/><strong data-start=\"87\" data-end=\"97\">\u2022 Tip:<\/strong> Abun\u0259 \u0259sasl\u0131<br data-start=\"110\" data-end=\"113\" \/><strong data-start=\"113\" data-end=\"131\">\u2022 Funksiyalar:<\/strong> Foto d\u00fcz\u0259li\u015f, r\u0259ng korreksiyas\u0131, RAW i\u015fl\u0259m\u0259<br data-start=\"175\" data-end=\"178\" \/><strong data-start=\"178\" data-end=\"187\">\u2022 AI:<\/strong> Avtomatik t\u0259nziml\u0259m\u0259 v\u0259 presetl\u0259r<br data-start=\"221\" data-end=\"224\" \/><strong data-start=\"224\" data-end=\"240\">\u2022 Platforma:<\/strong> Windows, macOS, mobil<br data-start=\"262\" data-end=\"265\" \/><strong data-start=\"265\" data-end=\"280\">\u2022 \u0130stifad\u0259:<\/strong> Fotoqrafiya v\u0259 pe\u015f\u0259kar \u015f\u0259kil redakt\u0259si \u00fc\u00e7\u00fcn ideal<\/p>\n<\/div>\n<\/div>\n<\/div>\n<\/div>\n<\/div>\n<\/div>\n<\/section>","protected":false},"excerpt":{"rendered":"<p>\u2022 M\u0259hsul: Adobe Lightroom\u2022 Kateqoriya: Foto redakt\u0259 v\u0259 idar\u0259etm\u0259 proqram\u0131\u2022  [&#8230;]<\/p>","protected":false},"featured_media":12424,"comment_status":"open","ping_status":"closed","template":"","meta":[],"product_brand":[],"product_cat":[183],"product_tag":[],"class_list":{"0":"post-12423","1":"product","2":"type-product","3":"status-publish","4":"has-post-thumbnail","6":"product_cat-adobe","7":"pa_mehsul-tipi-creativity-and-design","9":"first","10":"instock","11":"sold-individually","12":"shipping-taxable","13":"purchasable","14":"product-type-simple"},"_links":{"self":[{"href":"https:\/\/engitech.az\/en\/wp-json\/wp\/v2\/product\/12423","targetHints":{"allow":["GET"]}}],"collection":[{"href":"https:\/\/engitech.az\/en\/wp-json\/wp\/v2\/product"}],"about":[{"href":"https:\/\/engitech.az\/en\/wp-json\/wp\/v2\/types\/product"}],"replies":[{"embeddable":true,"href":"https:\/\/engitech.az\/en\/wp-json\/wp\/v2\/comments?post=12423"}],"wp:featuredmedia":[{"embeddable":true,"href":"https:\/\/engitech.az\/en\/wp-json\/wp\/v2\/media\/12424"}],"wp:attachment":[{"href":"https:\/\/engitech.az\/en\/wp-json\/wp\/v2\/media?parent=12423"}],"wp:term":[{"taxonomy":"product_brand","embeddable":true,"href":"https:\/\/engitech.az\/en\/wp-json\/wp\/v2\/product_brand?post=12423"},{"taxonomy":"product_cat","embeddable":true,"href":"https:\/\/engitech.az\/en\/wp-json\/wp\/v2\/product_cat?post=12423"},{"taxonomy":"product_tag","embeddable":true,"href":"https:\/\/engitech.az\/en\/wp-json\/wp\/v2\/product_tag?post=12423"}],"curies":[{"name":"wp","href":"https:\/\/api.w.org\/{rel}","templated":true}]}}