{"id":12425,"date":"2026-04-10T07:39:16","date_gmt":"2026-04-10T07:39:16","guid":{"rendered":"https:\/\/engitech.az\/?post_type=product&#038;p=12425"},"modified":"2026-04-10T07:39:16","modified_gmt":"2026-04-10T07:39:16","slug":"indesign","status":"publish","type":"product","link":"https:\/\/engitech.az\/en\/product\/indesign\/","title":{"rendered":"InDesign"},"content":{"rendered":"<p><strong data-start=\"0\" data-end=\"13\" data-is-only-node=\"\">\u2022 M\u0259hsul:<\/strong> Adobe InDesign<br data-start=\"28\" data-end=\"31\" \/><strong data-start=\"31\" data-end=\"48\">\u2022 Kateqoriya:<\/strong> \u00c7ap v\u0259 s\u0259hif\u0259 dizayn proqram\u0131<br data-start=\"78\" data-end=\"81\" \/><strong data-start=\"81\" data-end=\"91\">\u2022 Tip:<\/strong> Abun\u0259 \u0259sasl\u0131<br data-start=\"104\" data-end=\"107\" \/><strong data-start=\"107\" data-end=\"125\">\u2022 Funksiyalar:<\/strong> Kitab, jurnal, bro\u015f\u00fcr v\u0259 PDF layout dizayn\u0131<br data-start=\"169\" data-end=\"172\" \/><strong data-start=\"172\" data-end=\"190\">\u2022 \u0130nteqrasiya:<\/strong> Photoshop, Illustrator<br data-start=\"213\" data-end=\"216\" \/><strong data-start=\"216\" data-end=\"232\">\u2022 Platforma:<\/strong> Windows, macOS<br data-start=\"247\" data-end=\"250\" \/><strong data-start=\"250\" data-end=\"265\">\u2022 \u0130stifad\u0259:<\/strong> N\u0259\u015friyyat v\u0259 \u00e7ap dizayn i\u015fl\u0259ri \u00fc\u00e7\u00fcn ideal<\/p>","protected":false},"excerpt":{"rendered":"<p>\u2022 M\u0259hsul: Adobe InDesign\u2022 Kateqoriya: \u00c7ap v\u0259 s\u0259hif\u0259 dizayn proqram\u0131\u2022  [&#8230;]<\/p>","protected":false},"featured_media":12426,"comment_status":"open","ping_status":"closed","template":"","meta":[],"product_brand":[],"product_cat":[183],"product_tag":[],"class_list":{"0":"post-12425","1":"product","2":"type-product","3":"status-publish","4":"has-post-thumbnail","6":"product_cat-adobe","7":"pa_mehsul-tipi-creativity-and-design","9":"first","10":"instock","11":"sold-individually","12":"shipping-taxable","13":"purchasable","14":"product-type-simple"},"_links":{"self":[{"href":"https:\/\/engitech.az\/en\/wp-json\/wp\/v2\/product\/12425","targetHints":{"allow":["GET"]}}],"collection":[{"href":"https:\/\/engitech.az\/en\/wp-json\/wp\/v2\/product"}],"about":[{"href":"https:\/\/engitech.az\/en\/wp-json\/wp\/v2\/types\/product"}],"replies":[{"embeddable":true,"href":"https:\/\/engitech.az\/en\/wp-json\/wp\/v2\/comments?post=12425"}],"wp:featuredmedia":[{"embeddable":true,"href":"https:\/\/engitech.az\/en\/wp-json\/wp\/v2\/media\/12426"}],"wp:attachment":[{"href":"https:\/\/engitech.az\/en\/wp-json\/wp\/v2\/media?parent=12425"}],"wp:term":[{"taxonomy":"product_brand","embeddable":true,"href":"https:\/\/engitech.az\/en\/wp-json\/wp\/v2\/product_brand?post=12425"},{"taxonomy":"product_cat","embeddable":true,"href":"https:\/\/engitech.az\/en\/wp-json\/wp\/v2\/product_cat?post=12425"},{"taxonomy":"product_tag","embeddable":true,"href":"https:\/\/engitech.az\/en\/wp-json\/wp\/v2\/product_tag?post=12425"}],"curies":[{"name":"wp","href":"https:\/\/api.w.org\/{rel}","templated":true}]}}