{"id":12427,"date":"2026-04-10T07:41:16","date_gmt":"2026-04-10T07:41:16","guid":{"rendered":"https:\/\/engitech.az\/?post_type=product&#038;p=12427"},"modified":"2026-04-10T07:41:16","modified_gmt":"2026-04-10T07:41:16","slug":"animate","status":"publish","type":"product","link":"https:\/\/engitech.az\/en\/product\/animate\/","title":{"rendered":"Animate"},"content":{"rendered":"<p><strong data-start=\"0\" data-end=\"13\" data-is-only-node=\"\">\u2022 M\u0259hsul:<\/strong> Adobe Animate<br data-start=\"27\" data-end=\"30\" \/><strong data-start=\"30\" data-end=\"47\">\u2022 Kateqoriya:<\/strong> 2D animasiya proqram\u0131<br data-start=\"69\" data-end=\"72\" \/><strong data-start=\"72\" data-end=\"82\">\u2022 Tip:<\/strong> Abun\u0259 \u0259sasl\u0131<br data-start=\"95\" data-end=\"98\" \/><strong data-start=\"98\" data-end=\"116\">\u2022 Funksiyalar:<\/strong> 2D animasiya, interaktiv kontent, HTML5 animasiya<br data-start=\"166\" data-end=\"169\" \/><strong data-start=\"169\" data-end=\"187\">\u2022 \u0130nteqrasiya:<\/strong> Adobe Creative Cloud proqramlar\u0131 il\u0259 i\u015fl\u0259yir<br data-start=\"232\" data-end=\"235\" \/><strong data-start=\"235\" data-end=\"251\">\u2022 Platforma:<\/strong> Windows, macOS<br data-start=\"266\" data-end=\"269\" \/><strong data-start=\"269\" data-end=\"284\">\u2022 \u0130stifad\u0259:<\/strong> Multfilm, banner v\u0259 interaktiv animasiyalar \u00fc\u00e7\u00fcn ideal<\/p>","protected":false},"excerpt":{"rendered":"<p>\u2022 M\u0259hsul: Adobe Animate\u2022 Kateqoriya: 2D animasiya proqram\u0131\u2022 Tip: Abun\u0259  [&#8230;]<\/p>","protected":false},"featured_media":12428,"comment_status":"open","ping_status":"closed","template":"","meta":[],"product_brand":[],"product_cat":[183],"product_tag":[],"class_list":{"0":"post-12427","1":"product","2":"type-product","3":"status-publish","4":"has-post-thumbnail","6":"product_cat-adobe","7":"pa_mehsul-tipi-creativity-and-design","9":"first","10":"instock","11":"sold-individually","12":"shipping-taxable","13":"purchasable","14":"product-type-simple"},"_links":{"self":[{"href":"https:\/\/engitech.az\/en\/wp-json\/wp\/v2\/product\/12427","targetHints":{"allow":["GET"]}}],"collection":[{"href":"https:\/\/engitech.az\/en\/wp-json\/wp\/v2\/product"}],"about":[{"href":"https:\/\/engitech.az\/en\/wp-json\/wp\/v2\/types\/product"}],"replies":[{"embeddable":true,"href":"https:\/\/engitech.az\/en\/wp-json\/wp\/v2\/comments?post=12427"}],"wp:featuredmedia":[{"embeddable":true,"href":"https:\/\/engitech.az\/en\/wp-json\/wp\/v2\/media\/12428"}],"wp:attachment":[{"href":"https:\/\/engitech.az\/en\/wp-json\/wp\/v2\/media?parent=12427"}],"wp:term":[{"taxonomy":"product_brand","embeddable":true,"href":"https:\/\/engitech.az\/en\/wp-json\/wp\/v2\/product_brand?post=12427"},{"taxonomy":"product_cat","embeddable":true,"href":"https:\/\/engitech.az\/en\/wp-json\/wp\/v2\/product_cat?post=12427"},{"taxonomy":"product_tag","embeddable":true,"href":"https:\/\/engitech.az\/en\/wp-json\/wp\/v2\/product_tag?post=12427"}],"curies":[{"name":"wp","href":"https:\/\/api.w.org\/{rel}","templated":true}]}}