{"id":12429,"date":"2026-04-10T07:50:01","date_gmt":"2026-04-10T07:50:01","guid":{"rendered":"https:\/\/engitech.az\/?post_type=product&#038;p=12429"},"modified":"2026-04-10T07:50:01","modified_gmt":"2026-04-10T07:50:01","slug":"acrobat-studio","status":"publish","type":"product","link":"https:\/\/engitech.az\/en\/product\/acrobat-studio\/","title":{"rendered":"Acrobat Studio"},"content":{"rendered":"<p><strong data-start=\"0\" data-end=\"13\" data-is-only-node=\"\">\u2022 M\u0259hsul:<\/strong> Adobe Acrobat Studio<br data-start=\"34\" data-end=\"37\" \/><strong data-start=\"37\" data-end=\"54\">\u2022 Kateqoriya:<\/strong> PDF v\u0259 s\u0259n\u0259d idar\u0259etm\u0259 platformas\u0131<br data-start=\"89\" data-end=\"92\" \/><strong data-start=\"92\" data-end=\"102\">\u2022 Tip:<\/strong> Abun\u0259 \u0259sasl\u0131<br data-start=\"115\" data-end=\"118\" \/><strong data-start=\"118\" data-end=\"136\">\u2022 Funksiyalar:<\/strong> PDF yaratma, redakt\u0259, konvertasiya, e-imza v\u0259 AI il\u0259 s\u0259n\u0259d analizi<br data-start=\"203\" data-end=\"206\" \/><strong data-start=\"206\" data-end=\"215\">\u2022 AI:<\/strong> S\u0259n\u0259d x\u00fclas\u0259si v\u0259 sual-cavab k\u00f6m\u0259k\u00e7isi<br data-start=\"254\" data-end=\"257\" \/><strong data-start=\"257\" data-end=\"273\">\u2022 Platforma:<\/strong> Windows, macOS, web, mobil<br data-start=\"300\" data-end=\"303\" \/><strong data-start=\"303\" data-end=\"318\">\u2022 \u0130stifad\u0259:<\/strong> PDF s\u0259n\u0259dl\u0259rl\u0259 pe\u015f\u0259kar i\u015f v\u0259 ofis idar\u0259etm\u0259si \u00fc\u00e7\u00fcn ideal<\/p>","protected":false},"excerpt":{"rendered":"<p>\u2022 M\u0259hsul: Adobe Acrobat Studio\u2022 Kateqoriya: PDF v\u0259 s\u0259n\u0259d idar\u0259etm\u0259  [&#8230;]<\/p>","protected":false},"featured_media":12435,"comment_status":"open","ping_status":"closed","template":"","meta":[],"product_brand":[],"product_cat":[183],"product_tag":[],"class_list":{"0":"post-12429","1":"product","2":"type-product","3":"status-publish","4":"has-post-thumbnail","6":"product_cat-adobe","7":"pa_mehsul-tipi-pdf-and-e-signatures","9":"first","10":"instock","11":"sold-individually","12":"shipping-taxable","13":"purchasable","14":"product-type-simple"},"_links":{"self":[{"href":"https:\/\/engitech.az\/en\/wp-json\/wp\/v2\/product\/12429","targetHints":{"allow":["GET"]}}],"collection":[{"href":"https:\/\/engitech.az\/en\/wp-json\/wp\/v2\/product"}],"about":[{"href":"https:\/\/engitech.az\/en\/wp-json\/wp\/v2\/types\/product"}],"replies":[{"embeddable":true,"href":"https:\/\/engitech.az\/en\/wp-json\/wp\/v2\/comments?post=12429"}],"wp:featuredmedia":[{"embeddable":true,"href":"https:\/\/engitech.az\/en\/wp-json\/wp\/v2\/media\/12435"}],"wp:attachment":[{"href":"https:\/\/engitech.az\/en\/wp-json\/wp\/v2\/media?parent=12429"}],"wp:term":[{"taxonomy":"product_brand","embeddable":true,"href":"https:\/\/engitech.az\/en\/wp-json\/wp\/v2\/product_brand?post=12429"},{"taxonomy":"product_cat","embeddable":true,"href":"https:\/\/engitech.az\/en\/wp-json\/wp\/v2\/product_cat?post=12429"},{"taxonomy":"product_tag","embeddable":true,"href":"https:\/\/engitech.az\/en\/wp-json\/wp\/v2\/product_tag?post=12429"}],"curies":[{"name":"wp","href":"https:\/\/api.w.org\/{rel}","templated":true}]}}