{"id":12436,"date":"2026-04-10T07:50:53","date_gmt":"2026-04-10T07:50:53","guid":{"rendered":"https:\/\/engitech.az\/?post_type=product&#038;p=12436"},"modified":"2026-04-10T07:50:53","modified_gmt":"2026-04-10T07:50:53","slug":"acrobat-standard","status":"publish","type":"product","link":"https:\/\/engitech.az\/en\/product\/acrobat-standard\/","title":{"rendered":"Acrobat Standard"},"content":{"rendered":"<p><strong data-start=\"0\" data-end=\"13\" data-is-only-node=\"\">\u2022 M\u0259hsul:<\/strong> Adobe Acrobat Standard<br data-start=\"36\" data-end=\"39\" \/><strong data-start=\"39\" data-end=\"56\">\u2022 Kateqoriya:<\/strong> PDF proqram\u0131<br data-start=\"69\" data-end=\"72\" \/><strong data-start=\"72\" data-end=\"82\">\u2022 Tip:<\/strong> Abun\u0259 \u0259sasl\u0131<br data-start=\"95\" data-end=\"98\" \/><strong data-start=\"98\" data-end=\"116\">\u2022 Funksiyalar:<\/strong> PDF yaratma, redakt\u0259, konvertasiya, e-imza<br data-start=\"159\" data-end=\"162\" \/><strong data-start=\"162\" data-end=\"182\">\u2022 T\u0259hl\u00fck\u0259sizlik:<\/strong> Parol v\u0259 s\u0259n\u0259d qoruma<br data-start=\"204\" data-end=\"207\" \/><strong data-start=\"207\" data-end=\"223\">\u2022 Platforma:<\/strong> Windows<br data-start=\"231\" data-end=\"234\" \/><strong data-start=\"234\" data-end=\"249\">\u2022 \u0130stifad\u0259:<\/strong> Ofis v\u0259 g\u00fcnd\u0259lik PDF i\u015fl\u0259ri \u00fc\u00e7\u00fcn ideal<\/p>","protected":false},"excerpt":{"rendered":"<p>\u2022 M\u0259hsul: Adobe Acrobat Standard\u2022 Kateqoriya: PDF proqram\u0131\u2022 Tip: Abun\u0259  [&#8230;]<\/p>","protected":false},"featured_media":12435,"comment_status":"open","ping_status":"closed","template":"","meta":[],"product_brand":[],"product_cat":[183],"product_tag":[],"class_list":{"0":"post-12436","1":"product","2":"type-product","3":"status-publish","4":"has-post-thumbnail","6":"product_cat-adobe","7":"pa_mehsul-tipi-pdf-and-e-signatures","9":"first","10":"instock","11":"sold-individually","12":"shipping-taxable","13":"purchasable","14":"product-type-simple"},"_links":{"self":[{"href":"https:\/\/engitech.az\/en\/wp-json\/wp\/v2\/product\/12436","targetHints":{"allow":["GET"]}}],"collection":[{"href":"https:\/\/engitech.az\/en\/wp-json\/wp\/v2\/product"}],"about":[{"href":"https:\/\/engitech.az\/en\/wp-json\/wp\/v2\/types\/product"}],"replies":[{"embeddable":true,"href":"https:\/\/engitech.az\/en\/wp-json\/wp\/v2\/comments?post=12436"}],"wp:featuredmedia":[{"embeddable":true,"href":"https:\/\/engitech.az\/en\/wp-json\/wp\/v2\/media\/12435"}],"wp:attachment":[{"href":"https:\/\/engitech.az\/en\/wp-json\/wp\/v2\/media?parent=12436"}],"wp:term":[{"taxonomy":"product_brand","embeddable":true,"href":"https:\/\/engitech.az\/en\/wp-json\/wp\/v2\/product_brand?post=12436"},{"taxonomy":"product_cat","embeddable":true,"href":"https:\/\/engitech.az\/en\/wp-json\/wp\/v2\/product_cat?post=12436"},{"taxonomy":"product_tag","embeddable":true,"href":"https:\/\/engitech.az\/en\/wp-json\/wp\/v2\/product_tag?post=12436"}],"curies":[{"name":"wp","href":"https:\/\/api.w.org\/{rel}","templated":true}]}}