{"id":12437,"date":"2026-04-10T07:51:55","date_gmt":"2026-04-10T07:51:55","guid":{"rendered":"https:\/\/engitech.az\/?post_type=product&#038;p=12437"},"modified":"2026-04-10T07:51:55","modified_gmt":"2026-04-10T07:51:55","slug":"acrobat-reader","status":"publish","type":"product","link":"https:\/\/engitech.az\/en\/product\/acrobat-reader\/","title":{"rendered":"Acrobat Reader"},"content":{"rendered":"<p><strong data-start=\"0\" data-end=\"13\" data-is-only-node=\"\">\u2022 M\u0259hsul:<\/strong> Adobe Acrobat Reader<br data-start=\"34\" data-end=\"37\" \/><strong data-start=\"37\" data-end=\"54\">\u2022 Kateqoriya:<\/strong> PDF oxuyucu proqram\u0131<br data-start=\"75\" data-end=\"78\" \/><strong data-start=\"78\" data-end=\"88\">\u2022 Tip:<\/strong> Pulsuz (free)<br data-start=\"102\" data-end=\"105\" \/><strong data-start=\"105\" data-end=\"123\">\u2022 Funksiyalar:<\/strong> PDF oxuma, \u00e7ap etm\u0259, \u015f\u0259rh yazma<br data-start=\"155\" data-end=\"158\" \/><strong data-start=\"158\" data-end=\"173\">\u2022 \u0130mkanlar:<\/strong> Form doldurma v\u0259 \u0259sas annotation al\u0259tl\u0259ri<br data-start=\"215\" data-end=\"218\" \/><strong data-start=\"218\" data-end=\"234\">\u2022 Platforma:<\/strong> Windows, macOS, mobil<br data-start=\"256\" data-end=\"259\" \/><strong data-start=\"259\" data-end=\"274\">\u2022 \u0130stifad\u0259:<\/strong> PDF s\u0259n\u0259dl\u0259ri a\u00e7maq v\u0259 oxumaq \u00fc\u00e7\u00fcn ideal<\/p>","protected":false},"excerpt":{"rendered":"<p>\u2022 M\u0259hsul: Adobe Acrobat Reader\u2022 Kateqoriya: PDF oxuyucu proqram\u0131\u2022 Tip:  [&#8230;]<\/p>","protected":false},"featured_media":12435,"comment_status":"open","ping_status":"closed","template":"","meta":[],"product_brand":[],"product_cat":[183],"product_tag":[],"class_list":{"0":"post-12437","1":"product","2":"type-product","3":"status-publish","4":"has-post-thumbnail","6":"product_cat-adobe","7":"pa_mehsul-tipi-pdf-and-e-signatures","9":"first","10":"instock","11":"sold-individually","12":"shipping-taxable","13":"purchasable","14":"product-type-simple"},"_links":{"self":[{"href":"https:\/\/engitech.az\/en\/wp-json\/wp\/v2\/product\/12437","targetHints":{"allow":["GET"]}}],"collection":[{"href":"https:\/\/engitech.az\/en\/wp-json\/wp\/v2\/product"}],"about":[{"href":"https:\/\/engitech.az\/en\/wp-json\/wp\/v2\/types\/product"}],"replies":[{"embeddable":true,"href":"https:\/\/engitech.az\/en\/wp-json\/wp\/v2\/comments?post=12437"}],"wp:featuredmedia":[{"embeddable":true,"href":"https:\/\/engitech.az\/en\/wp-json\/wp\/v2\/media\/12435"}],"wp:attachment":[{"href":"https:\/\/engitech.az\/en\/wp-json\/wp\/v2\/media?parent=12437"}],"wp:term":[{"taxonomy":"product_brand","embeddable":true,"href":"https:\/\/engitech.az\/en\/wp-json\/wp\/v2\/product_brand?post=12437"},{"taxonomy":"product_cat","embeddable":true,"href":"https:\/\/engitech.az\/en\/wp-json\/wp\/v2\/product_cat?post=12437"},{"taxonomy":"product_tag","embeddable":true,"href":"https:\/\/engitech.az\/en\/wp-json\/wp\/v2\/product_tag?post=12437"}],"curies":[{"name":"wp","href":"https:\/\/api.w.org\/{rel}","templated":true}]}}