{"id":12438,"date":"2026-04-10T07:52:54","date_gmt":"2026-04-10T07:52:54","guid":{"rendered":"https:\/\/engitech.az\/?post_type=product&#038;p=12438"},"modified":"2026-04-10T07:52:55","modified_gmt":"2026-04-10T07:52:55","slug":"ai-assistant-for-acrobat","status":"publish","type":"product","link":"https:\/\/engitech.az\/en\/product\/ai-assistant-for-acrobat\/","title":{"rendered":"AI Assistant for Acrobat"},"content":{"rendered":"<p><strong data-start=\"0\" data-end=\"13\" data-is-only-node=\"\">\u2022 M\u0259hsul:<\/strong> AI Assistant for Acrobat<br data-start=\"38\" data-end=\"41\" \/><strong data-start=\"41\" data-end=\"58\">\u2022 Kateqoriya:<\/strong> PDF \u00fc\u00e7\u00fcn s\u00fcni intellekt k\u00f6m\u0259k\u00e7isi<br data-start=\"92\" data-end=\"95\" \/><strong data-start=\"95\" data-end=\"105\">\u2022 Tip:<\/strong> Abun\u0259 \u0259sasl\u0131 (\u0259lav\u0259 funksiya)<br data-start=\"135\" data-end=\"138\" \/><strong data-start=\"138\" data-end=\"156\">\u2022 Funksiyalar:<\/strong> PDF x\u00fclas\u0259, sual-cavab, s\u0259n\u0259d analiz etm\u0259<br data-start=\"198\" data-end=\"201\" \/><strong data-start=\"201\" data-end=\"210\">\u2022 AI:<\/strong> S\u0259n\u0259dl\u0259rd\u0259n avtomatik m\u0259lumat \u00e7\u0131xarma<br data-start=\"248\" data-end=\"251\" \/><strong data-start=\"251\" data-end=\"267\">\u2022 Platforma:<\/strong> Adobe Acrobat (Windows, macOS, web, mobil)<br data-start=\"310\" data-end=\"313\" \/><strong data-start=\"313\" data-end=\"328\">\u2022 \u0130stifad\u0259:<\/strong> PDF s\u0259n\u0259dl\u0259ri daha s\u00fcr\u0259tli anlama v\u0259 analiz etm\u0259k \u00fc\u00e7\u00fcn ideal<\/p>","protected":false},"excerpt":{"rendered":"<p>\u2022 M\u0259hsul: AI Assistant for Acrobat\u2022 Kateqoriya: PDF \u00fc\u00e7\u00fcn s\u00fcni  [&#8230;]<\/p>","protected":false},"featured_media":12435,"comment_status":"open","ping_status":"closed","template":"","meta":[],"product_brand":[],"product_cat":[183],"product_tag":[],"class_list":{"0":"post-12438","1":"product","2":"type-product","3":"status-publish","4":"has-post-thumbnail","6":"product_cat-adobe","7":"pa_mehsul-tipi-pdf-and-e-signatures","9":"first","10":"instock","11":"sold-individually","12":"shipping-taxable","13":"purchasable","14":"product-type-simple"},"_links":{"self":[{"href":"https:\/\/engitech.az\/en\/wp-json\/wp\/v2\/product\/12438","targetHints":{"allow":["GET"]}}],"collection":[{"href":"https:\/\/engitech.az\/en\/wp-json\/wp\/v2\/product"}],"about":[{"href":"https:\/\/engitech.az\/en\/wp-json\/wp\/v2\/types\/product"}],"replies":[{"embeddable":true,"href":"https:\/\/engitech.az\/en\/wp-json\/wp\/v2\/comments?post=12438"}],"wp:featuredmedia":[{"embeddable":true,"href":"https:\/\/engitech.az\/en\/wp-json\/wp\/v2\/media\/12435"}],"wp:attachment":[{"href":"https:\/\/engitech.az\/en\/wp-json\/wp\/v2\/media?parent=12438"}],"wp:term":[{"taxonomy":"product_brand","embeddable":true,"href":"https:\/\/engitech.az\/en\/wp-json\/wp\/v2\/product_brand?post=12438"},{"taxonomy":"product_cat","embeddable":true,"href":"https:\/\/engitech.az\/en\/wp-json\/wp\/v2\/product_cat?post=12438"},{"taxonomy":"product_tag","embeddable":true,"href":"https:\/\/engitech.az\/en\/wp-json\/wp\/v2\/product_tag?post=12438"}],"curies":[{"name":"wp","href":"https:\/\/api.w.org\/{rel}","templated":true}]}}