{"id":12439,"date":"2026-04-10T07:55:24","date_gmt":"2026-04-10T07:55:24","guid":{"rendered":"https:\/\/engitech.az\/?post_type=product&#038;p=12439"},"modified":"2026-04-10T07:55:24","modified_gmt":"2026-04-10T07:55:24","slug":"adobe-scan","status":"publish","type":"product","link":"https:\/\/engitech.az\/en\/product\/adobe-scan\/","title":{"rendered":"Adobe Scan"},"content":{"rendered":"<p><strong data-start=\"0\" data-end=\"13\" data-is-only-node=\"\">\u2022 M\u0259hsul:<\/strong> Adobe Scan<br data-start=\"24\" data-end=\"27\" \/><strong data-start=\"27\" data-end=\"44\">\u2022 Kateqoriya:<\/strong> Skan v\u0259 PDF yaratma t\u0259tbiqi<br data-start=\"72\" data-end=\"75\" \/><strong data-start=\"75\" data-end=\"85\">\u2022 Tip:<\/strong> Freemium<br data-start=\"94\" data-end=\"97\" \/><strong data-start=\"97\" data-end=\"115\">\u2022 Funksiyalar:<\/strong> S\u0259n\u0259di kamerayla skan edib PDF-\u0259 \u00e7evirm\u0259, OCR (m\u0259tn tan\u0131ma)<br data-start=\"175\" data-end=\"178\" \/><strong data-start=\"178\" data-end=\"187\">\u2022 AI:<\/strong> Avtomatik k\u0259nar d\u00fcz\u0259ltm\u0259 v\u0259 m\u0259tn tan\u0131ma<br data-start=\"227\" data-end=\"230\" \/><strong data-start=\"230\" data-end=\"246\">\u2022 Platforma:<\/strong> Mobil (Android, iOS)<br data-start=\"267\" data-end=\"270\" \/><strong data-start=\"270\" data-end=\"285\">\u2022 \u0130stifad\u0259:<\/strong> Ka\u011f\u0131z s\u0259n\u0259dl\u0259ri r\u0259q\u0259msalla\u015fd\u0131rmaq \u00fc\u00e7\u00fcn ideal<\/p>","protected":false},"excerpt":{"rendered":"<p>\u2022 M\u0259hsul: Adobe Scan\u2022 Kateqoriya: Skan v\u0259 PDF yaratma t\u0259tbiqi\u2022  [&#8230;]<\/p>","protected":false},"featured_media":12440,"comment_status":"open","ping_status":"closed","template":"","meta":[],"product_brand":[],"product_cat":[183],"product_tag":[],"class_list":{"0":"post-12439","1":"product","2":"type-product","3":"status-publish","4":"has-post-thumbnail","6":"product_cat-adobe","7":"pa_mehsul-tipi-pdf-and-e-signatures","9":"first","10":"instock","11":"sold-individually","12":"shipping-taxable","13":"purchasable","14":"product-type-simple"},"_links":{"self":[{"href":"https:\/\/engitech.az\/en\/wp-json\/wp\/v2\/product\/12439","targetHints":{"allow":["GET"]}}],"collection":[{"href":"https:\/\/engitech.az\/en\/wp-json\/wp\/v2\/product"}],"about":[{"href":"https:\/\/engitech.az\/en\/wp-json\/wp\/v2\/types\/product"}],"replies":[{"embeddable":true,"href":"https:\/\/engitech.az\/en\/wp-json\/wp\/v2\/comments?post=12439"}],"wp:featuredmedia":[{"embeddable":true,"href":"https:\/\/engitech.az\/en\/wp-json\/wp\/v2\/media\/12440"}],"wp:attachment":[{"href":"https:\/\/engitech.az\/en\/wp-json\/wp\/v2\/media?parent=12439"}],"wp:term":[{"taxonomy":"product_brand","embeddable":true,"href":"https:\/\/engitech.az\/en\/wp-json\/wp\/v2\/product_brand?post=12439"},{"taxonomy":"product_cat","embeddable":true,"href":"https:\/\/engitech.az\/en\/wp-json\/wp\/v2\/product_cat?post=12439"},{"taxonomy":"product_tag","embeddable":true,"href":"https:\/\/engitech.az\/en\/wp-json\/wp\/v2\/product_tag?post=12439"}],"curies":[{"name":"wp","href":"https:\/\/api.w.org\/{rel}","templated":true}]}}