{"id":12441,"date":"2026-04-10T07:57:03","date_gmt":"2026-04-10T07:57:03","guid":{"rendered":"https:\/\/engitech.az\/?post_type=product&#038;p=12441"},"modified":"2026-04-10T07:57:03","modified_gmt":"2026-04-10T07:57:03","slug":"acrobat-sign","status":"publish","type":"product","link":"https:\/\/engitech.az\/en\/product\/acrobat-sign\/","title":{"rendered":"Acrobat Sign"},"content":{"rendered":"<p><strong data-start=\"0\" data-end=\"13\" data-is-only-node=\"\">\u2022 M\u0259hsul:<\/strong> Adobe Acrobat Sign<br data-start=\"32\" data-end=\"35\" \/><strong data-start=\"35\" data-end=\"52\">\u2022 Kateqoriya:<\/strong> Elektron imza platformas\u0131<br data-start=\"78\" data-end=\"81\" \/><strong data-start=\"81\" data-end=\"91\">\u2022 Tip:<\/strong> Abun\u0259 \u0259sasl\u0131<br data-start=\"104\" data-end=\"107\" \/><strong data-start=\"107\" data-end=\"125\">\u2022 Funksiyalar:<\/strong> Elektron imza, s\u0259n\u0259d g\u00f6nd\u0259rm\u0259 v\u0259 izl\u0259m\u0259<br data-start=\"165\" data-end=\"168\" \/><strong data-start=\"168\" data-end=\"188\">\u2022 T\u0259hl\u00fck\u0259sizlik:<\/strong> R\u0259q\u0259msal imza v\u0259 h\u00fcquqi etibarl\u0131l\u0131q<br data-start=\"224\" data-end=\"227\" \/><strong data-start=\"227\" data-end=\"243\">\u2022 Platforma:<\/strong> Web, mobil, Acrobat inteqrasiyas\u0131<br data-start=\"277\" data-end=\"280\" \/><strong data-start=\"280\" data-end=\"295\">\u2022 \u0130stifad\u0259:<\/strong> M\u00fcqavil\u0259 v\u0259 r\u0259smi s\u0259n\u0259dl\u0259rin imzalanmas\u0131 \u00fc\u00e7\u00fcn ideal<\/p>","protected":false},"excerpt":{"rendered":"<p>\u2022 M\u0259hsul: Adobe Acrobat Sign\u2022 Kateqoriya: Elektron imza platformas\u0131\u2022 Tip:  [&#8230;]<\/p>","protected":false},"featured_media":12442,"comment_status":"open","ping_status":"closed","template":"","meta":[],"product_brand":[],"product_cat":[183],"product_tag":[],"class_list":{"0":"post-12441","1":"product","2":"type-product","3":"status-publish","4":"has-post-thumbnail","6":"product_cat-adobe","7":"pa_mehsul-tipi-pdf-and-e-signatures","9":"first","10":"instock","11":"sold-individually","12":"shipping-taxable","13":"purchasable","14":"product-type-simple"},"_links":{"self":[{"href":"https:\/\/engitech.az\/en\/wp-json\/wp\/v2\/product\/12441","targetHints":{"allow":["GET"]}}],"collection":[{"href":"https:\/\/engitech.az\/en\/wp-json\/wp\/v2\/product"}],"about":[{"href":"https:\/\/engitech.az\/en\/wp-json\/wp\/v2\/types\/product"}],"replies":[{"embeddable":true,"href":"https:\/\/engitech.az\/en\/wp-json\/wp\/v2\/comments?post=12441"}],"wp:featuredmedia":[{"embeddable":true,"href":"https:\/\/engitech.az\/en\/wp-json\/wp\/v2\/media\/12442"}],"wp:attachment":[{"href":"https:\/\/engitech.az\/en\/wp-json\/wp\/v2\/media?parent=12441"}],"wp:term":[{"taxonomy":"product_brand","embeddable":true,"href":"https:\/\/engitech.az\/en\/wp-json\/wp\/v2\/product_brand?post=12441"},{"taxonomy":"product_cat","embeddable":true,"href":"https:\/\/engitech.az\/en\/wp-json\/wp\/v2\/product_cat?post=12441"},{"taxonomy":"product_tag","embeddable":true,"href":"https:\/\/engitech.az\/en\/wp-json\/wp\/v2\/product_tag?post=12441"}],"curies":[{"name":"wp","href":"https:\/\/api.w.org\/{rel}","templated":true}]}}