{"id":12444,"date":"2026-04-10T10:43:31","date_gmt":"2026-04-10T10:43:31","guid":{"rendered":"https:\/\/engitech.az\/?post_type=product&#038;p=12444"},"modified":"2026-04-10T10:43:31","modified_gmt":"2026-04-10T10:43:31","slug":"adobe-genstudio","status":"publish","type":"product","link":"https:\/\/engitech.az\/en\/product\/adobe-genstudio\/","title":{"rendered":"Adobe GenStudio"},"content":{"rendered":"<section class=\"text-token-text-primary w-full focus:outline-none [--shadow-height:45px] has-data-writing-block:pointer-events-none has-data-writing-block:-mt-(--shadow-height) has-data-writing-block:pt-(--shadow-height) [&amp;:has([data-writing-block])&gt;*]:pointer-events-auto scroll-mt-(--header-height)\" dir=\"auto\" data-turn-id=\"aa16cc65-fecb-4974-9628-b2d8f16b29fb\" data-testid=\"conversation-turn-115\" data-scroll-anchor=\"false\" data-turn=\"user\"><\/section>\n<section class=\"text-token-text-primary w-full focus:outline-none [--shadow-height:45px] has-data-writing-block:pointer-events-none has-data-writing-block:-mt-(--shadow-height) has-data-writing-block:pt-(--shadow-height) [&amp;:has([data-writing-block])&gt;*]:pointer-events-auto scroll-mt-[calc(var(--header-height)+min(200px,max(70px,20svh)))]\" dir=\"auto\" data-turn-id=\"request-WEB:a4ab4bfb-4761-4741-8f8a-e50a6cacb0e0-57\" data-testid=\"conversation-turn-116\" data-scroll-anchor=\"true\" data-turn=\"assistant\">\n<div class=\"text-base my-auto mx-auto pb-10 [--thread-content-margin:var(--thread-content-margin-xs,calc(var(--spacing)*4))] @w-sm\/main:[--thread-content-margin:var(--thread-content-margin-sm,calc(var(--spacing)*6))] @w-lg\/main:[--thread-content-margin:var(--thread-content-margin-lg,calc(var(--spacing)*16))] px-(--thread-content-margin)\">\n<div class=\"[--thread-content-max-width:40rem] @w-lg\/main:[--thread-content-max-width:48rem] mx-auto max-w-(--thread-content-max-width) flex-1 group\/turn-messages focus-visible:outline-hidden relative flex w-full min-w-0 flex-col agent-turn\">\n<div class=\"flex max-w-full flex-col gap-4 grow\">\n<div class=\"min-h-8 text-message relative flex w-full flex-col items-end gap-2 text-start break-words whitespace-normal outline-none keyboard-focused:focus-ring [.text-message+&amp;]:mt-1\" dir=\"auto\" tabindex=\"0\" data-message-author-role=\"assistant\" data-message-id=\"010a2805-e6a4-4555-91c1-3aacb02a8286\" data-message-model-slug=\"gpt-5-3\" data-turn-start-message=\"true\">\n<div class=\"flex w-full flex-col gap-1 empty:hidden\">\n<div class=\"markdown prose dark:prose-invert w-full wrap-break-word dark markdown-new-styling\">\n<p data-start=\"0\" data-end=\"381\" data-is-last-node=\"\" data-is-only-node=\"\"><strong data-start=\"0\" data-end=\"13\" data-is-only-node=\"\">\u2022 M\u0259hsul:<\/strong> Adobe GenStudio<br data-start=\"29\" data-end=\"32\" \/><strong data-start=\"32\" data-end=\"49\">\u2022 Kateqoriya:<\/strong> Generativ AI kontent platformas\u0131<br data-start=\"82\" data-end=\"85\" \/><strong data-start=\"85\" data-end=\"95\">\u2022 Tip:<\/strong> Korporativ (enterprise) h\u0259ll<br data-start=\"124\" data-end=\"127\" \/><strong data-start=\"127\" data-end=\"145\">\u2022 Funksiyalar:<\/strong> Marketinq kontenti yaratma, kampaniya idar\u0259etm\u0259<br data-start=\"193\" data-end=\"196\" \/><strong data-start=\"196\" data-end=\"205\">\u2022 AI:<\/strong> Generativ AI il\u0259 avtomatik dizayn v\u0259 m\u0259tn yarad\u0131lmas\u0131<br data-start=\"259\" data-end=\"262\" \/><strong data-start=\"262\" data-end=\"278\">\u2022 Platforma:<\/strong> Web (Adobe Experience Cloud)<br data-start=\"307\" data-end=\"310\" \/><strong data-start=\"310\" data-end=\"325\">\u2022 \u0130stifad\u0259:<\/strong> Marketinq komandalar\u0131 \u00fc\u00e7\u00fcn s\u00fcr\u0259tli kontent istehsal\u0131<\/p>\n<\/div>\n<\/div>\n<\/div>\n<\/div>\n<\/div>\n<\/div>\n<\/section>","protected":false},"excerpt":{"rendered":"<p>\u2022 M\u0259hsul: Adobe GenStudio\u2022 Kateqoriya: Generativ AI kontent platformas\u0131\u2022 Tip:  [&#8230;]<\/p>","protected":false},"featured_media":12450,"comment_status":"open","ping_status":"closed","template":"","meta":[],"product_brand":[],"product_cat":[183],"product_tag":[],"class_list":{"0":"post-12444","1":"product","2":"type-product","3":"status-publish","4":"has-post-thumbnail","6":"product_cat-adobe","7":"pa_mehsul-tipi-marketing-and-commerce","9":"first","10":"instock","11":"sold-individually","12":"shipping-taxable","13":"purchasable","14":"product-type-simple"},"_links":{"self":[{"href":"https:\/\/engitech.az\/en\/wp-json\/wp\/v2\/product\/12444","targetHints":{"allow":["GET"]}}],"collection":[{"href":"https:\/\/engitech.az\/en\/wp-json\/wp\/v2\/product"}],"about":[{"href":"https:\/\/engitech.az\/en\/wp-json\/wp\/v2\/types\/product"}],"replies":[{"embeddable":true,"href":"https:\/\/engitech.az\/en\/wp-json\/wp\/v2\/comments?post=12444"}],"wp:featuredmedia":[{"embeddable":true,"href":"https:\/\/engitech.az\/en\/wp-json\/wp\/v2\/media\/12450"}],"wp:attachment":[{"href":"https:\/\/engitech.az\/en\/wp-json\/wp\/v2\/media?parent=12444"}],"wp:term":[{"taxonomy":"product_brand","embeddable":true,"href":"https:\/\/engitech.az\/en\/wp-json\/wp\/v2\/product_brand?post=12444"},{"taxonomy":"product_cat","embeddable":true,"href":"https:\/\/engitech.az\/en\/wp-json\/wp\/v2\/product_cat?post=12444"},{"taxonomy":"product_tag","embeddable":true,"href":"https:\/\/engitech.az\/en\/wp-json\/wp\/v2\/product_tag?post=12444"}],"curies":[{"name":"wp","href":"https:\/\/api.w.org\/{rel}","templated":true}]}}