{"id":12451,"date":"2026-04-10T10:44:43","date_gmt":"2026-04-10T10:44:43","guid":{"rendered":"https:\/\/engitech.az\/?post_type=product&#038;p=12451"},"modified":"2026-04-10T10:44:44","modified_gmt":"2026-04-10T10:44:44","slug":"experience-manager-sites","status":"publish","type":"product","link":"https:\/\/engitech.az\/en\/product\/experience-manager-sites\/","title":{"rendered":"Experience Manager Sites"},"content":{"rendered":"<section class=\"text-token-text-primary w-full focus:outline-none [--shadow-height:45px] has-data-writing-block:pointer-events-none has-data-writing-block:-mt-(--shadow-height) has-data-writing-block:pt-(--shadow-height) [&amp;:has([data-writing-block])&gt;*]:pointer-events-auto scroll-mt-(--header-height)\" dir=\"auto\" data-turn-id=\"bb568df5-3ab0-47e5-98cb-4c94c47d591e\" data-testid=\"conversation-turn-117\" data-scroll-anchor=\"false\" data-turn=\"user\"><\/section>\n<section class=\"text-token-text-primary w-full focus:outline-none [--shadow-height:45px] has-data-writing-block:pointer-events-none has-data-writing-block:-mt-(--shadow-height) has-data-writing-block:pt-(--shadow-height) [&amp;:has([data-writing-block])&gt;*]:pointer-events-auto scroll-mt-[calc(var(--header-height)+min(200px,max(70px,20svh)))]\" dir=\"auto\" data-turn-id=\"request-WEB:a4ab4bfb-4761-4741-8f8a-e50a6cacb0e0-58\" data-testid=\"conversation-turn-118\" data-scroll-anchor=\"true\" data-turn=\"assistant\">\n<div class=\"text-base my-auto mx-auto pb-10 [--thread-content-margin:var(--thread-content-margin-xs,calc(var(--spacing)*4))] @w-sm\/main:[--thread-content-margin:var(--thread-content-margin-sm,calc(var(--spacing)*6))] @w-lg\/main:[--thread-content-margin:var(--thread-content-margin-lg,calc(var(--spacing)*16))] px-(--thread-content-margin)\">\n<div class=\"[--thread-content-max-width:40rem] @w-lg\/main:[--thread-content-max-width:48rem] mx-auto max-w-(--thread-content-max-width) flex-1 group\/turn-messages focus-visible:outline-hidden relative flex w-full min-w-0 flex-col agent-turn\">\n<div class=\"flex max-w-full flex-col gap-4 grow\">\n<div class=\"min-h-8 text-message relative flex w-full flex-col items-end gap-2 text-start break-words whitespace-normal outline-none keyboard-focused:focus-ring [.text-message+&amp;]:mt-1\" dir=\"auto\" tabindex=\"0\" data-message-author-role=\"assistant\" data-message-id=\"a5768716-a73c-400d-8a4a-8db7ddbf056c\" data-message-model-slug=\"gpt-5-3\" data-turn-start-message=\"true\">\n<div class=\"flex w-full flex-col gap-1 empty:hidden\">\n<div class=\"markdown prose dark:prose-invert w-full wrap-break-word dark markdown-new-styling\">\n<p data-start=\"0\" data-end=\"397\" data-is-last-node=\"\" data-is-only-node=\"\"><strong data-start=\"0\" data-end=\"13\" data-is-only-node=\"\">\u2022 M\u0259hsul:<\/strong> Adobe Experience Manager Sites<br data-start=\"44\" data-end=\"47\" \/><strong data-start=\"47\" data-end=\"64\">\u2022 Kateqoriya:<\/strong> Veb sayt idar\u0259etm\u0259 platformas\u0131 (CMS)<br data-start=\"101\" data-end=\"104\" \/><strong data-start=\"104\" data-end=\"114\">\u2022 Tip:<\/strong> Korporativ (enterprise) h\u0259ll<br data-start=\"143\" data-end=\"146\" \/><strong data-start=\"146\" data-end=\"164\">\u2022 Funksiyalar:<\/strong> Veb sayt yaratma, kontent idar\u0259etm\u0259, multi-site d\u0259st\u0259k<br data-start=\"219\" data-end=\"222\" \/><strong data-start=\"222\" data-end=\"231\">\u2022 AI:<\/strong> F\u0259rdil\u0259\u015fdirilmi\u015f kontent v\u0259 avtomatla\u015fd\u0131rma<br data-start=\"275\" data-end=\"278\" \/><strong data-start=\"278\" data-end=\"294\">\u2022 Platforma:<\/strong> Web (Adobe Experience Cloud)<br data-start=\"323\" data-end=\"326\" \/><strong data-start=\"326\" data-end=\"341\">\u2022 \u0130stifad\u0259:<\/strong> B\u00f6y\u00fck \u015firk\u0259tl\u0259r \u00fc\u00e7\u00fcn veb sayt v\u0259 kontent idar\u0259etm\u0259si<\/p>\n<\/div>\n<\/div>\n<\/div>\n<\/div>\n<\/div>\n<\/div>\n<\/section>","protected":false},"excerpt":{"rendered":"<p>\u2022 M\u0259hsul: Adobe Experience Manager Sites\u2022 Kateqoriya: Veb sayt idar\u0259etm\u0259  [&#8230;]<\/p>","protected":false},"featured_media":12450,"comment_status":"open","ping_status":"closed","template":"","meta":[],"product_brand":[],"product_cat":[183],"product_tag":[],"class_list":{"0":"post-12451","1":"product","2":"type-product","3":"status-publish","4":"has-post-thumbnail","6":"product_cat-adobe","7":"pa_mehsul-tipi-marketing-and-commerce","9":"first","10":"instock","11":"sold-individually","12":"shipping-taxable","13":"purchasable","14":"product-type-simple"},"_links":{"self":[{"href":"https:\/\/engitech.az\/en\/wp-json\/wp\/v2\/product\/12451","targetHints":{"allow":["GET"]}}],"collection":[{"href":"https:\/\/engitech.az\/en\/wp-json\/wp\/v2\/product"}],"about":[{"href":"https:\/\/engitech.az\/en\/wp-json\/wp\/v2\/types\/product"}],"replies":[{"embeddable":true,"href":"https:\/\/engitech.az\/en\/wp-json\/wp\/v2\/comments?post=12451"}],"wp:featuredmedia":[{"embeddable":true,"href":"https:\/\/engitech.az\/en\/wp-json\/wp\/v2\/media\/12450"}],"wp:attachment":[{"href":"https:\/\/engitech.az\/en\/wp-json\/wp\/v2\/media?parent=12451"}],"wp:term":[{"taxonomy":"product_brand","embeddable":true,"href":"https:\/\/engitech.az\/en\/wp-json\/wp\/v2\/product_brand?post=12451"},{"taxonomy":"product_cat","embeddable":true,"href":"https:\/\/engitech.az\/en\/wp-json\/wp\/v2\/product_cat?post=12451"},{"taxonomy":"product_tag","embeddable":true,"href":"https:\/\/engitech.az\/en\/wp-json\/wp\/v2\/product_tag?post=12451"}],"curies":[{"name":"wp","href":"https:\/\/api.w.org\/{rel}","templated":true}]}}