{"id":12452,"date":"2026-04-10T10:45:38","date_gmt":"2026-04-10T10:45:38","guid":{"rendered":"https:\/\/engitech.az\/?post_type=product&#038;p=12452"},"modified":"2026-04-10T10:45:38","modified_gmt":"2026-04-10T10:45:38","slug":"experience-manager-assets","status":"publish","type":"product","link":"https:\/\/engitech.az\/en\/product\/experience-manager-assets\/","title":{"rendered":"Experience Manager Assets"},"content":{"rendered":"<p><strong data-start=\"0\" data-end=\"13\" data-is-only-node=\"\">\u2022 M\u0259hsul:<\/strong> Adobe Experience Manager Assets<br data-start=\"45\" data-end=\"48\" \/><strong data-start=\"48\" data-end=\"65\">\u2022 Kateqoriya:<\/strong> R\u0259q\u0259msal asset idar\u0259etm\u0259 (DAM) sistemi<br data-start=\"104\" data-end=\"107\" \/><strong data-start=\"107\" data-end=\"117\">\u2022 Tip:<\/strong> Korporativ (enterprise) h\u0259ll<br data-start=\"146\" data-end=\"149\" \/><strong data-start=\"149\" data-end=\"167\">\u2022 Funksiyalar:<\/strong> Media fayllar\u0131n saxlanmas\u0131, idar\u0259 olunmas\u0131 v\u0259 payla\u015f\u0131m\u0131<br data-start=\"223\" data-end=\"226\" \/><strong data-start=\"226\" data-end=\"235\">\u2022 AI:<\/strong> A\u011f\u0131ll\u0131 taglama v\u0259 axtar\u0131\u015f (Adobe Sensei)<br data-start=\"276\" data-end=\"279\" \/><strong data-start=\"279\" data-end=\"295\">\u2022 Platforma:<\/strong> Web (Adobe Experience Cloud)<br data-start=\"324\" data-end=\"327\" \/><strong data-start=\"327\" data-end=\"342\">\u2022 \u0130stifad\u0259:<\/strong> B\u00f6y\u00fck komandalar \u00fc\u00e7\u00fcn media v\u0259 kontent idar\u0259etm\u0259si<\/p>","protected":false},"excerpt":{"rendered":"<p>\u2022 M\u0259hsul: Adobe Experience Manager Assets\u2022 Kateqoriya: R\u0259q\u0259msal asset idar\u0259etm\u0259  [&#8230;]<\/p>","protected":false},"featured_media":12450,"comment_status":"open","ping_status":"closed","template":"","meta":[],"product_brand":[],"product_cat":[183],"product_tag":[],"class_list":{"0":"post-12452","1":"product","2":"type-product","3":"status-publish","4":"has-post-thumbnail","6":"product_cat-adobe","7":"pa_mehsul-tipi-marketing-and-commerce","9":"first","10":"instock","11":"sold-individually","12":"shipping-taxable","13":"purchasable","14":"product-type-simple"},"_links":{"self":[{"href":"https:\/\/engitech.az\/en\/wp-json\/wp\/v2\/product\/12452","targetHints":{"allow":["GET"]}}],"collection":[{"href":"https:\/\/engitech.az\/en\/wp-json\/wp\/v2\/product"}],"about":[{"href":"https:\/\/engitech.az\/en\/wp-json\/wp\/v2\/types\/product"}],"replies":[{"embeddable":true,"href":"https:\/\/engitech.az\/en\/wp-json\/wp\/v2\/comments?post=12452"}],"wp:featuredmedia":[{"embeddable":true,"href":"https:\/\/engitech.az\/en\/wp-json\/wp\/v2\/media\/12450"}],"wp:attachment":[{"href":"https:\/\/engitech.az\/en\/wp-json\/wp\/v2\/media?parent=12452"}],"wp:term":[{"taxonomy":"product_brand","embeddable":true,"href":"https:\/\/engitech.az\/en\/wp-json\/wp\/v2\/product_brand?post=12452"},{"taxonomy":"product_cat","embeddable":true,"href":"https:\/\/engitech.az\/en\/wp-json\/wp\/v2\/product_cat?post=12452"},{"taxonomy":"product_tag","embeddable":true,"href":"https:\/\/engitech.az\/en\/wp-json\/wp\/v2\/product_tag?post=12452"}],"curies":[{"name":"wp","href":"https:\/\/api.w.org\/{rel}","templated":true}]}}