{"id":12453,"date":"2026-04-10T10:46:41","date_gmt":"2026-04-10T10:46:41","guid":{"rendered":"https:\/\/engitech.az\/?post_type=product&#038;p=12453"},"modified":"2026-04-10T10:46:41","modified_gmt":"2026-04-10T10:46:41","slug":"product-analytics","status":"publish","type":"product","link":"https:\/\/engitech.az\/en\/product\/product-analytics\/","title":{"rendered":"Product Analytics"},"content":{"rendered":"<p><strong data-start=\"0\" data-end=\"13\" data-is-only-node=\"\">\u2022 M\u0259hsul:<\/strong> Adobe Product Analytics<br data-start=\"37\" data-end=\"40\" \/><strong data-start=\"40\" data-end=\"57\">\u2022 Kateqoriya:<\/strong> M\u0259hsul analitika platformas\u0131<br data-start=\"86\" data-end=\"89\" \/><strong data-start=\"89\" data-end=\"99\">\u2022 Tip:<\/strong> Korporativ (enterprise) h\u0259ll<br data-start=\"128\" data-end=\"131\" \/><strong data-start=\"131\" data-end=\"149\">\u2022 Funksiyalar:<\/strong> \u0130stifad\u0259\u00e7i davran\u0131\u015f\u0131 analizi, funnel v\u0259 journey izl\u0259m\u0259<br data-start=\"204\" data-end=\"207\" \/><strong data-start=\"207\" data-end=\"216\">\u2022 AI:<\/strong> Avtomatik insight v\u0259 proqnozla\u015fd\u0131rma<br data-start=\"253\" data-end=\"256\" \/><strong data-start=\"256\" data-end=\"272\">\u2022 Platforma:<\/strong> Web (Adobe Experience Cloud)<br data-start=\"301\" data-end=\"304\" \/><strong data-start=\"304\" data-end=\"319\">\u2022 \u0130stifad\u0259:<\/strong> M\u0259hsul v\u0259 istifad\u0259\u00e7i t\u0259cr\u00fcb\u0259sini optimalla\u015fd\u0131rmaq \u00fc\u00e7\u00fcn ideal<\/p>","protected":false},"excerpt":{"rendered":"<p>\u2022 M\u0259hsul: Adobe Product Analytics\u2022 Kateqoriya: M\u0259hsul analitika platformas\u0131\u2022 Tip:  [&#8230;]<\/p>","protected":false},"featured_media":12450,"comment_status":"open","ping_status":"closed","template":"","meta":[],"product_brand":[],"product_cat":[41],"product_tag":[],"class_list":{"0":"post-12453","1":"product","2":"type-product","3":"status-publish","4":"has-post-thumbnail","6":"product_cat-uncategorized","7":"pa_mehsul-tipi-marketing-and-commerce","9":"first","10":"instock","11":"sold-individually","12":"shipping-taxable","13":"purchasable","14":"product-type-simple"},"_links":{"self":[{"href":"https:\/\/engitech.az\/en\/wp-json\/wp\/v2\/product\/12453","targetHints":{"allow":["GET"]}}],"collection":[{"href":"https:\/\/engitech.az\/en\/wp-json\/wp\/v2\/product"}],"about":[{"href":"https:\/\/engitech.az\/en\/wp-json\/wp\/v2\/types\/product"}],"replies":[{"embeddable":true,"href":"https:\/\/engitech.az\/en\/wp-json\/wp\/v2\/comments?post=12453"}],"wp:featuredmedia":[{"embeddable":true,"href":"https:\/\/engitech.az\/en\/wp-json\/wp\/v2\/media\/12450"}],"wp:attachment":[{"href":"https:\/\/engitech.az\/en\/wp-json\/wp\/v2\/media?parent=12453"}],"wp:term":[{"taxonomy":"product_brand","embeddable":true,"href":"https:\/\/engitech.az\/en\/wp-json\/wp\/v2\/product_brand?post=12453"},{"taxonomy":"product_cat","embeddable":true,"href":"https:\/\/engitech.az\/en\/wp-json\/wp\/v2\/product_cat?post=12453"},{"taxonomy":"product_tag","embeddable":true,"href":"https:\/\/engitech.az\/en\/wp-json\/wp\/v2\/product_tag?post=12453"}],"curies":[{"name":"wp","href":"https:\/\/api.w.org\/{rel}","templated":true}]}}