{"id":12454,"date":"2026-04-10T10:47:37","date_gmt":"2026-04-10T10:47:37","guid":{"rendered":"https:\/\/engitech.az\/?post_type=product&#038;p=12454"},"modified":"2026-04-10T10:47:38","modified_gmt":"2026-04-10T10:47:38","slug":"workfront","status":"publish","type":"product","link":"https:\/\/engitech.az\/en\/product\/workfront\/","title":{"rendered":"Workfront"},"content":{"rendered":"<p><strong data-start=\"0\" data-end=\"13\" data-is-only-node=\"\">\u2022 M\u0259hsul:<\/strong> Adobe Workfront<br data-start=\"29\" data-end=\"32\" \/><strong data-start=\"32\" data-end=\"49\">\u2022 Kateqoriya:<\/strong> Layih\u0259 v\u0259 i\u015f idar\u0259etm\u0259 platformas\u0131<br data-start=\"84\" data-end=\"87\" \/><strong data-start=\"87\" data-end=\"97\">\u2022 Tip:<\/strong> Korporativ (enterprise) h\u0259ll<br data-start=\"126\" data-end=\"129\" \/><strong data-start=\"129\" data-end=\"147\">\u2022 Funksiyalar:<\/strong> Task idar\u0259etm\u0259, workflow, planlama v\u0259 komanda \u0259m\u0259kda\u015fl\u0131\u011f\u0131<br data-start=\"205\" data-end=\"208\" \/><strong data-start=\"208\" data-end=\"226\">\u2022 \u0130nteqrasiya:<\/strong> Adobe Creative Cloud v\u0259 Experience Cloud<br data-start=\"267\" data-end=\"270\" \/><strong data-start=\"270\" data-end=\"286\">\u2022 Platforma:<\/strong> Web<br data-start=\"290\" data-end=\"293\" \/><strong data-start=\"293\" data-end=\"308\">\u2022 \u0130stifad\u0259:<\/strong> Komandalar v\u0259 biznesl\u0259r \u00fc\u00e7\u00fcn i\u015f prosesl\u0259rini idar\u0259 etm\u0259k \u00fc\u00e7\u00fcn ideal<\/p>","protected":false},"excerpt":{"rendered":"<p>\u2022 M\u0259hsul: Adobe Workfront\u2022 Kateqoriya: Layih\u0259 v\u0259 i\u015f idar\u0259etm\u0259 platformas\u0131\u2022  [&#8230;]<\/p>","protected":false},"featured_media":12450,"comment_status":"open","ping_status":"closed","template":"","meta":[],"product_brand":[],"product_cat":[183],"product_tag":[],"class_list":{"0":"post-12454","1":"product","2":"type-product","3":"status-publish","4":"has-post-thumbnail","6":"product_cat-adobe","7":"pa_mehsul-tipi-marketing-and-commerce","9":"first","10":"instock","11":"sold-individually","12":"shipping-taxable","13":"purchasable","14":"product-type-simple"},"_links":{"self":[{"href":"https:\/\/engitech.az\/en\/wp-json\/wp\/v2\/product\/12454","targetHints":{"allow":["GET"]}}],"collection":[{"href":"https:\/\/engitech.az\/en\/wp-json\/wp\/v2\/product"}],"about":[{"href":"https:\/\/engitech.az\/en\/wp-json\/wp\/v2\/types\/product"}],"replies":[{"embeddable":true,"href":"https:\/\/engitech.az\/en\/wp-json\/wp\/v2\/comments?post=12454"}],"wp:featuredmedia":[{"embeddable":true,"href":"https:\/\/engitech.az\/en\/wp-json\/wp\/v2\/media\/12450"}],"wp:attachment":[{"href":"https:\/\/engitech.az\/en\/wp-json\/wp\/v2\/media?parent=12454"}],"wp:term":[{"taxonomy":"product_brand","embeddable":true,"href":"https:\/\/engitech.az\/en\/wp-json\/wp\/v2\/product_brand?post=12454"},{"taxonomy":"product_cat","embeddable":true,"href":"https:\/\/engitech.az\/en\/wp-json\/wp\/v2\/product_cat?post=12454"},{"taxonomy":"product_tag","embeddable":true,"href":"https:\/\/engitech.az\/en\/wp-json\/wp\/v2\/product_tag?post=12454"}],"curies":[{"name":"wp","href":"https:\/\/api.w.org\/{rel}","templated":true}]}}