{"id":12455,"date":"2026-04-10T10:49:51","date_gmt":"2026-04-10T10:49:51","guid":{"rendered":"https:\/\/engitech.az\/?post_type=product&#038;p=12455"},"modified":"2026-04-10T10:49:52","modified_gmt":"2026-04-10T10:49:52","slug":"experience-platform","status":"publish","type":"product","link":"https:\/\/engitech.az\/en\/product\/experience-platform\/","title":{"rendered":"Experience Platform"},"content":{"rendered":"<p><strong data-start=\"0\" data-end=\"13\" data-is-only-node=\"\">\u2022 M\u0259hsul:<\/strong> Adobe Experience Platform<br data-start=\"39\" data-end=\"42\" \/><strong data-start=\"42\" data-end=\"59\">\u2022 Kateqoriya:<\/strong> M\u00fc\u015ft\u0259ri m\u0259lumat platformas\u0131 (CDP)<br data-start=\"93\" data-end=\"96\" \/><strong data-start=\"96\" data-end=\"106\">\u2022 Tip:<\/strong> Korporativ (enterprise) h\u0259ll<br data-start=\"135\" data-end=\"138\" \/><strong data-start=\"138\" data-end=\"156\">\u2022 Funksiyalar:<\/strong> Data toplama, profil birl\u0259\u015fdirm\u0259, real-time analiz<br data-start=\"207\" data-end=\"210\" \/><strong data-start=\"210\" data-end=\"219\">\u2022 AI:<\/strong> F\u0259rdil\u0259\u015fdirm\u0259 v\u0259 proqnozla\u015fd\u0131rma (Adobe Sensei)<br data-start=\"267\" data-end=\"270\" \/><strong data-start=\"270\" data-end=\"286\">\u2022 Platforma:<\/strong> Web (Adobe Experience Cloud)<br data-start=\"315\" data-end=\"318\" \/><strong data-start=\"318\" data-end=\"333\">\u2022 \u0130stifad\u0259:<\/strong> M\u00fc\u015ft\u0259ri t\u0259cr\u00fcb\u0259sini optimalla\u015fd\u0131rmaq v\u0259 data idar\u0259etm\u0259si \u00fc\u00e7\u00fcn ideal<\/p>","protected":false},"excerpt":{"rendered":"<p>\u2022 M\u0259hsul: Adobe Experience Platform\u2022 Kateqoriya: M\u00fc\u015ft\u0259ri m\u0259lumat platformas\u0131 (CDP)\u2022  [&#8230;]<\/p>","protected":false},"featured_media":12456,"comment_status":"open","ping_status":"closed","template":"","meta":[],"product_brand":[],"product_cat":[183],"product_tag":[],"class_list":{"0":"post-12455","1":"product","2":"type-product","3":"status-publish","4":"has-post-thumbnail","6":"product_cat-adobe","7":"pa_mehsul-tipi-marketing-and-commerce","9":"first","10":"instock","11":"sold-individually","12":"shipping-taxable","13":"purchasable","14":"product-type-simple"},"_links":{"self":[{"href":"https:\/\/engitech.az\/en\/wp-json\/wp\/v2\/product\/12455","targetHints":{"allow":["GET"]}}],"collection":[{"href":"https:\/\/engitech.az\/en\/wp-json\/wp\/v2\/product"}],"about":[{"href":"https:\/\/engitech.az\/en\/wp-json\/wp\/v2\/types\/product"}],"replies":[{"embeddable":true,"href":"https:\/\/engitech.az\/en\/wp-json\/wp\/v2\/comments?post=12455"}],"wp:featuredmedia":[{"embeddable":true,"href":"https:\/\/engitech.az\/en\/wp-json\/wp\/v2\/media\/12456"}],"wp:attachment":[{"href":"https:\/\/engitech.az\/en\/wp-json\/wp\/v2\/media?parent=12455"}],"wp:term":[{"taxonomy":"product_brand","embeddable":true,"href":"https:\/\/engitech.az\/en\/wp-json\/wp\/v2\/product_brand?post=12455"},{"taxonomy":"product_cat","embeddable":true,"href":"https:\/\/engitech.az\/en\/wp-json\/wp\/v2\/product_cat?post=12455"},{"taxonomy":"product_tag","embeddable":true,"href":"https:\/\/engitech.az\/en\/wp-json\/wp\/v2\/product_tag?post=12455"}],"curies":[{"name":"wp","href":"https:\/\/api.w.org\/{rel}","templated":true}]}}