{"id":12457,"date":"2026-04-10T10:52:04","date_gmt":"2026-04-10T10:52:04","guid":{"rendered":"https:\/\/engitech.az\/?post_type=product&#038;p=12457"},"modified":"2026-04-10T10:52:04","modified_gmt":"2026-04-10T10:52:04","slug":"intelligent-services","status":"publish","type":"product","link":"https:\/\/engitech.az\/en\/product\/intelligent-services\/","title":{"rendered":"Intelligent Services"},"content":{"rendered":"<section class=\"text-token-text-primary w-full focus:outline-none [--shadow-height:45px] has-data-writing-block:pointer-events-none has-data-writing-block:-mt-(--shadow-height) has-data-writing-block:pt-(--shadow-height) [&amp;:has([data-writing-block])&gt;*]:pointer-events-auto scroll-mt-(--header-height)\" dir=\"auto\" data-turn-id=\"926b2ada-6148-46a9-acee-f68776ef2cf0\" data-testid=\"conversation-turn-127\" data-scroll-anchor=\"false\" data-turn=\"user\"><\/section>\n<section class=\"text-token-text-primary w-full focus:outline-none [--shadow-height:45px] has-data-writing-block:pointer-events-none has-data-writing-block:-mt-(--shadow-height) has-data-writing-block:pt-(--shadow-height) [&amp;:has([data-writing-block])&gt;*]:pointer-events-auto scroll-mt-[calc(var(--header-height)+min(200px,max(70px,20svh)))]\" dir=\"auto\" data-turn-id=\"request-WEB:a4ab4bfb-4761-4741-8f8a-e50a6cacb0e0-63\" data-testid=\"conversation-turn-128\" data-scroll-anchor=\"true\" data-turn=\"assistant\">\n<div class=\"text-base my-auto mx-auto pb-10 [--thread-content-margin:var(--thread-content-margin-xs,calc(var(--spacing)*4))] @w-sm\/main:[--thread-content-margin:var(--thread-content-margin-sm,calc(var(--spacing)*6))] @w-lg\/main:[--thread-content-margin:var(--thread-content-margin-lg,calc(var(--spacing)*16))] px-(--thread-content-margin)\">\n<div class=\"[--thread-content-max-width:40rem] @w-lg\/main:[--thread-content-max-width:48rem] mx-auto max-w-(--thread-content-max-width) flex-1 group\/turn-messages focus-visible:outline-hidden relative flex w-full min-w-0 flex-col agent-turn\">\n<div class=\"flex max-w-full flex-col gap-4 grow\">\n<div class=\"min-h-8 text-message relative flex w-full flex-col items-end gap-2 text-start break-words whitespace-normal outline-none keyboard-focused:focus-ring [.text-message+&amp;]:mt-1\" dir=\"auto\" tabindex=\"0\" data-message-author-role=\"assistant\" data-message-id=\"690fdcdc-1b00-483c-a268-2d65c03493c7\" data-message-model-slug=\"gpt-5-3\" data-turn-start-message=\"true\">\n<div class=\"flex w-full flex-col gap-1 empty:hidden\">\n<div class=\"markdown prose dark:prose-invert w-full wrap-break-word dark markdown-new-styling\">\n<p data-start=\"0\" data-end=\"394\" data-is-last-node=\"\" data-is-only-node=\"\"><strong data-start=\"0\" data-end=\"13\" data-is-only-node=\"\">\u2022 M\u0259hsul:<\/strong> Adobe Intelligent Services<br data-start=\"40\" data-end=\"43\" \/><strong data-start=\"43\" data-end=\"60\">\u2022 Kateqoriya:<\/strong> S\u00fcni intellekt v\u0259 data xidm\u0259tl\u0259ri<br data-start=\"94\" data-end=\"97\" \/><strong data-start=\"97\" data-end=\"107\">\u2022 Tip:<\/strong> Korporativ (enterprise) h\u0259ll<br data-start=\"136\" data-end=\"139\" \/><strong data-start=\"139\" data-end=\"157\">\u2022 Funksiyalar:<\/strong> AI \u0259sasl\u0131 analiz, avtomatla\u015fd\u0131rma v\u0259 proqnozla\u015fd\u0131rma<br data-start=\"210\" data-end=\"213\" \/><strong data-start=\"213\" data-end=\"222\">\u2022 AI:<\/strong> Adobe Sensei il\u0259 a\u011f\u0131ll\u0131 q\u0259rar d\u0259st\u0259yi<br data-start=\"260\" data-end=\"263\" \/><strong data-start=\"263\" data-end=\"279\">\u2022 Platforma:<\/strong> Adobe Experience Platform<br data-start=\"305\" data-end=\"308\" \/><strong data-start=\"308\" data-end=\"323\">\u2022 \u0130stifad\u0259:<\/strong> Data analitikas\u0131 v\u0259 biznes prosesl\u0259rini optimalla\u015fd\u0131rmaq \u00fc\u00e7\u00fcn ideal<\/p>\n<\/div>\n<\/div>\n<\/div>\n<\/div>\n<\/div>\n<\/div>\n<\/section>","protected":false},"excerpt":{"rendered":"<p>\u2022 M\u0259hsul: Adobe Intelligent Services\u2022 Kateqoriya: S\u00fcni intellekt v\u0259 data  [&#8230;]<\/p>","protected":false},"featured_media":12458,"comment_status":"open","ping_status":"closed","template":"","meta":[],"product_brand":[],"product_cat":[183],"product_tag":[],"class_list":{"0":"post-12457","1":"product","2":"type-product","3":"status-publish","4":"has-post-thumbnail","6":"product_cat-adobe","7":"pa_mehsul-tipi-marketing-and-commerce","9":"first","10":"instock","11":"sold-individually","12":"shipping-taxable","13":"purchasable","14":"product-type-simple"},"_links":{"self":[{"href":"https:\/\/engitech.az\/en\/wp-json\/wp\/v2\/product\/12457","targetHints":{"allow":["GET"]}}],"collection":[{"href":"https:\/\/engitech.az\/en\/wp-json\/wp\/v2\/product"}],"about":[{"href":"https:\/\/engitech.az\/en\/wp-json\/wp\/v2\/types\/product"}],"replies":[{"embeddable":true,"href":"https:\/\/engitech.az\/en\/wp-json\/wp\/v2\/comments?post=12457"}],"wp:featuredmedia":[{"embeddable":true,"href":"https:\/\/engitech.az\/en\/wp-json\/wp\/v2\/media\/12458"}],"wp:attachment":[{"href":"https:\/\/engitech.az\/en\/wp-json\/wp\/v2\/media?parent=12457"}],"wp:term":[{"taxonomy":"product_brand","embeddable":true,"href":"https:\/\/engitech.az\/en\/wp-json\/wp\/v2\/product_brand?post=12457"},{"taxonomy":"product_cat","embeddable":true,"href":"https:\/\/engitech.az\/en\/wp-json\/wp\/v2\/product_cat?post=12457"},{"taxonomy":"product_tag","embeddable":true,"href":"https:\/\/engitech.az\/en\/wp-json\/wp\/v2\/product_tag?post=12457"}],"curies":[{"name":"wp","href":"https:\/\/api.w.org\/{rel}","templated":true}]}}