{"id":12459,"date":"2026-04-10T10:53:00","date_gmt":"2026-04-10T10:53:00","guid":{"rendered":"https:\/\/engitech.az\/?post_type=product&#038;p=12459"},"modified":"2026-04-10T10:53:01","modified_gmt":"2026-04-10T10:53:01","slug":"experience-manager","status":"publish","type":"product","link":"https:\/\/engitech.az\/en\/product\/experience-manager\/","title":{"rendered":"Experience Manager"},"content":{"rendered":"<p><strong data-start=\"0\" data-end=\"13\" data-is-only-node=\"\">\u2022 M\u0259hsul:<\/strong> Adobe Experience Manager<br data-start=\"38\" data-end=\"41\" \/><strong data-start=\"41\" data-end=\"58\">\u2022 Kateqoriya:<\/strong> Kontent idar\u0259etm\u0259 platformas\u0131 (CMS\/DAM)<br data-start=\"98\" data-end=\"101\" \/><strong data-start=\"101\" data-end=\"111\">\u2022 Tip:<\/strong> Korporativ (enterprise) h\u0259ll<br data-start=\"140\" data-end=\"143\" \/><strong data-start=\"143\" data-end=\"161\">\u2022 Funksiyalar:<\/strong> Veb sayt, asset v\u0259 kontent idar\u0259etm\u0259<br data-start=\"198\" data-end=\"201\" \/><strong data-start=\"201\" data-end=\"210\">\u2022 AI:<\/strong> F\u0259rdil\u0259\u015fdirm\u0259 v\u0259 avtomatla\u015fd\u0131rma (Adobe Sensei)<br data-start=\"258\" data-end=\"261\" \/><strong data-start=\"261\" data-end=\"277\">\u2022 Platforma:<\/strong> Web (Adobe Experience Cloud)<br data-start=\"306\" data-end=\"309\" \/><strong data-start=\"309\" data-end=\"324\">\u2022 \u0130stifad\u0259:<\/strong> B\u00f6y\u00fck biznesl\u0259r \u00fc\u00e7\u00fcn r\u0259q\u0259msal t\u0259cr\u00fcb\u0259 idar\u0259etm\u0259si<\/p>","protected":false},"excerpt":{"rendered":"<p>\u2022 M\u0259hsul: Adobe Experience Manager\u2022 Kateqoriya: Kontent idar\u0259etm\u0259 platformas\u0131 (CMS\/DAM)\u2022  [&#8230;]<\/p>","protected":false},"featured_media":12458,"comment_status":"open","ping_status":"closed","template":"","meta":[],"product_brand":[],"product_cat":[183],"product_tag":[],"class_list":{"0":"post-12459","1":"product","2":"type-product","3":"status-publish","4":"has-post-thumbnail","6":"product_cat-adobe","7":"pa_mehsul-tipi-marketing-and-commerce","9":"first","10":"instock","11":"sold-individually","12":"shipping-taxable","13":"purchasable","14":"product-type-simple"},"_links":{"self":[{"href":"https:\/\/engitech.az\/en\/wp-json\/wp\/v2\/product\/12459","targetHints":{"allow":["GET"]}}],"collection":[{"href":"https:\/\/engitech.az\/en\/wp-json\/wp\/v2\/product"}],"about":[{"href":"https:\/\/engitech.az\/en\/wp-json\/wp\/v2\/types\/product"}],"replies":[{"embeddable":true,"href":"https:\/\/engitech.az\/en\/wp-json\/wp\/v2\/comments?post=12459"}],"wp:featuredmedia":[{"embeddable":true,"href":"https:\/\/engitech.az\/en\/wp-json\/wp\/v2\/media\/12458"}],"wp:attachment":[{"href":"https:\/\/engitech.az\/en\/wp-json\/wp\/v2\/media?parent=12459"}],"wp:term":[{"taxonomy":"product_brand","embeddable":true,"href":"https:\/\/engitech.az\/en\/wp-json\/wp\/v2\/product_brand?post=12459"},{"taxonomy":"product_cat","embeddable":true,"href":"https:\/\/engitech.az\/en\/wp-json\/wp\/v2\/product_cat?post=12459"},{"taxonomy":"product_tag","embeddable":true,"href":"https:\/\/engitech.az\/en\/wp-json\/wp\/v2\/product_tag?post=12459"}],"curies":[{"name":"wp","href":"https:\/\/api.w.org\/{rel}","templated":true}]}}