{"id":12460,"date":"2026-04-10T10:54:02","date_gmt":"2026-04-10T10:54:02","guid":{"rendered":"https:\/\/engitech.az\/?post_type=product&#038;p=12460"},"modified":"2026-04-10T10:54:02","modified_gmt":"2026-04-10T10:54:02","slug":"acrobat-sign-2","status":"publish","type":"product","link":"https:\/\/engitech.az\/en\/product\/acrobat-sign-2\/","title":{"rendered":"Acrobat Sign"},"content":{"rendered":"<section class=\"text-token-text-primary w-full focus:outline-none [--shadow-height:45px] has-data-writing-block:pointer-events-none has-data-writing-block:-mt-(--shadow-height) has-data-writing-block:pt-(--shadow-height) [&amp;:has([data-writing-block])&gt;*]:pointer-events-auto scroll-mt-(--header-height)\" dir=\"auto\" data-turn-id=\"61e319dc-c5ec-4ac7-b685-feeb7d2ad40e\" data-testid=\"conversation-turn-131\" data-scroll-anchor=\"false\" data-turn=\"user\"><\/section>\n<section class=\"text-token-text-primary w-full focus:outline-none [--shadow-height:45px] has-data-writing-block:pointer-events-none has-data-writing-block:-mt-(--shadow-height) has-data-writing-block:pt-(--shadow-height) [&amp;:has([data-writing-block])&gt;*]:pointer-events-auto scroll-mt-[calc(var(--header-height)+min(200px,max(70px,20svh)))]\" dir=\"auto\" data-turn-id=\"request-WEB:a4ab4bfb-4761-4741-8f8a-e50a6cacb0e0-65\" data-testid=\"conversation-turn-132\" data-scroll-anchor=\"true\" data-turn=\"assistant\">\n<div class=\"text-base my-auto mx-auto pb-10 [--thread-content-margin:var(--thread-content-margin-xs,calc(var(--spacing)*4))] @w-sm\/main:[--thread-content-margin:var(--thread-content-margin-sm,calc(var(--spacing)*6))] @w-lg\/main:[--thread-content-margin:var(--thread-content-margin-lg,calc(var(--spacing)*16))] px-(--thread-content-margin)\">\n<div class=\"[--thread-content-max-width:40rem] @w-lg\/main:[--thread-content-max-width:48rem] mx-auto max-w-(--thread-content-max-width) flex-1 group\/turn-messages focus-visible:outline-hidden relative flex w-full min-w-0 flex-col agent-turn\">\n<div class=\"flex max-w-full flex-col gap-4 grow\">\n<div class=\"min-h-8 text-message relative flex w-full flex-col items-end gap-2 text-start break-words whitespace-normal outline-none keyboard-focused:focus-ring [.text-message+&amp;]:mt-1\" dir=\"auto\" tabindex=\"0\" data-message-author-role=\"assistant\" data-message-id=\"970c94d7-5b10-415e-9f5f-6a61f86835fc\" data-message-model-slug=\"gpt-5-3\" data-turn-start-message=\"true\">\n<div class=\"flex w-full flex-col gap-1 empty:hidden\">\n<div class=\"markdown prose dark:prose-invert w-full wrap-break-word dark markdown-new-styling\">\n<p data-start=\"0\" data-end=\"344\" data-is-last-node=\"\" data-is-only-node=\"\"><strong data-start=\"0\" data-end=\"13\" data-is-only-node=\"\">\u2022 M\u0259hsul:<\/strong> Adobe Acrobat Sign<br data-start=\"32\" data-end=\"35\" \/><strong data-start=\"35\" data-end=\"52\">\u2022 Kateqoriya:<\/strong> Elektron imza platformas\u0131<br data-start=\"78\" data-end=\"81\" \/><strong data-start=\"81\" data-end=\"91\">\u2022 Tip:<\/strong> Abun\u0259 \u0259sasl\u0131<br data-start=\"104\" data-end=\"107\" \/><strong data-start=\"107\" data-end=\"125\">\u2022 Funksiyalar:<\/strong> Elektron imza, s\u0259n\u0259d g\u00f6nd\u0259rm\u0259 v\u0259 izl\u0259m\u0259<br data-start=\"165\" data-end=\"168\" \/><strong data-start=\"168\" data-end=\"188\">\u2022 T\u0259hl\u00fck\u0259sizlik:<\/strong> R\u0259q\u0259msal imza v\u0259 h\u00fcquqi etibarl\u0131l\u0131q<br data-start=\"224\" data-end=\"227\" \/><strong data-start=\"227\" data-end=\"243\">\u2022 Platforma:<\/strong> Web, mobil, Acrobat inteqrasiyas\u0131<br data-start=\"277\" data-end=\"280\" \/><strong data-start=\"280\" data-end=\"295\">\u2022 \u0130stifad\u0259:<\/strong> M\u00fcqavil\u0259 v\u0259 s\u0259n\u0259dl\u0259rin imzalanmas\u0131 \u00fc\u00e7\u00fcn ideal<\/p>\n<\/div>\n<\/div>\n<\/div>\n<\/div>\n<\/div>\n<\/div>\n<\/section>","protected":false},"excerpt":{"rendered":"<p>\u2022 M\u0259hsul: Adobe Acrobat Sign\u2022 Kateqoriya: Elektron imza platformas\u0131\u2022 Tip:  [&#8230;]<\/p>","protected":false},"featured_media":12442,"comment_status":"open","ping_status":"closed","template":"","meta":[],"product_brand":[],"product_cat":[183],"product_tag":[],"class_list":{"0":"post-12460","1":"product","2":"type-product","3":"status-publish","4":"has-post-thumbnail","6":"product_cat-adobe","7":"pa_mehsul-tipi-marketing-and-commerce","9":"first","10":"instock","11":"sold-individually","12":"shipping-taxable","13":"purchasable","14":"product-type-simple"},"_links":{"self":[{"href":"https:\/\/engitech.az\/en\/wp-json\/wp\/v2\/product\/12460","targetHints":{"allow":["GET"]}}],"collection":[{"href":"https:\/\/engitech.az\/en\/wp-json\/wp\/v2\/product"}],"about":[{"href":"https:\/\/engitech.az\/en\/wp-json\/wp\/v2\/types\/product"}],"replies":[{"embeddable":true,"href":"https:\/\/engitech.az\/en\/wp-json\/wp\/v2\/comments?post=12460"}],"wp:featuredmedia":[{"embeddable":true,"href":"https:\/\/engitech.az\/en\/wp-json\/wp\/v2\/media\/12442"}],"wp:attachment":[{"href":"https:\/\/engitech.az\/en\/wp-json\/wp\/v2\/media?parent=12460"}],"wp:term":[{"taxonomy":"product_brand","embeddable":true,"href":"https:\/\/engitech.az\/en\/wp-json\/wp\/v2\/product_brand?post=12460"},{"taxonomy":"product_cat","embeddable":true,"href":"https:\/\/engitech.az\/en\/wp-json\/wp\/v2\/product_cat?post=12460"},{"taxonomy":"product_tag","embeddable":true,"href":"https:\/\/engitech.az\/en\/wp-json\/wp\/v2\/product_tag?post=12460"}],"curies":[{"name":"wp","href":"https:\/\/api.w.org\/{rel}","templated":true}]}}