{"id":12466,"date":"2026-04-10T10:59:23","date_gmt":"2026-04-10T10:59:23","guid":{"rendered":"https:\/\/engitech.az\/?post_type=product&#038;p=12466"},"modified":"2026-04-10T10:59:23","modified_gmt":"2026-04-10T10:59:23","slug":"adobe-connect","status":"publish","type":"product","link":"https:\/\/engitech.az\/en\/product\/adobe-connect\/","title":{"rendered":"Adobe Connect"},"content":{"rendered":"<p><strong data-start=\"0\" data-end=\"13\" data-is-only-node=\"\">\u2022 M\u0259hsul:<\/strong> Adobe Connect<br data-start=\"27\" data-end=\"30\" \/><strong data-start=\"30\" data-end=\"47\">\u2022 Kateqoriya:<\/strong> Onlayn g\u00f6r\u00fc\u015f v\u0259 webinar platformas\u0131<br data-start=\"83\" data-end=\"86\" \/><strong data-start=\"86\" data-end=\"96\">\u2022 Tip:<\/strong> Abun\u0259 \u0259sasl\u0131<br data-start=\"109\" data-end=\"112\" \/><strong data-start=\"112\" data-end=\"130\">\u2022 Funksiyalar:<\/strong> Video konfrans, webinar, ekran payla\u015f\u0131m\u0131<br data-start=\"171\" data-end=\"174\" \/><strong data-start=\"174\" data-end=\"189\">\u2022 \u0130mkanlar:<\/strong> Qeydl\u0259r, interaktiv t\u0259qdimatlar<br data-start=\"221\" data-end=\"224\" \/><strong data-start=\"224\" data-end=\"240\">\u2022 Platforma:<\/strong> Web, Windows, mobil<br data-start=\"260\" data-end=\"263\" \/><strong data-start=\"263\" data-end=\"278\">\u2022 \u0130stifad\u0259:<\/strong> T\u0259lim, g\u00f6r\u00fc\u015f v\u0259 onlayn t\u0259dbirl\u0259r \u00fc\u00e7\u00fcn ideal<\/p>","protected":false},"excerpt":{"rendered":"<p>\u2022 M\u0259hsul: Adobe Connect\u2022 Kateqoriya: Onlayn g\u00f6r\u00fc\u015f v\u0259 webinar platformas\u0131\u2022  [&#8230;]<\/p>","protected":false},"featured_media":12467,"comment_status":"open","ping_status":"closed","template":"","meta":[],"product_brand":[],"product_cat":[183],"product_tag":[],"class_list":{"0":"post-12466","1":"product","2":"type-product","3":"status-publish","4":"has-post-thumbnail","6":"product_cat-adobe","7":"pa_mehsul-tipi-additional-solutions","9":"first","10":"instock","11":"sold-individually","12":"shipping-taxable","13":"purchasable","14":"product-type-simple"},"_links":{"self":[{"href":"https:\/\/engitech.az\/en\/wp-json\/wp\/v2\/product\/12466","targetHints":{"allow":["GET"]}}],"collection":[{"href":"https:\/\/engitech.az\/en\/wp-json\/wp\/v2\/product"}],"about":[{"href":"https:\/\/engitech.az\/en\/wp-json\/wp\/v2\/types\/product"}],"replies":[{"embeddable":true,"href":"https:\/\/engitech.az\/en\/wp-json\/wp\/v2\/comments?post=12466"}],"wp:featuredmedia":[{"embeddable":true,"href":"https:\/\/engitech.az\/en\/wp-json\/wp\/v2\/media\/12467"}],"wp:attachment":[{"href":"https:\/\/engitech.az\/en\/wp-json\/wp\/v2\/media?parent=12466"}],"wp:term":[{"taxonomy":"product_brand","embeddable":true,"href":"https:\/\/engitech.az\/en\/wp-json\/wp\/v2\/product_brand?post=12466"},{"taxonomy":"product_cat","embeddable":true,"href":"https:\/\/engitech.az\/en\/wp-json\/wp\/v2\/product_cat?post=12466"},{"taxonomy":"product_tag","embeddable":true,"href":"https:\/\/engitech.az\/en\/wp-json\/wp\/v2\/product_tag?post=12466"}],"curies":[{"name":"wp","href":"https:\/\/api.w.org\/{rel}","templated":true}]}}