{"id":12468,"date":"2026-04-10T11:01:24","date_gmt":"2026-04-10T11:01:24","guid":{"rendered":"https:\/\/engitech.az\/?post_type=product&#038;p=12468"},"modified":"2026-04-10T11:01:24","modified_gmt":"2026-04-10T11:01:24","slug":"adobe-presenter-video-express","status":"publish","type":"product","link":"https:\/\/engitech.az\/en\/product\/adobe-presenter-video-express\/","title":{"rendered":"Adobe Presenter Video Express"},"content":{"rendered":"<p><strong data-start=\"0\" data-end=\"13\" data-is-only-node=\"\">\u2022 M\u0259hsul:<\/strong> Adobe Presenter Video Express<br data-start=\"43\" data-end=\"46\" \/><strong data-start=\"46\" data-end=\"63\">\u2022 Kateqoriya:<\/strong> Video t\u0259qdimat v\u0259 ekran yazma proqram\u0131<br data-start=\"102\" data-end=\"105\" \/><strong data-start=\"105\" data-end=\"115\">\u2022 Tip:<\/strong> Abun\u0259 \u0259sasl\u0131<br data-start=\"128\" data-end=\"131\" \/><strong data-start=\"131\" data-end=\"149\">\u2022 Funksiyalar:<\/strong> Ekran yazma, video t\u0259qdimat, \u201cpicture-in-picture\u201d<br data-start=\"199\" data-end=\"202\" \/><strong data-start=\"202\" data-end=\"216\">\u2022 Redakt\u0259:<\/strong> Sad\u0259 video k\u0259sm\u0259 v\u0259 d\u00fcz\u0259li\u015f al\u0259tl\u0259ri<br data-start=\"253\" data-end=\"256\" \/><strong data-start=\"256\" data-end=\"272\">\u2022 Platforma:<\/strong> Windows, macOS<br data-start=\"287\" data-end=\"290\" \/><strong data-start=\"290\" data-end=\"305\">\u2022 \u0130stifad\u0259:<\/strong> T\u0259lim videolar\u0131 v\u0259 t\u0259qdimatlar haz\u0131rlamaq \u00fc\u00e7\u00fcn ideal<\/p>","protected":false},"excerpt":{"rendered":"<p>\u2022 M\u0259hsul: Adobe Presenter Video Express\u2022 Kateqoriya: Video t\u0259qdimat v\u0259  [&#8230;]<\/p>","protected":false},"featured_media":12469,"comment_status":"open","ping_status":"closed","template":"","meta":[],"product_brand":[],"product_cat":[183],"product_tag":[],"class_list":{"0":"post-12468","1":"product","2":"type-product","3":"status-publish","4":"has-post-thumbnail","6":"product_cat-adobe","7":"pa_mehsul-tipi-additional-solutions","9":"first","10":"instock","11":"sold-individually","12":"shipping-taxable","13":"purchasable","14":"product-type-simple"},"_links":{"self":[{"href":"https:\/\/engitech.az\/en\/wp-json\/wp\/v2\/product\/12468","targetHints":{"allow":["GET"]}}],"collection":[{"href":"https:\/\/engitech.az\/en\/wp-json\/wp\/v2\/product"}],"about":[{"href":"https:\/\/engitech.az\/en\/wp-json\/wp\/v2\/types\/product"}],"replies":[{"embeddable":true,"href":"https:\/\/engitech.az\/en\/wp-json\/wp\/v2\/comments?post=12468"}],"wp:featuredmedia":[{"embeddable":true,"href":"https:\/\/engitech.az\/en\/wp-json\/wp\/v2\/media\/12469"}],"wp:attachment":[{"href":"https:\/\/engitech.az\/en\/wp-json\/wp\/v2\/media?parent=12468"}],"wp:term":[{"taxonomy":"product_brand","embeddable":true,"href":"https:\/\/engitech.az\/en\/wp-json\/wp\/v2\/product_brand?post=12468"},{"taxonomy":"product_cat","embeddable":true,"href":"https:\/\/engitech.az\/en\/wp-json\/wp\/v2\/product_cat?post=12468"},{"taxonomy":"product_tag","embeddable":true,"href":"https:\/\/engitech.az\/en\/wp-json\/wp\/v2\/product_tag?post=12468"}],"curies":[{"name":"wp","href":"https:\/\/api.w.org\/{rel}","templated":true}]}}