{"id":12470,"date":"2026-04-10T11:02:50","date_gmt":"2026-04-10T11:02:50","guid":{"rendered":"https:\/\/engitech.az\/?post_type=product&#038;p=12470"},"modified":"2026-04-10T11:02:51","modified_gmt":"2026-04-10T11:02:51","slug":"adobe-captivate","status":"publish","type":"product","link":"https:\/\/engitech.az\/en\/product\/adobe-captivate\/","title":{"rendered":"Adobe Captivate"},"content":{"rendered":"<p><strong data-start=\"0\" data-end=\"13\" data-is-only-node=\"\">\u2022 M\u0259hsul:<\/strong> Adobe Captivate<br data-start=\"29\" data-end=\"32\" \/><strong data-start=\"32\" data-end=\"49\">\u2022 Kateqoriya:<\/strong> E-learning (onlayn t\u0259lim) yarad\u0131c\u0131 proqram\u0131<br data-start=\"93\" data-end=\"96\" \/><strong data-start=\"96\" data-end=\"106\">\u2022 Tip:<\/strong> Abun\u0259 \u0259sasl\u0131<br data-start=\"119\" data-end=\"122\" \/><strong data-start=\"122\" data-end=\"140\">\u2022 Funksiyalar:<\/strong> \u0130nteraktiv kurslar, testl\u0259r, simulyasiya v\u0259 t\u0259qdimat haz\u0131rlama<br data-start=\"203\" data-end=\"206\" \/><strong data-start=\"206\" data-end=\"221\">\u2022 \u0130mkanlar:<\/strong> Ekran yazma v\u0259 SCORM\/xAPI d\u0259st\u0259yi<br data-start=\"255\" data-end=\"258\" \/><strong data-start=\"258\" data-end=\"274\">\u2022 Platforma:<\/strong> Windows, macOS<br data-start=\"289\" data-end=\"292\" \/><strong data-start=\"292\" data-end=\"307\">\u2022 \u0130stifad\u0259:<\/strong> Onlayn t\u0259lim v\u0259 korporativ kurslar yaratmaq \u00fc\u00e7\u00fcn ideal<\/p>","protected":false},"excerpt":{"rendered":"<p>\u2022 M\u0259hsul: Adobe Captivate\u2022 Kateqoriya: E-learning (onlayn t\u0259lim) yarad\u0131c\u0131 proqram\u0131\u2022  [&#8230;]<\/p>","protected":false},"featured_media":12471,"comment_status":"open","ping_status":"closed","template":"","meta":[],"product_brand":[],"product_cat":[183],"product_tag":[],"class_list":{"0":"post-12470","1":"product","2":"type-product","3":"status-publish","4":"has-post-thumbnail","6":"product_cat-adobe","7":"pa_mehsul-tipi-additional-solutions","9":"first","10":"instock","11":"sold-individually","12":"shipping-taxable","13":"purchasable","14":"product-type-simple"},"_links":{"self":[{"href":"https:\/\/engitech.az\/en\/wp-json\/wp\/v2\/product\/12470","targetHints":{"allow":["GET"]}}],"collection":[{"href":"https:\/\/engitech.az\/en\/wp-json\/wp\/v2\/product"}],"about":[{"href":"https:\/\/engitech.az\/en\/wp-json\/wp\/v2\/types\/product"}],"replies":[{"embeddable":true,"href":"https:\/\/engitech.az\/en\/wp-json\/wp\/v2\/comments?post=12470"}],"wp:featuredmedia":[{"embeddable":true,"href":"https:\/\/engitech.az\/en\/wp-json\/wp\/v2\/media\/12471"}],"wp:attachment":[{"href":"https:\/\/engitech.az\/en\/wp-json\/wp\/v2\/media?parent=12470"}],"wp:term":[{"taxonomy":"product_brand","embeddable":true,"href":"https:\/\/engitech.az\/en\/wp-json\/wp\/v2\/product_brand?post=12470"},{"taxonomy":"product_cat","embeddable":true,"href":"https:\/\/engitech.az\/en\/wp-json\/wp\/v2\/product_cat?post=12470"},{"taxonomy":"product_tag","embeddable":true,"href":"https:\/\/engitech.az\/en\/wp-json\/wp\/v2\/product_tag?post=12470"}],"curies":[{"name":"wp","href":"https:\/\/api.w.org\/{rel}","templated":true}]}}