{"id":12472,"date":"2026-04-10T11:06:29","date_gmt":"2026-04-10T11:06:29","guid":{"rendered":"https:\/\/engitech.az\/?post_type=product&#038;p=12472"},"modified":"2026-04-10T11:06:29","modified_gmt":"2026-04-10T11:06:29","slug":"framemaker","status":"publish","type":"product","link":"https:\/\/engitech.az\/en\/product\/framemaker\/","title":{"rendered":"FrameMaker"},"content":{"rendered":"<p><strong data-start=\"0\" data-end=\"13\" data-is-only-node=\"\">\u2022 M\u0259hsul:<\/strong> Adobe FrameMaker<br data-start=\"30\" data-end=\"33\" \/><strong data-start=\"33\" data-end=\"50\">\u2022 Kateqoriya:<\/strong> Texniki s\u0259n\u0259d v\u0259 n\u0259\u015friyyat proqram\u0131<br data-start=\"86\" data-end=\"89\" \/><strong data-start=\"89\" data-end=\"99\">\u2022 Tip:<\/strong> Abun\u0259 \u0259sasl\u0131 \/ lisenziya<br data-start=\"124\" data-end=\"127\" \/><strong data-start=\"127\" data-end=\"145\">\u2022 Funksiyalar:<\/strong> Uzun s\u0259n\u0259dl\u0259r, manual v\u0259 texniki kitablar\u0131n haz\u0131rlanmas\u0131<br data-start=\"202\" data-end=\"205\" \/><strong data-start=\"205\" data-end=\"220\">\u2022 \u0130mkanlar:<\/strong> Structured content, XML\/DITA d\u0259st\u0259yi<br data-start=\"257\" data-end=\"260\" \/><strong data-start=\"260\" data-end=\"276\">\u2022 Platforma:<\/strong> Windows<br data-start=\"284\" data-end=\"287\" \/><strong data-start=\"287\" data-end=\"302\">\u2022 \u0130stifad\u0259:<\/strong> Texniki s\u0259n\u0259dl\u0259r v\u0259 korporativ n\u0259\u015frl\u0259r \u00fc\u00e7\u00fcn ideal<\/p>","protected":false},"excerpt":{"rendered":"<p>\u2022 M\u0259hsul: Adobe FrameMaker\u2022 Kateqoriya: Texniki s\u0259n\u0259d v\u0259 n\u0259\u015friyyat proqram\u0131\u2022  [&#8230;]<\/p>","protected":false},"featured_media":12473,"comment_status":"open","ping_status":"closed","template":"","meta":[],"product_brand":[],"product_cat":[183],"product_tag":[],"class_list":{"0":"post-12472","1":"product","2":"type-product","3":"status-publish","4":"has-post-thumbnail","6":"product_cat-adobe","7":"pa_mehsul-tipi-additional-solutions","9":"first","10":"instock","11":"sold-individually","12":"shipping-taxable","13":"purchasable","14":"product-type-simple"},"_links":{"self":[{"href":"https:\/\/engitech.az\/en\/wp-json\/wp\/v2\/product\/12472","targetHints":{"allow":["GET"]}}],"collection":[{"href":"https:\/\/engitech.az\/en\/wp-json\/wp\/v2\/product"}],"about":[{"href":"https:\/\/engitech.az\/en\/wp-json\/wp\/v2\/types\/product"}],"replies":[{"embeddable":true,"href":"https:\/\/engitech.az\/en\/wp-json\/wp\/v2\/comments?post=12472"}],"wp:featuredmedia":[{"embeddable":true,"href":"https:\/\/engitech.az\/en\/wp-json\/wp\/v2\/media\/12473"}],"wp:attachment":[{"href":"https:\/\/engitech.az\/en\/wp-json\/wp\/v2\/media?parent=12472"}],"wp:term":[{"taxonomy":"product_brand","embeddable":true,"href":"https:\/\/engitech.az\/en\/wp-json\/wp\/v2\/product_brand?post=12472"},{"taxonomy":"product_cat","embeddable":true,"href":"https:\/\/engitech.az\/en\/wp-json\/wp\/v2\/product_cat?post=12472"},{"taxonomy":"product_tag","embeddable":true,"href":"https:\/\/engitech.az\/en\/wp-json\/wp\/v2\/product_tag?post=12472"}],"curies":[{"name":"wp","href":"https:\/\/api.w.org\/{rel}","templated":true}]}}