{"id":12474,"date":"2026-04-10T11:11:39","date_gmt":"2026-04-10T11:11:39","guid":{"rendered":"https:\/\/engitech.az\/?post_type=product&#038;p=12474"},"modified":"2026-04-10T11:11:39","modified_gmt":"2026-04-10T11:11:39","slug":"photoshop-elements-2026","status":"publish","type":"product","link":"https:\/\/engitech.az\/en\/product\/photoshop-elements-2026\/","title":{"rendered":"Photoshop Elements 2026"},"content":{"rendered":"<p><strong data-start=\"0\" data-end=\"13\" data-is-only-node=\"\">\u2022 M\u0259hsul:<\/strong> Adobe Photoshop Elements 2026<br data-start=\"43\" data-end=\"46\" \/><strong data-start=\"46\" data-end=\"63\">\u2022 Kateqoriya:<\/strong> Sad\u0259 foto redakt\u0259 proqram\u0131<br data-start=\"90\" data-end=\"93\" \/><strong data-start=\"93\" data-end=\"103\">\u2022 Tip:<\/strong> 3 illik lisenziya (bird\u0259f\u0259lik \u00f6d\u0259ni\u015f)<br data-start=\"141\" data-end=\"144\" \/><strong data-start=\"144\" data-end=\"162\">\u2022 Funksiyalar:<\/strong> Foto redakt\u0259, AI il\u0259 obyekt silm\u0259, fon d\u0259yi\u015fm\u0259, avtomatik d\u00fcz\u0259li\u015f<br data-start=\"228\" data-end=\"231\" \/><strong data-start=\"231\" data-end=\"240\">\u2022 AI:<\/strong> Generativ AI il\u0259 \u015f\u0259kil yaratma v\u0259 element \u0259lav\u0259 etm\u0259<br data-start=\"293\" data-end=\"296\" \/><strong data-start=\"296\" data-end=\"312\">\u2022 Platforma:<\/strong> Windows, macOS<br data-start=\"327\" data-end=\"330\" \/><strong data-start=\"330\" data-end=\"345\">\u2022 \u0130stifad\u0259:<\/strong> Sad\u0259 v\u0259 s\u00fcr\u0259tli foto i\u015fl\u0259m\u0259 \u00fc\u00e7\u00fcn ideal<\/p>","protected":false},"excerpt":{"rendered":"<p>\u2022 M\u0259hsul: Adobe Photoshop Elements 2026\u2022 Kateqoriya: Sad\u0259 foto redakt\u0259  [&#8230;]<\/p>","protected":false},"featured_media":12475,"comment_status":"open","ping_status":"closed","template":"","meta":[],"product_brand":[],"product_cat":[183],"product_tag":[],"class_list":{"0":"post-12474","1":"product","2":"type-product","3":"status-publish","4":"has-post-thumbnail","6":"product_cat-adobe","7":"pa_mehsul-tipi-additional-solutions","9":"first","10":"instock","11":"sold-individually","12":"shipping-taxable","13":"purchasable","14":"product-type-simple"},"_links":{"self":[{"href":"https:\/\/engitech.az\/en\/wp-json\/wp\/v2\/product\/12474","targetHints":{"allow":["GET"]}}],"collection":[{"href":"https:\/\/engitech.az\/en\/wp-json\/wp\/v2\/product"}],"about":[{"href":"https:\/\/engitech.az\/en\/wp-json\/wp\/v2\/types\/product"}],"replies":[{"embeddable":true,"href":"https:\/\/engitech.az\/en\/wp-json\/wp\/v2\/comments?post=12474"}],"wp:featuredmedia":[{"embeddable":true,"href":"https:\/\/engitech.az\/en\/wp-json\/wp\/v2\/media\/12475"}],"wp:attachment":[{"href":"https:\/\/engitech.az\/en\/wp-json\/wp\/v2\/media?parent=12474"}],"wp:term":[{"taxonomy":"product_brand","embeddable":true,"href":"https:\/\/engitech.az\/en\/wp-json\/wp\/v2\/product_brand?post=12474"},{"taxonomy":"product_cat","embeddable":true,"href":"https:\/\/engitech.az\/en\/wp-json\/wp\/v2\/product_cat?post=12474"},{"taxonomy":"product_tag","embeddable":true,"href":"https:\/\/engitech.az\/en\/wp-json\/wp\/v2\/product_tag?post=12474"}],"curies":[{"name":"wp","href":"https:\/\/api.w.org\/{rel}","templated":true}]}}