{"id":12478,"date":"2026-04-10T11:25:15","date_gmt":"2026-04-10T11:25:15","guid":{"rendered":"https:\/\/engitech.az\/?post_type=product&#038;p=12478"},"modified":"2026-04-10T11:25:15","modified_gmt":"2026-04-10T11:25:15","slug":"robohelp-server","status":"publish","type":"product","link":"https:\/\/engitech.az\/en\/product\/robohelp-server\/","title":{"rendered":"RoboHelp Server"},"content":{"rendered":"<p><strong data-start=\"0\" data-end=\"13\" data-is-only-node=\"\">\u2022 M\u0259hsul:<\/strong> Adobe RoboHelp Server<br data-start=\"35\" data-end=\"38\" \/><strong data-start=\"38\" data-end=\"55\">\u2022 Kateqoriya:<\/strong> Help content v\u0259 s\u0259n\u0259d idar\u0259etm\u0259 serveri<br data-start=\"95\" data-end=\"98\" \/><strong data-start=\"98\" data-end=\"108\">\u2022 Tip:<\/strong> Korporativ (enterprise) h\u0259ll<br data-start=\"137\" data-end=\"140\" \/><strong data-start=\"140\" data-end=\"158\">\u2022 Funksiyalar:<\/strong> Online help sistemi, s\u0259n\u0259d yay\u0131mlama, axtar\u0131\u015f v\u0259 analitika<br data-start=\"217\" data-end=\"220\" \/><strong data-start=\"220\" data-end=\"235\">\u2022 \u0130mkanlar:<\/strong> HTML5 help content host etm\u0259 v\u0259 istifad\u0259\u00e7i izl\u0259m\u0259<br data-start=\"285\" data-end=\"288\" \/><strong data-start=\"288\" data-end=\"304\">\u2022 Platforma:<\/strong> Windows Server \/ Web<br data-start=\"325\" data-end=\"328\" \/><strong data-start=\"328\" data-end=\"343\">\u2022 \u0130stifad\u0259:<\/strong> Texniki d\u0259st\u0259k v\u0259 yard\u0131m s\u0259n\u0259dl\u0259rinin idar\u0259si \u00fc\u00e7\u00fcn ideal<\/p>","protected":false},"excerpt":{"rendered":"<p>\u2022 M\u0259hsul: Adobe RoboHelp Server\u2022 Kateqoriya: Help content v\u0259 s\u0259n\u0259d  [&#8230;]<\/p>","protected":false},"featured_media":12479,"comment_status":"open","ping_status":"closed","template":"","meta":[],"product_brand":[],"product_cat":[183],"product_tag":[],"class_list":{"0":"post-12478","1":"product","2":"type-product","3":"status-publish","4":"has-post-thumbnail","6":"product_cat-adobe","7":"pa_mehsul-tipi-additional-solutions","9":"first","10":"instock","11":"sold-individually","12":"shipping-taxable","13":"purchasable","14":"product-type-simple"},"_links":{"self":[{"href":"https:\/\/engitech.az\/en\/wp-json\/wp\/v2\/product\/12478","targetHints":{"allow":["GET"]}}],"collection":[{"href":"https:\/\/engitech.az\/en\/wp-json\/wp\/v2\/product"}],"about":[{"href":"https:\/\/engitech.az\/en\/wp-json\/wp\/v2\/types\/product"}],"replies":[{"embeddable":true,"href":"https:\/\/engitech.az\/en\/wp-json\/wp\/v2\/comments?post=12478"}],"wp:featuredmedia":[{"embeddable":true,"href":"https:\/\/engitech.az\/en\/wp-json\/wp\/v2\/media\/12479"}],"wp:attachment":[{"href":"https:\/\/engitech.az\/en\/wp-json\/wp\/v2\/media?parent=12478"}],"wp:term":[{"taxonomy":"product_brand","embeddable":true,"href":"https:\/\/engitech.az\/en\/wp-json\/wp\/v2\/product_brand?post=12478"},{"taxonomy":"product_cat","embeddable":true,"href":"https:\/\/engitech.az\/en\/wp-json\/wp\/v2\/product_cat?post=12478"},{"taxonomy":"product_tag","embeddable":true,"href":"https:\/\/engitech.az\/en\/wp-json\/wp\/v2\/product_tag?post=12478"}],"curies":[{"name":"wp","href":"https:\/\/api.w.org\/{rel}","templated":true}]}}