{"id":12480,"date":"2026-04-10T11:27:11","date_gmt":"2026-04-10T11:27:11","guid":{"rendered":"https:\/\/engitech.az\/?post_type=product&#038;p=12480"},"modified":"2026-04-10T11:27:11","modified_gmt":"2026-04-10T11:27:11","slug":"indesign-server","status":"publish","type":"product","link":"https:\/\/engitech.az\/en\/product\/indesign-server\/","title":{"rendered":"InDesign Server"},"content":{"rendered":"<p><strong data-start=\"0\" data-end=\"13\" data-is-only-node=\"\">\u2022 M\u0259hsul:<\/strong> Adobe InDesign Server<br data-start=\"35\" data-end=\"38\" \/><strong data-start=\"38\" data-end=\"55\">\u2022 Kateqoriya:<\/strong> Avtomatla\u015fd\u0131r\u0131lm\u0131\u015f s\u0259hif\u0259 dizayn serveri<br data-start=\"96\" data-end=\"99\" \/><strong data-start=\"99\" data-end=\"109\">\u2022 Tip:<\/strong> Korporativ (enterprise) h\u0259ll<br data-start=\"138\" data-end=\"141\" \/><strong data-start=\"141\" data-end=\"159\">\u2022 Funksiyalar:<\/strong> Avtomatik PDF, katalog, bro\u015f\u00fcr v\u0259 layout yarad\u0131lmas\u0131<br data-start=\"212\" data-end=\"215\" \/><strong data-start=\"215\" data-end=\"230\">\u2022 \u0130mkanlar:<\/strong> Template \u0259sasl\u0131 avtomatla\u015fd\u0131rma, API inteqrasiyas\u0131<br data-start=\"281\" data-end=\"284\" \/><strong data-start=\"284\" data-end=\"300\">\u2022 Platforma:<\/strong> Windows v\u0259 Linux server<br data-start=\"324\" data-end=\"327\" \/><strong data-start=\"327\" data-end=\"342\">\u2022 \u0130stifad\u0259:<\/strong> B\u00f6y\u00fck h\u0259cmli \u00e7ap v\u0259 dizayn i\u015fl\u0259rinin avtomatla\u015fd\u0131r\u0131lmas\u0131 \u00fc\u00e7\u00fcn ideal<\/p>","protected":false},"excerpt":{"rendered":"<p>\u2022 M\u0259hsul: Adobe InDesign Server\u2022 Kateqoriya: Avtomatla\u015fd\u0131r\u0131lm\u0131\u015f s\u0259hif\u0259 dizayn serveri\u2022  [&#8230;]<\/p>","protected":false},"featured_media":12481,"comment_status":"open","ping_status":"closed","template":"","meta":[],"product_brand":[],"product_cat":[183],"product_tag":[],"class_list":{"0":"post-12480","1":"product","2":"type-product","3":"status-publish","4":"has-post-thumbnail","6":"product_cat-adobe","7":"pa_mehsul-tipi-additional-solutions","9":"first","10":"instock","11":"sold-individually","12":"shipping-taxable","13":"purchasable","14":"product-type-simple"},"_links":{"self":[{"href":"https:\/\/engitech.az\/en\/wp-json\/wp\/v2\/product\/12480","targetHints":{"allow":["GET"]}}],"collection":[{"href":"https:\/\/engitech.az\/en\/wp-json\/wp\/v2\/product"}],"about":[{"href":"https:\/\/engitech.az\/en\/wp-json\/wp\/v2\/types\/product"}],"replies":[{"embeddable":true,"href":"https:\/\/engitech.az\/en\/wp-json\/wp\/v2\/comments?post=12480"}],"wp:featuredmedia":[{"embeddable":true,"href":"https:\/\/engitech.az\/en\/wp-json\/wp\/v2\/media\/12481"}],"wp:attachment":[{"href":"https:\/\/engitech.az\/en\/wp-json\/wp\/v2\/media?parent=12480"}],"wp:term":[{"taxonomy":"product_brand","embeddable":true,"href":"https:\/\/engitech.az\/en\/wp-json\/wp\/v2\/product_brand?post=12480"},{"taxonomy":"product_cat","embeddable":true,"href":"https:\/\/engitech.az\/en\/wp-json\/wp\/v2\/product_cat?post=12480"},{"taxonomy":"product_tag","embeddable":true,"href":"https:\/\/engitech.az\/en\/wp-json\/wp\/v2\/product_tag?post=12480"}],"curies":[{"name":"wp","href":"https:\/\/api.w.org\/{rel}","templated":true}]}}