{"id":12500,"date":"2026-04-13T08:26:31","date_gmt":"2026-04-13T08:26:31","guid":{"rendered":"https:\/\/engitech.az\/?post_type=product&#038;p=12500"},"modified":"2026-04-13T08:26:31","modified_gmt":"2026-04-13T08:26:31","slug":"outdoor-wtc-144-13824","status":"publish","type":"product","link":"https:\/\/engitech.az\/en\/product\/outdoor-wtc-144-13824\/","title":{"rendered":"Outdoor WTC\u2122 144 \u2013 13,824"},"content":{"rendered":"<p><strong data-start=\"0\" data-end=\"13\" data-is-only-node=\"\">\u2022 M\u0259hsul:<\/strong> Fujikura Outdoor WTC\u2122 144 \u2013 13,824<br data-start=\"48\" data-end=\"51\" \/><strong data-start=\"51\" data-end=\"68\">\u2022 Kateqoriya:<\/strong> Fiber optik kabel (outdoor)<br data-start=\"96\" data-end=\"99\" \/><strong data-start=\"99\" data-end=\"109\">\u2022 Tip:<\/strong> Y\u00fcks\u0259k tutumlu backbone kabel<br data-start=\"139\" data-end=\"142\" \/><strong data-start=\"142\" data-end=\"154\">\u2022 Tutum:<\/strong> 13,824 fiber core<br data-start=\"172\" data-end=\"175\" \/><strong data-start=\"175\" data-end=\"189\">\u2022 Qurulu\u015f:<\/strong> Outdoor, suya v\u0259 iqlim\u0259 davaml\u0131<br data-start=\"221\" data-end=\"224\" \/><strong data-start=\"224\" data-end=\"237\">\u2022 Qoruma:<\/strong> UV v\u0259 mexaniki t\u0259sirl\u0259r\u0259 qar\u015f\u0131<br data-start=\"268\" data-end=\"271\" \/><strong data-start=\"271\" data-end=\"286\">\u2022 \u0130stifad\u0259:<\/strong> Telekom v\u0259 \u015f\u0259b\u0259k\u0259 infrastrukturu \u00fc\u00e7\u00fcn ideal<\/p>","protected":false},"excerpt":{"rendered":"<p>\u2022 M\u0259hsul: Fujikura Outdoor WTC\u2122 144 \u2013 13,824\u2022 Kateqoriya: Fiber  [&#8230;]<\/p>","protected":false},"featured_media":12501,"comment_status":"open","ping_status":"closed","template":"","meta":[],"product_brand":[],"product_cat":[203],"product_tag":[],"class_list":{"0":"post-12500","1":"product","2":"type-product","3":"status-publish","4":"has-post-thumbnail","6":"product_cat-fujikura","7":"pa_mehsul-tipi-fiber-optic-cables","9":"first","10":"instock","11":"sold-individually","12":"shipping-taxable","13":"purchasable","14":"product-type-simple"},"_links":{"self":[{"href":"https:\/\/engitech.az\/en\/wp-json\/wp\/v2\/product\/12500","targetHints":{"allow":["GET"]}}],"collection":[{"href":"https:\/\/engitech.az\/en\/wp-json\/wp\/v2\/product"}],"about":[{"href":"https:\/\/engitech.az\/en\/wp-json\/wp\/v2\/types\/product"}],"replies":[{"embeddable":true,"href":"https:\/\/engitech.az\/en\/wp-json\/wp\/v2\/comments?post=12500"}],"wp:featuredmedia":[{"embeddable":true,"href":"https:\/\/engitech.az\/en\/wp-json\/wp\/v2\/media\/12501"}],"wp:attachment":[{"href":"https:\/\/engitech.az\/en\/wp-json\/wp\/v2\/media?parent=12500"}],"wp:term":[{"taxonomy":"product_brand","embeddable":true,"href":"https:\/\/engitech.az\/en\/wp-json\/wp\/v2\/product_brand?post=12500"},{"taxonomy":"product_cat","embeddable":true,"href":"https:\/\/engitech.az\/en\/wp-json\/wp\/v2\/product_cat?post=12500"},{"taxonomy":"product_tag","embeddable":true,"href":"https:\/\/engitech.az\/en\/wp-json\/wp\/v2\/product_tag?post=12500"}],"curies":[{"name":"wp","href":"https:\/\/api.w.org\/{rel}","templated":true}]}}