{"id":12502,"date":"2026-04-13T08:30:42","date_gmt":"2026-04-13T08:30:42","guid":{"rendered":"https:\/\/engitech.az\/?post_type=product&#038;p=12502"},"modified":"2026-04-13T08:30:42","modified_gmt":"2026-04-13T08:30:42","slug":"single-jacket-single-armor-wtc-sjsa-wtc","status":"publish","type":"product","link":"https:\/\/engitech.az\/en\/product\/single-jacket-single-armor-wtc-sjsa-wtc\/","title":{"rendered":"Single Jacket Single Armor WTC\u2122 (SJSA-WTC\u2122)"},"content":{"rendered":"<p><strong data-start=\"0\" data-end=\"13\" data-is-only-node=\"\">\u2022 M\u0259hsul:<\/strong> Fujikura SJSA-WTC\u2122 (Single Jacket Single Armor)<br data-start=\"61\" data-end=\"64\" \/><strong data-start=\"64\" data-end=\"81\">\u2022 Kateqoriya:<\/strong> Fiber optik kabel (outdoor)<br data-start=\"109\" data-end=\"112\" \/><strong data-start=\"112\" data-end=\"122\">\u2022 Tip:<\/strong> Single Jacket, Single Armor qurulu\u015flu kabel<br data-start=\"166\" data-end=\"169\" \/><strong data-start=\"169\" data-end=\"183\">\u2022 Qurulu\u015f:<\/strong> T\u0259k \u00f6rt\u00fck + t\u0259k zireh (mexaniki qoruma)<br data-start=\"223\" data-end=\"226\" \/><strong data-start=\"226\" data-end=\"239\">\u2022 Qoruma:<\/strong> N\u0259mlik, z\u0259rb\u0259 v\u0259 g\u0259miricil\u0259r\u0259 qar\u015f\u0131 davaml\u0131<br data-start=\"283\" data-end=\"286\" \/><strong data-start=\"286\" data-end=\"301\">\u2022 \u0130stifad\u0259:<\/strong> Yeralt\u0131 v\u0259 \u00e7\u0259tin m\u00fchitl\u0259rd\u0259 \u015f\u0259b\u0259k\u0259 \u00e7\u0259kili\u015fi \u00fc\u00e7\u00fcn ideal<\/p>","protected":false},"excerpt":{"rendered":"<p>\u2022 M\u0259hsul: Fujikura SJSA-WTC\u2122 (Single Jacket Single Armor)\u2022 Kateqoriya: Fiber  [&#8230;]<\/p>","protected":false},"featured_media":12503,"comment_status":"open","ping_status":"closed","template":"","meta":[],"product_brand":[],"product_cat":[203],"product_tag":[],"class_list":{"0":"post-12502","1":"product","2":"type-product","3":"status-publish","4":"has-post-thumbnail","6":"product_cat-fujikura","7":"pa_mehsul-tipi-fiber-optic-cables","9":"first","10":"instock","11":"sold-individually","12":"shipping-taxable","13":"purchasable","14":"product-type-simple"},"_links":{"self":[{"href":"https:\/\/engitech.az\/en\/wp-json\/wp\/v2\/product\/12502","targetHints":{"allow":["GET"]}}],"collection":[{"href":"https:\/\/engitech.az\/en\/wp-json\/wp\/v2\/product"}],"about":[{"href":"https:\/\/engitech.az\/en\/wp-json\/wp\/v2\/types\/product"}],"replies":[{"embeddable":true,"href":"https:\/\/engitech.az\/en\/wp-json\/wp\/v2\/comments?post=12502"}],"wp:featuredmedia":[{"embeddable":true,"href":"https:\/\/engitech.az\/en\/wp-json\/wp\/v2\/media\/12503"}],"wp:attachment":[{"href":"https:\/\/engitech.az\/en\/wp-json\/wp\/v2\/media?parent=12502"}],"wp:term":[{"taxonomy":"product_brand","embeddable":true,"href":"https:\/\/engitech.az\/en\/wp-json\/wp\/v2\/product_brand?post=12502"},{"taxonomy":"product_cat","embeddable":true,"href":"https:\/\/engitech.az\/en\/wp-json\/wp\/v2\/product_cat?post=12502"},{"taxonomy":"product_tag","embeddable":true,"href":"https:\/\/engitech.az\/en\/wp-json\/wp\/v2\/product_tag?post=12502"}],"curies":[{"name":"wp","href":"https:\/\/api.w.org\/{rel}","templated":true}]}}