{"id":12504,"date":"2026-04-13T08:33:16","date_gmt":"2026-04-13T08:33:16","guid":{"rendered":"https:\/\/engitech.az\/?post_type=product&#038;p=12504"},"modified":"2026-04-13T08:33:16","modified_gmt":"2026-04-13T08:33:16","slug":"conventional-double-jacket-structure-wtc24-864f","status":"publish","type":"product","link":"https:\/\/engitech.az\/en\/product\/conventional-double-jacket-structure-wtc24-864f\/","title":{"rendered":"Conventional Double Jacket Structure WTC\u212224 \u2013 864F"},"content":{"rendered":"<p><strong data-start=\"0\" data-end=\"13\" data-is-only-node=\"\">\u2022 M\u0259hsul:<\/strong> Fujikura WTC\u212224 \u2013 864F (Double Jacket)<br data-start=\"52\" data-end=\"55\" \/><strong data-start=\"55\" data-end=\"72\">\u2022 Kateqoriya:<\/strong> Fiber optik kabel (outdoor)<br data-start=\"100\" data-end=\"103\" \/><strong data-start=\"103\" data-end=\"113\">\u2022 Tip:<\/strong> Double Jacket (ikiqat \u00f6rt\u00fckl\u00fc) struktur<br data-start=\"153\" data-end=\"156\" \/><strong data-start=\"156\" data-end=\"168\">\u2022 Tutum:<\/strong> 864 fiber core<br data-start=\"183\" data-end=\"186\" \/><strong data-start=\"186\" data-end=\"200\">\u2022 Qurulu\u015f:<\/strong> \u0130kiqat qoruyucu \u00f6rt\u00fck \u2013 \u0259lav\u0259 davaml\u0131l\u0131q<br data-start=\"241\" data-end=\"244\" \/><strong data-start=\"244\" data-end=\"257\">\u2022 Qoruma:<\/strong> N\u0259mlik, UV v\u0259 mexaniki t\u0259sirl\u0259r\u0259 qar\u015f\u0131<br data-start=\"296\" data-end=\"299\" \/><strong data-start=\"299\" data-end=\"314\">\u2022 \u0130stifad\u0259:<\/strong> Telekom v\u0259 geni\u015f \u015f\u0259b\u0259k\u0259 infrastrukturu \u00fc\u00e7\u00fcn ideal<\/p>","protected":false},"excerpt":{"rendered":"<p>\u2022 M\u0259hsul: Fujikura WTC\u212224 \u2013 864F (Double Jacket)\u2022 Kateqoriya: Fiber  [&#8230;]<\/p>","protected":false},"featured_media":12505,"comment_status":"open","ping_status":"closed","template":"","meta":[],"product_brand":[],"product_cat":[203],"product_tag":[],"class_list":{"0":"post-12504","1":"product","2":"type-product","3":"status-publish","4":"has-post-thumbnail","6":"product_cat-fujikura","7":"pa_mehsul-tipi-fiber-optic-cables","9":"first","10":"instock","11":"sold-individually","12":"shipping-taxable","13":"purchasable","14":"product-type-simple"},"_links":{"self":[{"href":"https:\/\/engitech.az\/en\/wp-json\/wp\/v2\/product\/12504","targetHints":{"allow":["GET"]}}],"collection":[{"href":"https:\/\/engitech.az\/en\/wp-json\/wp\/v2\/product"}],"about":[{"href":"https:\/\/engitech.az\/en\/wp-json\/wp\/v2\/types\/product"}],"replies":[{"embeddable":true,"href":"https:\/\/engitech.az\/en\/wp-json\/wp\/v2\/comments?post=12504"}],"wp:featuredmedia":[{"embeddable":true,"href":"https:\/\/engitech.az\/en\/wp-json\/wp\/v2\/media\/12505"}],"wp:attachment":[{"href":"https:\/\/engitech.az\/en\/wp-json\/wp\/v2\/media?parent=12504"}],"wp:term":[{"taxonomy":"product_brand","embeddable":true,"href":"https:\/\/engitech.az\/en\/wp-json\/wp\/v2\/product_brand?post=12504"},{"taxonomy":"product_cat","embeddable":true,"href":"https:\/\/engitech.az\/en\/wp-json\/wp\/v2\/product_cat?post=12504"},{"taxonomy":"product_tag","embeddable":true,"href":"https:\/\/engitech.az\/en\/wp-json\/wp\/v2\/product_tag?post=12504"}],"curies":[{"name":"wp","href":"https:\/\/api.w.org\/{rel}","templated":true}]}}