{"id":12506,"date":"2026-04-13T08:36:35","date_gmt":"2026-04-13T08:36:35","guid":{"rendered":"https:\/\/engitech.az\/?post_type=product&#038;p=12506"},"modified":"2026-04-13T08:36:35","modified_gmt":"2026-04-13T08:36:35","slug":"indoor-outdoor-wtc-144-6912f","status":"publish","type":"product","link":"https:\/\/engitech.az\/en\/product\/indoor-outdoor-wtc-144-6912f\/","title":{"rendered":"Indoor\/Outdoor WTC\u2122 144 \u2013 6912F"},"content":{"rendered":"<p><strong data-start=\"0\" data-end=\"13\" data-is-only-node=\"\">\u2022 M\u0259hsul:<\/strong> Fujikura Indoor\/Outdoor WTC\u2122 144 \u2013 6912F<br data-start=\"54\" data-end=\"57\" \/><strong data-start=\"57\" data-end=\"74\">\u2022 Kateqoriya:<\/strong> Fiber optik kabel (indoor\/outdoor)<br data-start=\"109\" data-end=\"112\" \/><strong data-start=\"112\" data-end=\"122\">\u2022 Tip:<\/strong> Universal (daxili v\u0259 xarici istifad\u0259 \u00fc\u00e7\u00fcn)<br data-start=\"165\" data-end=\"168\" \/><strong data-start=\"168\" data-end=\"180\">\u2022 Tutum:<\/strong> 6912 fiber core<br data-start=\"196\" data-end=\"199\" \/><strong data-start=\"199\" data-end=\"213\">\u2022 Qurulu\u015f:<\/strong> H\u0259m indoor, h\u0259m outdoor m\u00fchit\u0259 uy\u011fun<br data-start=\"250\" data-end=\"253\" \/><strong data-start=\"253\" data-end=\"266\">\u2022 Qoruma:<\/strong> N\u0259mlik, UV v\u0259 mexaniki t\u0259sirl\u0259r\u0259 qar\u015f\u0131<br data-start=\"305\" data-end=\"308\" \/><strong data-start=\"308\" data-end=\"323\">\u2022 \u0130stifad\u0259:<\/strong> Bina daxilind\u0259n xarici \u015f\u0259b\u0259k\u0259y\u0259 ke\u00e7idl\u0259r \u00fc\u00e7\u00fcn ideal<\/p>","protected":false},"excerpt":{"rendered":"<p>\u2022 M\u0259hsul: Fujikura Indoor\/Outdoor WTC\u2122 144 \u2013 6912F\u2022 Kateqoriya: Fiber  [&#8230;]<\/p>","protected":false},"featured_media":12507,"comment_status":"open","ping_status":"closed","template":"","meta":[],"product_brand":[],"product_cat":[203],"product_tag":[],"class_list":{"0":"post-12506","1":"product","2":"type-product","3":"status-publish","4":"has-post-thumbnail","6":"product_cat-fujikura","7":"pa_mehsul-tipi-fiber-optic-cables","9":"first","10":"instock","11":"sold-individually","12":"shipping-taxable","13":"purchasable","14":"product-type-simple"},"_links":{"self":[{"href":"https:\/\/engitech.az\/en\/wp-json\/wp\/v2\/product\/12506","targetHints":{"allow":["GET"]}}],"collection":[{"href":"https:\/\/engitech.az\/en\/wp-json\/wp\/v2\/product"}],"about":[{"href":"https:\/\/engitech.az\/en\/wp-json\/wp\/v2\/types\/product"}],"replies":[{"embeddable":true,"href":"https:\/\/engitech.az\/en\/wp-json\/wp\/v2\/comments?post=12506"}],"wp:featuredmedia":[{"embeddable":true,"href":"https:\/\/engitech.az\/en\/wp-json\/wp\/v2\/media\/12507"}],"wp:attachment":[{"href":"https:\/\/engitech.az\/en\/wp-json\/wp\/v2\/media?parent=12506"}],"wp:term":[{"taxonomy":"product_brand","embeddable":true,"href":"https:\/\/engitech.az\/en\/wp-json\/wp\/v2\/product_brand?post=12506"},{"taxonomy":"product_cat","embeddable":true,"href":"https:\/\/engitech.az\/en\/wp-json\/wp\/v2\/product_cat?post=12506"},{"taxonomy":"product_tag","embeddable":true,"href":"https:\/\/engitech.az\/en\/wp-json\/wp\/v2\/product_tag?post=12506"}],"curies":[{"name":"wp","href":"https:\/\/api.w.org\/{rel}","templated":true}]}}