{"id":12508,"date":"2026-04-13T08:39:37","date_gmt":"2026-04-13T08:39:37","guid":{"rendered":"https:\/\/engitech.az\/?post_type=product&#038;p=12508"},"modified":"2026-04-13T08:39:37","modified_gmt":"2026-04-13T08:39:37","slug":"indoor-wtc-144-6912f","status":"publish","type":"product","link":"https:\/\/engitech.az\/en\/product\/indoor-wtc-144-6912f\/","title":{"rendered":"Indoor WTC\u2122 144 \u2013 6912F"},"content":{"rendered":"<p><strong data-start=\"0\" data-end=\"13\" data-is-only-node=\"\">\u2022 M\u0259hsul:<\/strong> Fujikura Indoor WTC\u2122 144 \u2013 6912F<br data-start=\"46\" data-end=\"49\" \/><strong data-start=\"49\" data-end=\"66\">\u2022 Kateqoriya:<\/strong> Fiber optik kabel (indoor)<br data-start=\"93\" data-end=\"96\" \/><strong data-start=\"96\" data-end=\"106\">\u2022 Tip:<\/strong> Daxili istifad\u0259 \u00fc\u00e7\u00fcn kabel<br data-start=\"133\" data-end=\"136\" \/><strong data-start=\"136\" data-end=\"148\">\u2022 Tutum:<\/strong> 6912 fiber core<br data-start=\"164\" data-end=\"167\" \/><strong data-start=\"167\" data-end=\"181\">\u2022 Qurulu\u015f:<\/strong> Y\u00fcng\u00fcl v\u0259 \u00e7evik struktur<br data-start=\"206\" data-end=\"209\" \/><strong data-start=\"209\" data-end=\"222\">\u2022 Qoruma:<\/strong> Daxili m\u00fchit \u00fc\u00e7\u00fcn uy\u011fun qoruma<br data-start=\"253\" data-end=\"256\" \/><strong data-start=\"256\" data-end=\"271\">\u2022 \u0130stifad\u0259:<\/strong> Bina daxili \u015f\u0259b\u0259k\u0259 v\u0259 data m\u0259rk\u0259zl\u0259ri \u00fc\u00e7\u00fcn ideal<\/p>","protected":false},"excerpt":{"rendered":"<p>\u2022 M\u0259hsul: Fujikura Indoor WTC\u2122 144 \u2013 6912F\u2022 Kateqoriya: Fiber  [&#8230;]<\/p>","protected":false},"featured_media":12509,"comment_status":"open","ping_status":"closed","template":"","meta":[],"product_brand":[],"product_cat":[203],"product_tag":[],"class_list":{"0":"post-12508","1":"product","2":"type-product","3":"status-publish","4":"has-post-thumbnail","6":"product_cat-fujikura","7":"pa_mehsul-tipi-fiber-optic-cables","9":"first","10":"instock","11":"sold-individually","12":"shipping-taxable","13":"purchasable","14":"product-type-simple"},"_links":{"self":[{"href":"https:\/\/engitech.az\/en\/wp-json\/wp\/v2\/product\/12508","targetHints":{"allow":["GET"]}}],"collection":[{"href":"https:\/\/engitech.az\/en\/wp-json\/wp\/v2\/product"}],"about":[{"href":"https:\/\/engitech.az\/en\/wp-json\/wp\/v2\/types\/product"}],"replies":[{"embeddable":true,"href":"https:\/\/engitech.az\/en\/wp-json\/wp\/v2\/comments?post=12508"}],"wp:featuredmedia":[{"embeddable":true,"href":"https:\/\/engitech.az\/en\/wp-json\/wp\/v2\/media\/12509"}],"wp:attachment":[{"href":"https:\/\/engitech.az\/en\/wp-json\/wp\/v2\/media?parent=12508"}],"wp:term":[{"taxonomy":"product_brand","embeddable":true,"href":"https:\/\/engitech.az\/en\/wp-json\/wp\/v2\/product_brand?post=12508"},{"taxonomy":"product_cat","embeddable":true,"href":"https:\/\/engitech.az\/en\/wp-json\/wp\/v2\/product_cat?post=12508"},{"taxonomy":"product_tag","embeddable":true,"href":"https:\/\/engitech.az\/en\/wp-json\/wp\/v2\/product_tag?post=12508"}],"curies":[{"name":"wp","href":"https:\/\/api.w.org\/{rel}","templated":true}]}}