{"id":12510,"date":"2026-04-13T08:41:50","date_gmt":"2026-04-13T08:41:50","guid":{"rendered":"https:\/\/engitech.az\/?post_type=product&#038;p=12510"},"modified":"2026-04-13T08:41:50","modified_gmt":"2026-04-13T08:41:50","slug":"air-blown-wtc-48-1728f","status":"publish","type":"product","link":"https:\/\/engitech.az\/en\/product\/air-blown-wtc-48-1728f\/","title":{"rendered":"Air Blown WTC\u2122 48 \u2013 1728F"},"content":{"rendered":"<p><strong data-start=\"0\" data-end=\"13\" data-is-only-node=\"\">\u2022 M\u0259hsul:<\/strong> Fujikura Air Blown WTC\u2122 48 \u2013 1728F<br data-start=\"48\" data-end=\"51\" \/><strong data-start=\"51\" data-end=\"68\">\u2022 Kateqoriya:<\/strong> Fiber optik kabel (air blown)<br data-start=\"98\" data-end=\"101\" \/><strong data-start=\"101\" data-end=\"111\">\u2022 Tip:<\/strong> Hava il\u0259 \u00fcf\u00fcr\u00fcl\u0259n (air blown) kabel<br data-start=\"147\" data-end=\"150\" \/><strong data-start=\"150\" data-end=\"162\">\u2022 Tutum:<\/strong> 1728 fiber core<br data-start=\"178\" data-end=\"181\" \/><strong data-start=\"181\" data-end=\"195\">\u2022 Qurulu\u015f:<\/strong> Mikroborular vasit\u0259sil\u0259 qura\u015fd\u0131rma \u00fc\u00e7\u00fcn uy\u011fun<br data-start=\"241\" data-end=\"244\" \/><strong data-start=\"244\" data-end=\"257\">\u2022 Qoruma:<\/strong> N\u0259mlik v\u0259 mexaniki t\u0259sirl\u0259r\u0259 qar\u015f\u0131<br data-start=\"292\" data-end=\"295\" \/><strong data-start=\"295\" data-end=\"310\">\u2022 \u0130stifad\u0259:<\/strong> Asan v\u0259 s\u00fcr\u0259tli fiber qura\u015fd\u0131rma \u00fc\u00e7\u00fcn ideal<\/p>","protected":false},"excerpt":{"rendered":"<p>\u2022 M\u0259hsul: Fujikura Air Blown WTC\u2122 48 \u2013 1728F\u2022 Kateqoriya:  [&#8230;]<\/p>","protected":false},"featured_media":12511,"comment_status":"open","ping_status":"closed","template":"","meta":[],"product_brand":[],"product_cat":[198],"product_tag":[],"class_list":{"0":"post-12510","1":"product","2":"type-product","3":"status-publish","4":"has-post-thumbnail","6":"product_cat-edwards","7":"pa_mehsul-tipi-fiber-optic-cables","9":"first","10":"instock","11":"sold-individually","12":"shipping-taxable","13":"purchasable","14":"product-type-simple"},"_links":{"self":[{"href":"https:\/\/engitech.az\/en\/wp-json\/wp\/v2\/product\/12510","targetHints":{"allow":["GET"]}}],"collection":[{"href":"https:\/\/engitech.az\/en\/wp-json\/wp\/v2\/product"}],"about":[{"href":"https:\/\/engitech.az\/en\/wp-json\/wp\/v2\/types\/product"}],"replies":[{"embeddable":true,"href":"https:\/\/engitech.az\/en\/wp-json\/wp\/v2\/comments?post=12510"}],"wp:featuredmedia":[{"embeddable":true,"href":"https:\/\/engitech.az\/en\/wp-json\/wp\/v2\/media\/12511"}],"wp:attachment":[{"href":"https:\/\/engitech.az\/en\/wp-json\/wp\/v2\/media?parent=12510"}],"wp:term":[{"taxonomy":"product_brand","embeddable":true,"href":"https:\/\/engitech.az\/en\/wp-json\/wp\/v2\/product_brand?post=12510"},{"taxonomy":"product_cat","embeddable":true,"href":"https:\/\/engitech.az\/en\/wp-json\/wp\/v2\/product_cat?post=12510"},{"taxonomy":"product_tag","embeddable":true,"href":"https:\/\/engitech.az\/en\/wp-json\/wp\/v2\/product_tag?post=12510"}],"curies":[{"name":"wp","href":"https:\/\/api.w.org\/{rel}","templated":true}]}}