{"id":12512,"date":"2026-04-13T08:44:04","date_gmt":"2026-04-13T08:44:04","guid":{"rendered":"https:\/\/engitech.az\/?post_type=product&#038;p=12512"},"modified":"2026-04-13T08:44:04","modified_gmt":"2026-04-13T08:44:04","slug":"all-dielectric-self-supporting-wire-wtc-adss-w-wtc","status":"publish","type":"product","link":"https:\/\/engitech.az\/en\/product\/all-dielectric-self-supporting-wire-wtc-adss-w-wtc\/","title":{"rendered":"All Dielectric Self Supporting Wire WTC\u2122 (ADSS-W-WTC\u2122)"},"content":{"rendered":"<p><strong data-start=\"0\" data-end=\"13\" data-is-only-node=\"\">\u2022 M\u0259hsul:<\/strong> Fujikura ADSS-W-WTC\u2122 (All Dielectric Self Supporting)<br data-start=\"67\" data-end=\"70\" \/><strong data-start=\"70\" data-end=\"87\">\u2022 Kateqoriya:<\/strong> Fiber optik kabel (aerial)<br data-start=\"114\" data-end=\"117\" \/><strong data-start=\"117\" data-end=\"127\">\u2022 Tip:<\/strong> \u00d6z\u00fcn\u00fcda\u015f\u0131yan dielektrik kabel (ADSS)<br data-start=\"164\" data-end=\"167\" \/><strong data-start=\"167\" data-end=\"181\">\u2022 Qurulu\u015f:<\/strong> Metal olmayan, daya\u011fa ehtiyac olmadan as\u0131l\u0131r<br data-start=\"226\" data-end=\"229\" \/><strong data-start=\"229\" data-end=\"242\">\u2022 Qoruma:<\/strong> Elektrik t\u0259sirin\u0259, hava v\u0259 UV-y\u0259 davaml\u0131<br data-start=\"283\" data-end=\"286\" \/><strong data-start=\"286\" data-end=\"301\">\u2022 \u0130stifad\u0259:<\/strong> Elektrik x\u0259tl\u0259ri v\u0259 hava x\u0259tti \u00fczr\u0259 fiber \u00e7\u0259kili\u015fi \u00fc\u00e7\u00fcn ideal<\/p>","protected":false},"excerpt":{"rendered":"<p>\u2022 M\u0259hsul: Fujikura ADSS-W-WTC\u2122 (All Dielectric Self Supporting)\u2022 Kateqoriya: Fiber  [&#8230;]<\/p>","protected":false},"featured_media":12513,"comment_status":"open","ping_status":"closed","template":"","meta":[],"product_brand":[],"product_cat":[203],"product_tag":[],"class_list":{"0":"post-12512","1":"product","2":"type-product","3":"status-publish","4":"has-post-thumbnail","6":"product_cat-fujikura","7":"pa_mehsul-tipi-fiber-optic-cables","9":"first","10":"instock","11":"sold-individually","12":"shipping-taxable","13":"purchasable","14":"product-type-simple"},"_links":{"self":[{"href":"https:\/\/engitech.az\/en\/wp-json\/wp\/v2\/product\/12512","targetHints":{"allow":["GET"]}}],"collection":[{"href":"https:\/\/engitech.az\/en\/wp-json\/wp\/v2\/product"}],"about":[{"href":"https:\/\/engitech.az\/en\/wp-json\/wp\/v2\/types\/product"}],"replies":[{"embeddable":true,"href":"https:\/\/engitech.az\/en\/wp-json\/wp\/v2\/comments?post=12512"}],"wp:featuredmedia":[{"embeddable":true,"href":"https:\/\/engitech.az\/en\/wp-json\/wp\/v2\/media\/12513"}],"wp:attachment":[{"href":"https:\/\/engitech.az\/en\/wp-json\/wp\/v2\/media?parent=12512"}],"wp:term":[{"taxonomy":"product_brand","embeddable":true,"href":"https:\/\/engitech.az\/en\/wp-json\/wp\/v2\/product_brand?post=12512"},{"taxonomy":"product_cat","embeddable":true,"href":"https:\/\/engitech.az\/en\/wp-json\/wp\/v2\/product_cat?post=12512"},{"taxonomy":"product_tag","embeddable":true,"href":"https:\/\/engitech.az\/en\/wp-json\/wp\/v2\/product_tag?post=12512"}],"curies":[{"name":"wp","href":"https:\/\/api.w.org\/{rel}","templated":true}]}}