{"id":12514,"date":"2026-04-13T08:53:03","date_gmt":"2026-04-13T08:53:03","guid":{"rendered":"https:\/\/engitech.az\/?post_type=product&#038;p=12514"},"modified":"2026-04-13T08:53:04","modified_gmt":"2026-04-13T08:53:04","slug":"itu-t-g-657-a2-and-g-652-d200%c2%b5m-coating-diameter-futureguide-bis-b-200","status":"publish","type":"product","link":"https:\/\/engitech.az\/en\/product\/itu-t-g-657-a2-and-g-652-d200%c2%b5m-coating-diameter-futureguide-bis-b-200\/","title":{"rendered":"ITU-T G.657.A2 and G.652.D(+200\u00b5m Coating Diameter) FutureGuide\u2122- BIS-B-200"},"content":{"rendered":"<p><strong data-start=\"0\" data-end=\"13\" data-is-only-node=\"\">\u2022 M\u0259hsul:<\/strong> Fujikura FutureGuide\u2122- BIS-B-200<br data-start=\"46\" data-end=\"49\" \/><strong data-start=\"49\" data-end=\"66\">\u2022 Kateqoriya:<\/strong> Fiber optik lif<br data-start=\"82\" data-end=\"85\" \/><strong data-start=\"85\" data-end=\"95\">\u2022 Tip:<\/strong> ITU-T G.657.A2 v\u0259 G.652.D standartl\u0131<br data-start=\"132\" data-end=\"135\" \/><strong data-start=\"135\" data-end=\"149\">\u2022 Qurulu\u015f:<\/strong> 200 \u00b5m coating diameter (nazik \u00f6rt\u00fck)<br data-start=\"187\" data-end=\"190\" \/><strong data-start=\"190\" data-end=\"207\">\u2022 X\u00fcsusiyy\u0259t:<\/strong> Y\u00fcks\u0259k elastiklik v\u0259 az itki (bend-insensitive)<br data-start=\"255\" data-end=\"258\" \/><strong data-start=\"258\" data-end=\"273\">\u2022 Uy\u011funluq:<\/strong> M\u00fcasir v\u0259 g\u0259l\u0259c\u0259k \u015f\u0259b\u0259k\u0259 infrastrukturu \u00fc\u00e7\u00fcn<br data-start=\"318\" data-end=\"321\" \/><strong data-start=\"321\" data-end=\"336\">\u2022 \u0130stifad\u0259:<\/strong> FTTH v\u0259 y\u00fcks\u0259k s\u0131xl\u0131ql\u0131 fiber \u015f\u0259b\u0259k\u0259l\u0259r \u00fc\u00e7\u00fcn ideal<\/p>","protected":false},"excerpt":{"rendered":"<p>\u2022 M\u0259hsul: Fujikura FutureGuide\u2122- BIS-B-200\u2022 Kateqoriya: Fiber optik lif\u2022 Tip:  [&#8230;]<\/p>","protected":false},"featured_media":12520,"comment_status":"open","ping_status":"closed","template":"","meta":[],"product_brand":[],"product_cat":[203],"product_tag":[],"class_list":{"0":"post-12514","1":"product","2":"type-product","3":"status-publish","4":"has-post-thumbnail","6":"product_cat-fujikura","7":"pa_mehsul-tipi-optical-fibers","9":"first","10":"instock","11":"sold-individually","12":"shipping-taxable","13":"purchasable","14":"product-type-simple"},"_links":{"self":[{"href":"https:\/\/engitech.az\/en\/wp-json\/wp\/v2\/product\/12514","targetHints":{"allow":["GET"]}}],"collection":[{"href":"https:\/\/engitech.az\/en\/wp-json\/wp\/v2\/product"}],"about":[{"href":"https:\/\/engitech.az\/en\/wp-json\/wp\/v2\/types\/product"}],"replies":[{"embeddable":true,"href":"https:\/\/engitech.az\/en\/wp-json\/wp\/v2\/comments?post=12514"}],"wp:featuredmedia":[{"embeddable":true,"href":"https:\/\/engitech.az\/en\/wp-json\/wp\/v2\/media\/12520"}],"wp:attachment":[{"href":"https:\/\/engitech.az\/en\/wp-json\/wp\/v2\/media?parent=12514"}],"wp:term":[{"taxonomy":"product_brand","embeddable":true,"href":"https:\/\/engitech.az\/en\/wp-json\/wp\/v2\/product_brand?post=12514"},{"taxonomy":"product_cat","embeddable":true,"href":"https:\/\/engitech.az\/en\/wp-json\/wp\/v2\/product_cat?post=12514"},{"taxonomy":"product_tag","embeddable":true,"href":"https:\/\/engitech.az\/en\/wp-json\/wp\/v2\/product_tag?post=12514"}],"curies":[{"name":"wp","href":"https:\/\/api.w.org\/{rel}","templated":true}]}}