{"id":12521,"date":"2026-04-13T08:55:39","date_gmt":"2026-04-13T08:55:39","guid":{"rendered":"https:\/\/engitech.az\/?post_type=product&#038;p=12521"},"modified":"2026-04-13T08:55:39","modified_gmt":"2026-04-13T08:55:39","slug":"itu-t-g-652-d-futureguide-lwp","status":"publish","type":"product","link":"https:\/\/engitech.az\/en\/product\/itu-t-g-652-d-futureguide-lwp\/","title":{"rendered":"ITU-T G.652.D FutureGuide\u2122- LWP"},"content":{"rendered":"<p><strong data-start=\"0\" data-end=\"13\" data-is-only-node=\"\">\u2022 M\u0259hsul:<\/strong> Fujikura FutureGuide\u2122-LWP<br data-start=\"39\" data-end=\"42\" \/><strong data-start=\"42\" data-end=\"59\">\u2022 Kateqoriya:<\/strong> Fiber optik lif<br data-start=\"75\" data-end=\"78\" \/><strong data-start=\"78\" data-end=\"88\">\u2022 Tip:<\/strong> ITU-T G.652.D standartl\u0131 single-mode lif<br data-start=\"129\" data-end=\"132\" \/><strong data-start=\"132\" data-end=\"149\">\u2022 X\u00fcsusiyy\u0259t:<\/strong> Low Water Peak (LWP) \u2013 geni\u015f dal\u011fa uzunlu\u011fu istifad\u0259si<br data-start=\"204\" data-end=\"207\" \/><strong data-start=\"207\" data-end=\"221\">\u2022 Qurulu\u015f:<\/strong> A\u015fa\u011f\u0131 siqnal itkisi v\u0259 y\u00fcks\u0259k \u00f6t\u00fcrm\u0259 keyfiyy\u0259ti<br data-start=\"269\" data-end=\"272\" \/><strong data-start=\"272\" data-end=\"287\">\u2022 Uy\u011funluq:<\/strong> Metro v\u0259 uzun m\u0259saf\u0259li \u015f\u0259b\u0259k\u0259l\u0259r \u00fc\u00e7\u00fcn<br data-start=\"325\" data-end=\"328\" \/><strong data-start=\"328\" data-end=\"343\">\u2022 \u0130stifad\u0259:<\/strong> Telekom v\u0259 backbone fiber infrastrukturu \u00fc\u00e7\u00fcn ideal<\/p>","protected":false},"excerpt":{"rendered":"<p>\u2022 M\u0259hsul: Fujikura FutureGuide\u2122-LWP\u2022 Kateqoriya: Fiber optik lif\u2022 Tip: ITU-T  [&#8230;]<\/p>","protected":false},"featured_media":12522,"comment_status":"open","ping_status":"closed","template":"","meta":[],"product_brand":[],"product_cat":[203],"product_tag":[],"class_list":{"0":"post-12521","1":"product","2":"type-product","3":"status-publish","4":"has-post-thumbnail","6":"product_cat-fujikura","7":"pa_mehsul-tipi-optical-fibers","9":"first","10":"instock","11":"sold-individually","12":"shipping-taxable","13":"purchasable","14":"product-type-simple"},"_links":{"self":[{"href":"https:\/\/engitech.az\/en\/wp-json\/wp\/v2\/product\/12521","targetHints":{"allow":["GET"]}}],"collection":[{"href":"https:\/\/engitech.az\/en\/wp-json\/wp\/v2\/product"}],"about":[{"href":"https:\/\/engitech.az\/en\/wp-json\/wp\/v2\/types\/product"}],"replies":[{"embeddable":true,"href":"https:\/\/engitech.az\/en\/wp-json\/wp\/v2\/comments?post=12521"}],"wp:featuredmedia":[{"embeddable":true,"href":"https:\/\/engitech.az\/en\/wp-json\/wp\/v2\/media\/12522"}],"wp:attachment":[{"href":"https:\/\/engitech.az\/en\/wp-json\/wp\/v2\/media?parent=12521"}],"wp:term":[{"taxonomy":"product_brand","embeddable":true,"href":"https:\/\/engitech.az\/en\/wp-json\/wp\/v2\/product_brand?post=12521"},{"taxonomy":"product_cat","embeddable":true,"href":"https:\/\/engitech.az\/en\/wp-json\/wp\/v2\/product_cat?post=12521"},{"taxonomy":"product_tag","embeddable":true,"href":"https:\/\/engitech.az\/en\/wp-json\/wp\/v2\/product_tag?post=12521"}],"curies":[{"name":"wp","href":"https:\/\/api.w.org\/{rel}","templated":true}]}}