{"id":12523,"date":"2026-04-13T08:58:21","date_gmt":"2026-04-13T08:58:21","guid":{"rendered":"https:\/\/engitech.az\/?post_type=product&#038;p=12523"},"modified":"2026-04-13T08:58:21","modified_gmt":"2026-04-13T08:58:21","slug":"itu-t-g-657-a1-and-g-652-d-futureguide-sr15e","status":"publish","type":"product","link":"https:\/\/engitech.az\/en\/product\/itu-t-g-657-a1-and-g-652-d-futureguide-sr15e\/","title":{"rendered":"ITU-T G.657.A1 and G.652.D FutureGuide\u2122-SR15E"},"content":{"rendered":"<p><strong data-start=\"0\" data-end=\"13\" data-is-only-node=\"\">\u2022 M\u0259hsul:<\/strong> Fujikura FutureGuide\u2122-SR15E<br data-start=\"41\" data-end=\"44\" \/><strong data-start=\"44\" data-end=\"61\">\u2022 Kateqoriya:<\/strong> Fiber optik lif<br data-start=\"77\" data-end=\"80\" \/><strong data-start=\"80\" data-end=\"90\">\u2022 Tip:<\/strong> ITU-T G.657.A1 v\u0259 G.652.D standartl\u0131 single-mode lif<br data-start=\"143\" data-end=\"146\" \/><strong data-start=\"146\" data-end=\"163\">\u2022 X\u00fcsusiyy\u0259t:<\/strong> Y\u00fcks\u0259k bend tolerance (\u0259yilm\u0259y\u0259 davaml\u0131) v\u0259 a\u015fa\u011f\u0131 itki<br data-start=\"218\" data-end=\"221\" \/><strong data-start=\"221\" data-end=\"235\">\u2022 Qurulu\u015f:<\/strong> \u00c7\u0259tin qura\u015fd\u0131rma \u015f\u0259raitind\u0259 stabil siqnal \u00f6t\u00fcrm\u0259si<br data-start=\"286\" data-end=\"289\" \/><strong data-start=\"289\" data-end=\"304\">\u2022 Uy\u011funluq:<\/strong> FTTH v\u0259 metro \u015f\u0259b\u0259k\u0259l\u0259ri \u00fc\u00e7\u00fcn<br data-start=\"334\" data-end=\"337\" \/><strong data-start=\"337\" data-end=\"352\">\u2022 \u0130stifad\u0259:<\/strong> M\u00fcasir fiber optik \u015f\u0259b\u0259k\u0259l\u0259rd\u0259 y\u00fcks\u0259k performansl\u0131 ba\u011flant\u0131 \u00fc\u00e7\u00fcn ideal<\/p>","protected":false},"excerpt":{"rendered":"<p>\u2022 M\u0259hsul: Fujikura FutureGuide\u2122-SR15E\u2022 Kateqoriya: Fiber optik lif\u2022 Tip: ITU-T  [&#8230;]<\/p>","protected":false},"featured_media":12524,"comment_status":"open","ping_status":"closed","template":"","meta":[],"product_brand":[],"product_cat":[203],"product_tag":[],"class_list":{"0":"post-12523","1":"product","2":"type-product","3":"status-publish","4":"has-post-thumbnail","6":"product_cat-fujikura","7":"pa_mehsul-tipi-optical-fibers","9":"first","10":"instock","11":"sold-individually","12":"shipping-taxable","13":"purchasable","14":"product-type-simple"},"_links":{"self":[{"href":"https:\/\/engitech.az\/en\/wp-json\/wp\/v2\/product\/12523","targetHints":{"allow":["GET"]}}],"collection":[{"href":"https:\/\/engitech.az\/en\/wp-json\/wp\/v2\/product"}],"about":[{"href":"https:\/\/engitech.az\/en\/wp-json\/wp\/v2\/types\/product"}],"replies":[{"embeddable":true,"href":"https:\/\/engitech.az\/en\/wp-json\/wp\/v2\/comments?post=12523"}],"wp:featuredmedia":[{"embeddable":true,"href":"https:\/\/engitech.az\/en\/wp-json\/wp\/v2\/media\/12524"}],"wp:attachment":[{"href":"https:\/\/engitech.az\/en\/wp-json\/wp\/v2\/media?parent=12523"}],"wp:term":[{"taxonomy":"product_brand","embeddable":true,"href":"https:\/\/engitech.az\/en\/wp-json\/wp\/v2\/product_brand?post=12523"},{"taxonomy":"product_cat","embeddable":true,"href":"https:\/\/engitech.az\/en\/wp-json\/wp\/v2\/product_cat?post=12523"},{"taxonomy":"product_tag","embeddable":true,"href":"https:\/\/engitech.az\/en\/wp-json\/wp\/v2\/product_tag?post=12523"}],"curies":[{"name":"wp","href":"https:\/\/api.w.org\/{rel}","templated":true}]}}