{"id":12525,"date":"2026-04-13T09:00:35","date_gmt":"2026-04-13T09:00:35","guid":{"rendered":"https:\/\/engitech.az\/?post_type=product&#038;p=12525"},"modified":"2026-04-13T09:00:35","modified_gmt":"2026-04-13T09:00:35","slug":"itu-t-g-657-a2-and-g-652-d-futureguide-bis-b","status":"publish","type":"product","link":"https:\/\/engitech.az\/en\/product\/itu-t-g-657-a2-and-g-652-d-futureguide-bis-b\/","title":{"rendered":"ITU-T G.657.A2 and G.652.D FutureGuide\u2122-BIS-B"},"content":{"rendered":"<p><strong data-start=\"0\" data-end=\"13\" data-is-only-node=\"\">\u2022 M\u0259hsul:<\/strong> Fujikura FutureGuide\u2122-BIS-B<br data-start=\"41\" data-end=\"44\" \/><strong data-start=\"44\" data-end=\"61\">\u2022 Kateqoriya:<\/strong> Fiber optik lif<br data-start=\"77\" data-end=\"80\" \/><strong data-start=\"80\" data-end=\"90\">\u2022 Tip:<\/strong> ITU-T G.657.A2 v\u0259 G.652.D standartl\u0131 single-mode lif<br data-start=\"143\" data-end=\"146\" \/><strong data-start=\"146\" data-end=\"163\">\u2022 X\u00fcsusiyy\u0259t:<\/strong> Y\u00fcks\u0259k bend-insensitive (\u0259yilm\u0259y\u0259 davaml\u0131) texnologiya<br data-start=\"218\" data-end=\"221\" \/><strong data-start=\"221\" data-end=\"235\">\u2022 Qurulu\u015f:<\/strong> A\u015fa\u011f\u0131 itki v\u0259 y\u00fcks\u0259k siqnal sabitliyi<br data-start=\"273\" data-end=\"276\" \/><strong data-start=\"276\" data-end=\"291\">\u2022 Uy\u011funluq:<\/strong> FTTH v\u0259 y\u00fcks\u0259k s\u0131xl\u0131ql\u0131 \u015f\u0259b\u0259k\u0259l\u0259r<br data-start=\"325\" data-end=\"328\" \/><strong data-start=\"328\" data-end=\"343\">\u2022 \u0130stifad\u0259:<\/strong> M\u00fcasir fiber optik infrastruktur \u00fc\u00e7\u00fcn ideal<\/p>","protected":false},"excerpt":{"rendered":"<p>\u2022 M\u0259hsul: Fujikura FutureGuide\u2122-BIS-B\u2022 Kateqoriya: Fiber optik lif\u2022 Tip: ITU-T  [&#8230;]<\/p>","protected":false},"featured_media":12526,"comment_status":"open","ping_status":"closed","template":"","meta":[],"product_brand":[],"product_cat":[203],"product_tag":[],"class_list":{"0":"post-12525","1":"product","2":"type-product","3":"status-publish","4":"has-post-thumbnail","6":"product_cat-fujikura","7":"pa_mehsul-tipi-optical-fibers","9":"first","10":"instock","11":"sold-individually","12":"shipping-taxable","13":"purchasable","14":"product-type-simple"},"_links":{"self":[{"href":"https:\/\/engitech.az\/en\/wp-json\/wp\/v2\/product\/12525","targetHints":{"allow":["GET"]}}],"collection":[{"href":"https:\/\/engitech.az\/en\/wp-json\/wp\/v2\/product"}],"about":[{"href":"https:\/\/engitech.az\/en\/wp-json\/wp\/v2\/types\/product"}],"replies":[{"embeddable":true,"href":"https:\/\/engitech.az\/en\/wp-json\/wp\/v2\/comments?post=12525"}],"wp:featuredmedia":[{"embeddable":true,"href":"https:\/\/engitech.az\/en\/wp-json\/wp\/v2\/media\/12526"}],"wp:attachment":[{"href":"https:\/\/engitech.az\/en\/wp-json\/wp\/v2\/media?parent=12525"}],"wp:term":[{"taxonomy":"product_brand","embeddable":true,"href":"https:\/\/engitech.az\/en\/wp-json\/wp\/v2\/product_brand?post=12525"},{"taxonomy":"product_cat","embeddable":true,"href":"https:\/\/engitech.az\/en\/wp-json\/wp\/v2\/product_cat?post=12525"},{"taxonomy":"product_tag","embeddable":true,"href":"https:\/\/engitech.az\/en\/wp-json\/wp\/v2\/product_tag?post=12525"}],"curies":[{"name":"wp","href":"https:\/\/api.w.org\/{rel}","templated":true}]}}