{"id":12527,"date":"2026-04-13T10:46:51","date_gmt":"2026-04-13T10:46:51","guid":{"rendered":"https:\/\/engitech.az\/?post_type=product&#038;p=12527"},"modified":"2026-04-13T10:46:52","modified_gmt":"2026-04-13T10:46:52","slug":"itu-t-g-657-a1-and-g-652-d200%c2%b5m-coating-diameter-futureguide-sr15e-200","status":"publish","type":"product","link":"https:\/\/engitech.az\/en\/product\/itu-t-g-657-a1-and-g-652-d200%c2%b5m-coating-diameter-futureguide-sr15e-200\/","title":{"rendered":"ITU-T G.657.A1 and G.652.D(+200\u00b5m Coating Diameter) FutureGuide\u2122-SR15E-200"},"content":{"rendered":"<p><strong data-start=\"0\" data-end=\"13\" data-is-only-node=\"\">\u2022 M\u0259hsul:<\/strong> Fujikura FutureGuide\u2122-SR15E-200<br data-start=\"45\" data-end=\"48\" \/><strong data-start=\"48\" data-end=\"65\">\u2022 Kateqoriya:<\/strong> Fiber optik lif<br data-start=\"81\" data-end=\"84\" \/><strong data-start=\"84\" data-end=\"94\">\u2022 Tip:<\/strong> ITU-T G.657.A1 v\u0259 G.652.D standartl\u0131 single-mode lif<br data-start=\"147\" data-end=\"150\" \/><strong data-start=\"150\" data-end=\"167\">\u2022 X\u00fcsusiyy\u0259t:<\/strong> 200 \u00b5m coating diameter, y\u00fcks\u0259k bend-insensitive texnologiya<br data-start=\"228\" data-end=\"231\" \/><strong data-start=\"231\" data-end=\"245\">\u2022 Qurulu\u015f:<\/strong> Y\u00fcks\u0259k elastiklik v\u0259 a\u015fa\u011f\u0131 siqnal itkisi<br data-start=\"286\" data-end=\"289\" \/><strong data-start=\"289\" data-end=\"304\">\u2022 Uy\u011funluq:<\/strong> FTTH v\u0259 s\u0131x kabel m\u00fchitl\u0259ri<br data-start=\"332\" data-end=\"335\" \/><strong data-start=\"335\" data-end=\"350\">\u2022 \u0130stifad\u0259:<\/strong> M\u00fcasir fiber \u015f\u0259b\u0259k\u0259l\u0259r v\u0259 \u00e7\u0259tin qura\u015fd\u0131rma sah\u0259l\u0259ri \u00fc\u00e7\u00fcn ideal<\/p>","protected":false},"excerpt":{"rendered":"<p>\u2022 M\u0259hsul: Fujikura FutureGuide\u2122-SR15E-200\u2022 Kateqoriya: Fiber optik lif\u2022 Tip: ITU-T  [&#8230;]<\/p>","protected":false},"featured_media":12528,"comment_status":"open","ping_status":"closed","template":"","meta":[],"product_brand":[],"product_cat":[203],"product_tag":[],"class_list":{"0":"post-12527","1":"product","2":"type-product","3":"status-publish","4":"has-post-thumbnail","6":"product_cat-fujikura","7":"pa_mehsul-tipi-optical-fibers","9":"first","10":"instock","11":"sold-individually","12":"shipping-taxable","13":"purchasable","14":"product-type-simple"},"_links":{"self":[{"href":"https:\/\/engitech.az\/en\/wp-json\/wp\/v2\/product\/12527","targetHints":{"allow":["GET"]}}],"collection":[{"href":"https:\/\/engitech.az\/en\/wp-json\/wp\/v2\/product"}],"about":[{"href":"https:\/\/engitech.az\/en\/wp-json\/wp\/v2\/types\/product"}],"replies":[{"embeddable":true,"href":"https:\/\/engitech.az\/en\/wp-json\/wp\/v2\/comments?post=12527"}],"wp:featuredmedia":[{"embeddable":true,"href":"https:\/\/engitech.az\/en\/wp-json\/wp\/v2\/media\/12528"}],"wp:attachment":[{"href":"https:\/\/engitech.az\/en\/wp-json\/wp\/v2\/media?parent=12527"}],"wp:term":[{"taxonomy":"product_brand","embeddable":true,"href":"https:\/\/engitech.az\/en\/wp-json\/wp\/v2\/product_brand?post=12527"},{"taxonomy":"product_cat","embeddable":true,"href":"https:\/\/engitech.az\/en\/wp-json\/wp\/v2\/product_cat?post=12527"},{"taxonomy":"product_tag","embeddable":true,"href":"https:\/\/engitech.az\/en\/wp-json\/wp\/v2\/product_tag?post=12527"}],"curies":[{"name":"wp","href":"https:\/\/api.w.org\/{rel}","templated":true}]}}