{"id":12529,"date":"2026-04-13T10:49:18","date_gmt":"2026-04-13T10:49:18","guid":{"rendered":"https:\/\/engitech.az\/?post_type=product&#038;p=12529"},"modified":"2026-04-13T10:49:18","modified_gmt":"2026-04-13T10:49:18","slug":"itu-t-g-657-a1-and-g-652-d-reduced-attenuation-futureguide-ace","status":"publish","type":"product","link":"https:\/\/engitech.az\/en\/product\/itu-t-g-657-a1-and-g-652-d-reduced-attenuation-futureguide-ace\/","title":{"rendered":"ITU-T G.657.A1 and G.652.D (+ Reduced Attenuation) FutureGuide\u2122-Ace"},"content":{"rendered":"<p><strong data-start=\"0\" data-end=\"13\" data-is-only-node=\"\">\u2022 M\u0259hsul:<\/strong> Fujikura FutureGuide\u2122-Ace<br data-start=\"39\" data-end=\"42\" \/><strong data-start=\"42\" data-end=\"59\">\u2022 Kateqoriya:<\/strong> Fiber optik lif<br data-start=\"75\" data-end=\"78\" \/><strong data-start=\"78\" data-end=\"88\">\u2022 Tip:<\/strong> ITU-T G.657.A1 v\u0259 G.652.D standartl\u0131 single-mode lif<br data-start=\"141\" data-end=\"144\" \/><strong data-start=\"144\" data-end=\"161\">\u2022 X\u00fcsusiyy\u0259t:<\/strong> Reduced attenuation (a\u015fa\u011f\u0131 siqnal itkisi) v\u0259 y\u00fcks\u0259k bend tolerance<br data-start=\"228\" data-end=\"231\" \/><strong data-start=\"231\" data-end=\"245\">\u2022 Qurulu\u015f:<\/strong> Uzun m\u0259saf\u0259d\u0259 stabil v\u0259 effektiv siqnal \u00f6t\u00fcrm\u0259si<br data-start=\"294\" data-end=\"297\" \/><strong data-start=\"297\" data-end=\"312\">\u2022 Uy\u011funluq:<\/strong> FTTH v\u0259 metro\/backbone \u015f\u0259b\u0259k\u0259l\u0259r<br data-start=\"345\" data-end=\"348\" \/><strong data-start=\"348\" data-end=\"363\">\u2022 \u0130stifad\u0259:<\/strong> Y\u00fcks\u0259k performansl\u0131 fiber optik infrastrukturlar \u00fc\u00e7\u00fcn ideal<\/p>","protected":false},"excerpt":{"rendered":"<p>\u2022 M\u0259hsul: Fujikura FutureGuide\u2122-Ace\u2022 Kateqoriya: Fiber optik lif\u2022 Tip: ITU-T  [&#8230;]<\/p>","protected":false},"featured_media":12530,"comment_status":"open","ping_status":"closed","template":"","meta":[],"product_brand":[],"product_cat":[203],"product_tag":[],"class_list":{"0":"post-12529","1":"product","2":"type-product","3":"status-publish","4":"has-post-thumbnail","6":"product_cat-fujikura","7":"pa_mehsul-tipi-optical-fibers","9":"first","10":"instock","11":"sold-individually","12":"shipping-taxable","13":"purchasable","14":"product-type-simple"},"_links":{"self":[{"href":"https:\/\/engitech.az\/en\/wp-json\/wp\/v2\/product\/12529","targetHints":{"allow":["GET"]}}],"collection":[{"href":"https:\/\/engitech.az\/en\/wp-json\/wp\/v2\/product"}],"about":[{"href":"https:\/\/engitech.az\/en\/wp-json\/wp\/v2\/types\/product"}],"replies":[{"embeddable":true,"href":"https:\/\/engitech.az\/en\/wp-json\/wp\/v2\/comments?post=12529"}],"wp:featuredmedia":[{"embeddable":true,"href":"https:\/\/engitech.az\/en\/wp-json\/wp\/v2\/media\/12530"}],"wp:attachment":[{"href":"https:\/\/engitech.az\/en\/wp-json\/wp\/v2\/media?parent=12529"}],"wp:term":[{"taxonomy":"product_brand","embeddable":true,"href":"https:\/\/engitech.az\/en\/wp-json\/wp\/v2\/product_brand?post=12529"},{"taxonomy":"product_cat","embeddable":true,"href":"https:\/\/engitech.az\/en\/wp-json\/wp\/v2\/product_cat?post=12529"},{"taxonomy":"product_tag","embeddable":true,"href":"https:\/\/engitech.az\/en\/wp-json\/wp\/v2\/product_tag?post=12529"}],"curies":[{"name":"wp","href":"https:\/\/api.w.org\/{rel}","templated":true}]}}