{"id":12531,"date":"2026-04-13T10:52:38","date_gmt":"2026-04-13T10:52:38","guid":{"rendered":"https:\/\/engitech.az\/?post_type=product&#038;p=12531"},"modified":"2026-04-13T10:52:38","modified_gmt":"2026-04-13T10:52:38","slug":"itu-t-g-654-e-futureguide-hsc-125","status":"publish","type":"product","link":"https:\/\/engitech.az\/en\/product\/itu-t-g-654-e-futureguide-hsc-125\/","title":{"rendered":"ITU-T G.654.E FutureGuide\u2122- HSC-125"},"content":{"rendered":"<p><strong data-start=\"0\" data-end=\"13\" data-is-only-node=\"\">\u2022 M\u0259hsul:<\/strong> Fujikura FutureGuide\u2122-HSC-125<br data-start=\"43\" data-end=\"46\" \/><strong data-start=\"46\" data-end=\"63\">\u2022 Kateqoriya:<\/strong> Fiber optik lif<br data-start=\"79\" data-end=\"82\" \/><strong data-start=\"82\" data-end=\"92\">\u2022 Tip:<\/strong> ITU-T G.654.E uzun m\u0259saf\u0259li single-mode lif<br data-start=\"136\" data-end=\"139\" \/><strong data-start=\"139\" data-end=\"156\">\u2022 X\u00fcsusiyy\u0259t:<\/strong> A\u015fa\u011f\u0131 z\u0259ifl\u0259m\u0259 (low attenuation) v\u0259 y\u00fcks\u0259k \u00f6t\u00fcrm\u0259 qabiliyy\u0259ti<br data-start=\"218\" data-end=\"221\" \/><strong data-start=\"221\" data-end=\"235\">\u2022 Qurulu\u015f:<\/strong> Ultra uzun m\u0259saf\u0259li v\u0259 y\u00fcks\u0259k performansl\u0131 backbone \u015f\u0259b\u0259k\u0259l\u0259r \u00fc\u00e7\u00fcn<br data-start=\"302\" data-end=\"305\" \/><strong data-start=\"305\" data-end=\"320\">\u2022 Uy\u011funluq:<\/strong> Submarine v\u0259 uzun m\u0259saf\u0259li telekom \u015f\u0259b\u0259k\u0259l\u0259ri<br data-start=\"366\" data-end=\"369\" \/><strong data-start=\"369\" data-end=\"384\">\u2022 \u0130stifad\u0259:<\/strong> Maksimum m\u0259saf\u0259 v\u0259 y\u00fcks\u0259k s\u00fcr\u0259tli data \u00f6t\u00fcrm\u0259si \u00fc\u00e7\u00fcn ideal<\/p>","protected":false},"excerpt":{"rendered":"<p>\u2022 M\u0259hsul: Fujikura FutureGuide\u2122-HSC-125\u2022 Kateqoriya: Fiber optik lif\u2022 Tip: ITU-T  [&#8230;]<\/p>","protected":false},"featured_media":12532,"comment_status":"open","ping_status":"closed","template":"","meta":[],"product_brand":[],"product_cat":[203],"product_tag":[],"class_list":{"0":"post-12531","1":"product","2":"type-product","3":"status-publish","4":"has-post-thumbnail","6":"product_cat-fujikura","7":"pa_mehsul-tipi-optical-fibers","9":"first","10":"instock","11":"sold-individually","12":"shipping-taxable","13":"purchasable","14":"product-type-simple"},"_links":{"self":[{"href":"https:\/\/engitech.az\/en\/wp-json\/wp\/v2\/product\/12531","targetHints":{"allow":["GET"]}}],"collection":[{"href":"https:\/\/engitech.az\/en\/wp-json\/wp\/v2\/product"}],"about":[{"href":"https:\/\/engitech.az\/en\/wp-json\/wp\/v2\/types\/product"}],"replies":[{"embeddable":true,"href":"https:\/\/engitech.az\/en\/wp-json\/wp\/v2\/comments?post=12531"}],"wp:featuredmedia":[{"embeddable":true,"href":"https:\/\/engitech.az\/en\/wp-json\/wp\/v2\/media\/12532"}],"wp:attachment":[{"href":"https:\/\/engitech.az\/en\/wp-json\/wp\/v2\/media?parent=12531"}],"wp:term":[{"taxonomy":"product_brand","embeddable":true,"href":"https:\/\/engitech.az\/en\/wp-json\/wp\/v2\/product_brand?post=12531"},{"taxonomy":"product_cat","embeddable":true,"href":"https:\/\/engitech.az\/en\/wp-json\/wp\/v2\/product_cat?post=12531"},{"taxonomy":"product_tag","embeddable":true,"href":"https:\/\/engitech.az\/en\/wp-json\/wp\/v2\/product_tag?post=12531"}],"curies":[{"name":"wp","href":"https:\/\/api.w.org\/{rel}","templated":true}]}}