{"id":12533,"date":"2026-04-13T11:01:46","date_gmt":"2026-04-13T11:01:46","guid":{"rendered":"https:\/\/engitech.az\/?post_type=product&#038;p=12533"},"modified":"2026-04-13T11:01:46","modified_gmt":"2026-04-13T11:01:46","slug":"polarization-maintaining-fiber-series","status":"publish","type":"product","link":"https:\/\/engitech.az\/en\/product\/polarization-maintaining-fiber-series\/","title":{"rendered":"Polarization-Maintaining Fiber series"},"content":{"rendered":"<p><strong data-start=\"0\" data-end=\"13\" data-is-only-node=\"\">\u2022 M\u0259hsul:<\/strong> Fujikura Polarization-Maintaining Fiber Series<br data-start=\"60\" data-end=\"63\" \/><strong data-start=\"63\" data-end=\"80\">\u2022 Kateqoriya:<\/strong> X\u00fcsusi optik fiber (PM fiber)<br data-start=\"110\" data-end=\"113\" \/><strong data-start=\"113\" data-end=\"123\">\u2022 Tip:<\/strong> Polarizasiyan\u0131 saxlayan single-mode fiber<br data-start=\"165\" data-end=\"168\" \/><strong data-start=\"168\" data-end=\"185\">\u2022 X\u00fcsusiyy\u0259t:<\/strong> \u0130\u015f\u0131q siqnal\u0131n\u0131n polarizasiyas\u0131n\u0131 sabit saxlay\u0131r, y\u00fcks\u0259k d\u0259qiqlik<br data-start=\"250\" data-end=\"253\" \/><strong data-start=\"253\" data-end=\"267\">\u2022 Qurulu\u015f:<\/strong> A\u015fa\u011f\u0131 cross-talk v\u0259 stabil optik performans<br data-start=\"311\" data-end=\"314\" \/><strong data-start=\"314\" data-end=\"329\">\u2022 Uy\u011funluq:<\/strong> Sensor sisteml\u0259ri, lazer texnologiyalar\u0131 v\u0259 elmi t\u0259tbiql\u0259r<br data-start=\"388\" data-end=\"391\" \/><strong data-start=\"391\" data-end=\"406\">\u2022 \u0130stifad\u0259:<\/strong> Y\u00fcks\u0259k d\u0259qiqlikli optik v\u0259 \u00f6l\u00e7m\u0259 sisteml\u0259ri \u00fc\u00e7\u00fcn ideal<\/p>","protected":false},"excerpt":{"rendered":"<p>\u2022 M\u0259hsul: Fujikura Polarization-Maintaining Fiber Series\u2022 Kateqoriya: X\u00fcsusi optik fiber  [&#8230;]<\/p>","protected":false},"featured_media":12539,"comment_status":"open","ping_status":"closed","template":"","meta":[],"product_brand":[],"product_cat":[203],"product_tag":[],"class_list":{"0":"post-12533","1":"product","2":"type-product","3":"status-publish","4":"has-post-thumbnail","6":"product_cat-fujikura","7":"pa_mehsul-tipi-specialty-fibers","9":"first","10":"instock","11":"sold-individually","12":"shipping-taxable","13":"purchasable","14":"product-type-simple"},"_links":{"self":[{"href":"https:\/\/engitech.az\/en\/wp-json\/wp\/v2\/product\/12533","targetHints":{"allow":["GET"]}}],"collection":[{"href":"https:\/\/engitech.az\/en\/wp-json\/wp\/v2\/product"}],"about":[{"href":"https:\/\/engitech.az\/en\/wp-json\/wp\/v2\/types\/product"}],"replies":[{"embeddable":true,"href":"https:\/\/engitech.az\/en\/wp-json\/wp\/v2\/comments?post=12533"}],"wp:featuredmedia":[{"embeddable":true,"href":"https:\/\/engitech.az\/en\/wp-json\/wp\/v2\/media\/12539"}],"wp:attachment":[{"href":"https:\/\/engitech.az\/en\/wp-json\/wp\/v2\/media?parent=12533"}],"wp:term":[{"taxonomy":"product_brand","embeddable":true,"href":"https:\/\/engitech.az\/en\/wp-json\/wp\/v2\/product_brand?post=12533"},{"taxonomy":"product_cat","embeddable":true,"href":"https:\/\/engitech.az\/en\/wp-json\/wp\/v2\/product_cat?post=12533"},{"taxonomy":"product_tag","embeddable":true,"href":"https:\/\/engitech.az\/en\/wp-json\/wp\/v2\/product_tag?post=12533"}],"curies":[{"name":"wp","href":"https:\/\/api.w.org\/{rel}","templated":true}]}}