{"id":12540,"date":"2026-04-13T11:04:10","date_gmt":"2026-04-13T11:04:10","guid":{"rendered":"https:\/\/engitech.az\/?post_type=product&#038;p=12540"},"modified":"2026-04-13T11:04:11","modified_gmt":"2026-04-13T11:04:11","slug":"figh-series","status":"publish","type":"product","link":"https:\/\/engitech.az\/en\/product\/figh-series\/","title":{"rendered":"FIGH series"},"content":{"rendered":"<p><strong data-start=\"0\" data-end=\"13\" data-is-only-node=\"\">\u2022 M\u0259hsul:<\/strong> Fujikura FIGH Series<br data-start=\"34\" data-end=\"37\" \/><strong data-start=\"37\" data-end=\"54\">\u2022 Kateqoriya:<\/strong> X\u00fcsusi optik fiber (specialty fiber)<br data-start=\"91\" data-end=\"94\" \/><strong data-start=\"94\" data-end=\"104\">\u2022 Tip:<\/strong> High-performance optical fiber seriyas\u0131<br data-start=\"144\" data-end=\"147\" \/><strong data-start=\"147\" data-end=\"164\">\u2022 X\u00fcsusiyy\u0259t:<\/strong> A\u015fa\u011f\u0131 itki, y\u00fcks\u0259k stabil siqnal \u00f6t\u00fcrm\u0259si v\u0259 x\u00fcsusi t\u0259tbiql\u0259r\u0259 uy\u011fun dizayn<br data-start=\"240\" data-end=\"243\" \/><strong data-start=\"243\" data-end=\"257\">\u2022 Qurulu\u015f:<\/strong> S\u0259naye v\u0259 telekom sisteml\u0259ri \u00fc\u00e7\u00fcn optimalla\u015fd\u0131r\u0131lm\u0131\u015f<br data-start=\"310\" data-end=\"313\" \/><strong data-start=\"313\" data-end=\"328\">\u2022 Uy\u011funluq:<\/strong> Telekom, sensor v\u0259 qabaqc\u0131l optik sisteml\u0259r<br data-start=\"372\" data-end=\"375\" \/><strong data-start=\"375\" data-end=\"390\">\u2022 \u0130stifad\u0259:<\/strong> Y\u00fcks\u0259k d\u0259qiqlik v\u0259 etibarl\u0131 optik ba\u011flant\u0131lar \u00fc\u00e7\u00fcn ideal<\/p>","protected":false},"excerpt":{"rendered":"<p>\u2022 M\u0259hsul: Fujikura FIGH Series\u2022 Kateqoriya: X\u00fcsusi optik fiber (specialty  [&#8230;]<\/p>","protected":false},"featured_media":12541,"comment_status":"open","ping_status":"closed","template":"","meta":[],"product_brand":[],"product_cat":[203],"product_tag":[],"class_list":{"0":"post-12540","1":"product","2":"type-product","3":"status-publish","4":"has-post-thumbnail","6":"product_cat-fujikura","7":"pa_mehsul-tipi-specialty-fibers","9":"first","10":"instock","11":"sold-individually","12":"shipping-taxable","13":"purchasable","14":"product-type-simple"},"_links":{"self":[{"href":"https:\/\/engitech.az\/en\/wp-json\/wp\/v2\/product\/12540","targetHints":{"allow":["GET"]}}],"collection":[{"href":"https:\/\/engitech.az\/en\/wp-json\/wp\/v2\/product"}],"about":[{"href":"https:\/\/engitech.az\/en\/wp-json\/wp\/v2\/types\/product"}],"replies":[{"embeddable":true,"href":"https:\/\/engitech.az\/en\/wp-json\/wp\/v2\/comments?post=12540"}],"wp:featuredmedia":[{"embeddable":true,"href":"https:\/\/engitech.az\/en\/wp-json\/wp\/v2\/media\/12541"}],"wp:attachment":[{"href":"https:\/\/engitech.az\/en\/wp-json\/wp\/v2\/media?parent=12540"}],"wp:term":[{"taxonomy":"product_brand","embeddable":true,"href":"https:\/\/engitech.az\/en\/wp-json\/wp\/v2\/product_brand?post=12540"},{"taxonomy":"product_cat","embeddable":true,"href":"https:\/\/engitech.az\/en\/wp-json\/wp\/v2\/product_cat?post=12540"},{"taxonomy":"product_tag","embeddable":true,"href":"https:\/\/engitech.az\/en\/wp-json\/wp\/v2\/product_tag?post=12540"}],"curies":[{"name":"wp","href":"https:\/\/api.w.org\/{rel}","templated":true}]}}