{"id":12542,"date":"2026-04-13T11:06:16","date_gmt":"2026-04-13T11:06:16","guid":{"rendered":"https:\/\/engitech.az\/?post_type=product&#038;p=12542"},"modified":"2026-04-13T11:06:17","modified_gmt":"2026-04-13T11:06:17","slug":"large-core-fiber-series","status":"publish","type":"product","link":"https:\/\/engitech.az\/en\/product\/large-core-fiber-series\/","title":{"rendered":"Large Core Fiber series"},"content":{"rendered":"<section class=\"text-token-text-primary w-full focus:outline-none [--shadow-height:45px] has-data-writing-block:pointer-events-none has-data-writing-block:-mt-(--shadow-height) has-data-writing-block:pt-(--shadow-height) [&amp;:has([data-writing-block])&gt;*]:pointer-events-auto scroll-mt-(--header-height)\" dir=\"auto\" data-turn-id=\"2d02b8b6-9ec0-4173-b466-ef6aececde53\" data-testid=\"conversation-turn-187\" data-scroll-anchor=\"false\" data-turn=\"user\"><\/section>\n<section class=\"text-token-text-primary w-full focus:outline-none [--shadow-height:45px] has-data-writing-block:pointer-events-none has-data-writing-block:-mt-(--shadow-height) has-data-writing-block:pt-(--shadow-height) [&amp;:has([data-writing-block])&gt;*]:pointer-events-auto scroll-mt-[calc(var(--header-height)+min(200px,max(70px,20svh)))]\" dir=\"auto\" data-turn-id=\"request-69cf4c45-f204-8328-93e5-14ba9a887d7a-19\" data-testid=\"conversation-turn-188\" data-scroll-anchor=\"true\" data-turn=\"assistant\">\n<div class=\"text-base my-auto mx-auto pb-10 [--thread-content-margin:var(--thread-content-margin-xs,calc(var(--spacing)*4))] @w-sm\/main:[--thread-content-margin:var(--thread-content-margin-sm,calc(var(--spacing)*6))] @w-lg\/main:[--thread-content-margin:var(--thread-content-margin-lg,calc(var(--spacing)*16))] px-(--thread-content-margin)\">\n<div class=\"[--thread-content-max-width:40rem] @w-lg\/main:[--thread-content-max-width:48rem] mx-auto max-w-(--thread-content-max-width) flex-1 group\/turn-messages focus-visible:outline-hidden relative flex w-full min-w-0 flex-col agent-turn\">\n<div class=\"flex max-w-full flex-col gap-4 grow\">\n<div class=\"min-h-8 text-message relative flex w-full flex-col items-end gap-2 text-start break-words whitespace-normal outline-none keyboard-focused:focus-ring [.text-message+&amp;]:mt-1\" dir=\"auto\" tabindex=\"0\" data-message-author-role=\"assistant\" data-message-id=\"d388fa94-fa97-459b-bcc7-3f8fbcdfb05b\" data-message-model-slug=\"gpt-5-3-mini\" data-turn-start-message=\"true\">\n<div class=\"flex w-full flex-col gap-1 empty:hidden\">\n<div class=\"markdown prose dark:prose-invert w-full wrap-break-word dark markdown-new-styling\">\n<p data-start=\"0\" data-end=\"411\" data-is-last-node=\"\" data-is-only-node=\"\"><strong data-start=\"0\" data-end=\"13\" data-is-only-node=\"\">\u2022 M\u0259hsul:<\/strong> Fujikura Large Core Fiber Series<br data-start=\"46\" data-end=\"49\" \/><strong data-start=\"49\" data-end=\"66\">\u2022 Kateqoriya:<\/strong> X\u00fcsusi optik fiber (large core)<br data-start=\"98\" data-end=\"101\" \/><strong data-start=\"101\" data-end=\"111\">\u2022 Tip:<\/strong> B\u00f6y\u00fck n\u00fcv\u0259li (core) optik lifl\u0259r<br data-start=\"144\" data-end=\"147\" \/><strong data-start=\"147\" data-end=\"164\">\u2022 X\u00fcsusiyy\u0259t:<\/strong> Y\u00fcks\u0259k i\u015f\u0131q \u00f6t\u00fcrm\u0259 qabiliyy\u0259ti v\u0259 daha az itki<br data-start=\"211\" data-end=\"214\" \/><strong data-start=\"214\" data-end=\"228\">\u2022 Qurulu\u015f:<\/strong> G\u00fccl\u00fc siqnal \u00f6t\u00fcrm\u0259si \u00fc\u00e7\u00fcn geni\u015f core diametri<br data-start=\"275\" data-end=\"278\" \/><strong data-start=\"278\" data-end=\"293\">\u2022 Uy\u011funluq:<\/strong> Sensorlar, s\u0259naye v\u0259 g\u00fcc optik t\u0259tbiql\u0259r<br data-start=\"334\" data-end=\"337\" \/><strong data-start=\"337\" data-end=\"352\">\u2022 \u0130stifad\u0259:<\/strong> Y\u00fcks\u0259k i\u015f\u0131q g\u00fcc\u00fc t\u0259l\u0259b ed\u0259n x\u00fcsusi sisteml\u0259r \u00fc\u00e7\u00fcn ideal<\/p>\n<\/div>\n<\/div>\n<\/div>\n<\/div>\n<\/div>\n<\/div>\n<\/section>","protected":false},"excerpt":{"rendered":"<p>\u2022 M\u0259hsul: Fujikura Large Core Fiber Series\u2022 Kateqoriya: X\u00fcsusi optik  [&#8230;]<\/p>","protected":false},"featured_media":12543,"comment_status":"open","ping_status":"closed","template":"","meta":[],"product_brand":[],"product_cat":[203],"product_tag":[],"class_list":{"0":"post-12542","1":"product","2":"type-product","3":"status-publish","4":"has-post-thumbnail","6":"product_cat-fujikura","7":"pa_mehsul-tipi-specialty-fibers","9":"first","10":"instock","11":"sold-individually","12":"shipping-taxable","13":"purchasable","14":"product-type-simple"},"_links":{"self":[{"href":"https:\/\/engitech.az\/en\/wp-json\/wp\/v2\/product\/12542","targetHints":{"allow":["GET"]}}],"collection":[{"href":"https:\/\/engitech.az\/en\/wp-json\/wp\/v2\/product"}],"about":[{"href":"https:\/\/engitech.az\/en\/wp-json\/wp\/v2\/types\/product"}],"replies":[{"embeddable":true,"href":"https:\/\/engitech.az\/en\/wp-json\/wp\/v2\/comments?post=12542"}],"wp:featuredmedia":[{"embeddable":true,"href":"https:\/\/engitech.az\/en\/wp-json\/wp\/v2\/media\/12543"}],"wp:attachment":[{"href":"https:\/\/engitech.az\/en\/wp-json\/wp\/v2\/media?parent=12542"}],"wp:term":[{"taxonomy":"product_brand","embeddable":true,"href":"https:\/\/engitech.az\/en\/wp-json\/wp\/v2\/product_brand?post=12542"},{"taxonomy":"product_cat","embeddable":true,"href":"https:\/\/engitech.az\/en\/wp-json\/wp\/v2\/product_cat?post=12542"},{"taxonomy":"product_tag","embeddable":true,"href":"https:\/\/engitech.az\/en\/wp-json\/wp\/v2\/product_tag?post=12542"}],"curies":[{"name":"wp","href":"https:\/\/api.w.org\/{rel}","templated":true}]}}