{"id":12544,"date":"2026-04-13T11:40:35","date_gmt":"2026-04-13T11:40:35","guid":{"rendered":"https:\/\/engitech.az\/?post_type=product&#038;p=12544"},"modified":"2026-04-13T11:47:18","modified_gmt":"2026-04-13T11:47:18","slug":"specialty-single-mode-fiber","status":"publish","type":"product","link":"https:\/\/engitech.az\/en\/product\/specialty-single-mode-fiber\/","title":{"rendered":"Specialty Single-Mode Fiber"},"content":{"rendered":"<p><strong data-start=\"0\" data-end=\"13\" data-is-only-node=\"\">\u2022 M\u0259hsul:<\/strong> Fujikura Specialty Single-Mode Fiber<br data-start=\"50\" data-end=\"53\" \/><strong data-start=\"53\" data-end=\"70\">\u2022 Kateqoriya:<\/strong> X\u00fcsusi t\u0259yinatl\u0131 optik fiber<br data-start=\"99\" data-end=\"102\" \/><strong data-start=\"102\" data-end=\"112\">\u2022 Tip:<\/strong> Single-mode fiber (spesial dizaynl\u0131)<br data-start=\"149\" data-end=\"152\" \/><strong data-start=\"152\" data-end=\"169\">\u2022 X\u00fcsusiyy\u0259t:<\/strong> A\u015fa\u011f\u0131 itki, y\u00fcks\u0259k sabitlik v\u0259 x\u00fcsusi t\u0259tbiql\u0259r\u0259 uy\u011fun optimizasiya<br data-start=\"237\" data-end=\"240\" \/><strong data-start=\"240\" data-end=\"254\">\u2022 Qurulu\u015f:<\/strong> Standart telekom lifind\u0259n f\u0259rqli olaraq x\u00fcsusi parametrl\u0259rl\u0259 haz\u0131rlan\u0131r<br data-start=\"326\" data-end=\"329\" \/><strong data-start=\"329\" data-end=\"344\">\u2022 Uy\u011funluq:<\/strong> Telekom, s\u0259naye v\u0259 elmi optik sisteml\u0259r<br data-start=\"384\" data-end=\"387\" \/><strong data-start=\"387\" data-end=\"402\">\u2022 \u0130stifad\u0259:<\/strong> Y\u00fcks\u0259k performans v\u0259 x\u00fcsusi \u015f\u0259rtli optik ba\u011flant\u0131lar \u00fc\u00e7\u00fcn ideal<\/p>","protected":false},"excerpt":{"rendered":"<p>\u2022 M\u0259hsul: Fujikura Specialty Single-Mode Fiber\u2022 Kateqoriya: X\u00fcsusi t\u0259yinatl\u0131 optik  [&#8230;]<\/p>","protected":false},"featured_media":12545,"comment_status":"open","ping_status":"closed","template":"","meta":[],"product_brand":[],"product_cat":[203],"product_tag":[],"class_list":{"0":"post-12544","1":"product","2":"type-product","3":"status-publish","4":"has-post-thumbnail","6":"product_cat-fujikura","7":"pa_mehsul-tipi-specialty-fibers","9":"first","10":"instock","11":"sold-individually","12":"shipping-taxable","13":"purchasable","14":"product-type-simple"},"_links":{"self":[{"href":"https:\/\/engitech.az\/en\/wp-json\/wp\/v2\/product\/12544","targetHints":{"allow":["GET"]}}],"collection":[{"href":"https:\/\/engitech.az\/en\/wp-json\/wp\/v2\/product"}],"about":[{"href":"https:\/\/engitech.az\/en\/wp-json\/wp\/v2\/types\/product"}],"replies":[{"embeddable":true,"href":"https:\/\/engitech.az\/en\/wp-json\/wp\/v2\/comments?post=12544"}],"wp:featuredmedia":[{"embeddable":true,"href":"https:\/\/engitech.az\/en\/wp-json\/wp\/v2\/media\/12545"}],"wp:attachment":[{"href":"https:\/\/engitech.az\/en\/wp-json\/wp\/v2\/media?parent=12544"}],"wp:term":[{"taxonomy":"product_brand","embeddable":true,"href":"https:\/\/engitech.az\/en\/wp-json\/wp\/v2\/product_brand?post=12544"},{"taxonomy":"product_cat","embeddable":true,"href":"https:\/\/engitech.az\/en\/wp-json\/wp\/v2\/product_cat?post=12544"},{"taxonomy":"product_tag","embeddable":true,"href":"https:\/\/engitech.az\/en\/wp-json\/wp\/v2\/product_tag?post=12544"}],"curies":[{"name":"wp","href":"https:\/\/api.w.org\/{rel}","templated":true}]}}